{"id":801,"date":"2012-02-14T12:14:31","date_gmt":"2012-02-14T12:14:31","guid":{"rendered":"https:\/\/blogs.ua.es\/redesitis\/?page_id=801"},"modified":"2012-02-14T12:17:23","modified_gmt":"2012-02-14T12:17:23","slug":"practicas-redes-9359-itis-plan-2001-a-extinguir","status":"publish","type":"page","link":"https:\/\/blogs.ua.es\/redesitis\/programa\/practicas-redes-9359-itis-plan-2001-a-extinguir\/","title":{"rendered":"Pr\u00e1cticas -ITIS (a extinguir)"},"content":{"rendered":"<p style=\"text-align: justify\">Las pr\u00e1cticas constan de 12 sesiones distribuidas en 4 pr\u00e1cticas de 3 sesiones de 3 horas cada una. La evaluaci\u00f3n de las pr\u00e1cticas (40% de la nota global) se realiza mediante un cuestionario de preguntas de test y ejercicios pr\u00e1cticos a trav\u00e9s de un formulario web desarrollado con la herramienta quiz en la plataforma educacional LCMS <a href=\"https:\/\/moodle.ua.es\/moodle\/course\/index.php\">Moodle-UA<\/a>.\u00a0Cada pr\u00e1ctica consta de una guia interactiva\u00a0en formato web, introducida en Moodle-UA como paquetes <a href=\"http:\/\/docs.moodle.org\/es\/SCORM\">SCORM<\/a> creados a trav\u00e9s de la herramienta <a href=\"https:\/\/blogs.ua.es\/pgil\/\">WimbaCreate<\/a>. Estos materiales s\u00f3lo est\u00e1n disponibles para los alumnos matriculados en la asignatura a trav\u00e9s del <a href=\"https:\/\/cv1.cpd.ua.es\/webcv\/default.asp?p1=C\">campus virtual <\/a>propio de la Universidad de Alicante.<\/p>\n<p style=\"text-align: justify\">Los contenidos son:<\/p>\n<ul style=\"text-align: justify\">\n<li>\n<div>PR\u00c1CTICA 1: Introducci\u00f3n a Redes y a TCP\/IP sobre tecnolog\u00eda Ethernet<\/div>\n<\/li>\n<li>\n<div>PR\u00c1CTICA 2: Protocolo de mensajes de control de Internet (ICMP)<\/div>\n<\/li>\n<li>PR\u00c1CTICA 3: Protocolos de nivel de transporte en TCP\/IP<\/li>\n<li>PR\u00c1CTICA 4: Encaminamiento de paquetes con IP<\/li>\n<\/ul>\n<p style=\"text-align: justify\">Las <a href=\"http:\/\/hdl.handle.net\/10045\/15588\">gu\u00edas docentes en formato pdf <\/a>(en lugar de en formato SCORM) se encuentran disponibles a trav\u00e9s del Repositorio Institucional de la Universidad de Alicante. Tambi\u00e9n se pueden encontrar\u00a0 las\u00a0<a href=\"http:\/\/hdl.handle.net\/10045\/15587\">transparencias<\/a> empleadas por el profesor para comentar al alumno los aspectos fundamentales de las cuatro pr\u00e1cticas.<\/p>\n<p><a href=\"http:\/\/rua.ua.es\/dspace\/handle\/10045\/11252\/items-by-author?author=Gil+V%C3%A1zquez%2C+Pablo\"><img loading=\"lazy\" decoding=\"async\" src=\"https:\/\/blogs.ua.es\/redesitis\/files\/2011\/03\/LogoRUAdocencia.gif\" alt=\"\" width=\"150\" height=\"47\" \/><\/a><\/p>\n","protected":false},"excerpt":{"rendered":"<p>Las pr\u00e1cticas constan de 12 sesiones distribuidas en 4 pr\u00e1cticas de 3 sesiones de 3 horas cada una. La evaluaci\u00f3n de las pr\u00e1cticas (40% de la nota global) se realiza mediante un cuestionario de preguntas de test y ejercicios pr\u00e1cticos a trav\u00e9s de un formulario web desarrollado con la herramienta quiz en la plataforma educacional [&hellip;]<\/p>\n","protected":false},"author":1686,"featured_media":0,"parent":4,"menu_order":1,"comment_status":"closed","ping_status":"open","template":"","meta":{"footnotes":""},"class_list":["post-801","page","type-page","status-publish","hentry"],"_links":{"self":[{"href":"https:\/\/blogs.ua.es\/redesitis\/wp-json\/wp\/v2\/pages\/801","targetHints":{"allow":["GET"]}}],"collection":[{"href":"https:\/\/blogs.ua.es\/redesitis\/wp-json\/wp\/v2\/pages"}],"about":[{"href":"https:\/\/blogs.ua.es\/redesitis\/wp-json\/wp\/v2\/types\/page"}],"author":[{"embeddable":true,"href":"https:\/\/blogs.ua.es\/redesitis\/wp-json\/wp\/v2\/users\/1686"}],"replies":[{"embeddable":true,"href":"https:\/\/blogs.ua.es\/redesitis\/wp-json\/wp\/v2\/comments?post=801"}],"version-history":[{"count":8,"href":"https:\/\/blogs.ua.es\/redesitis\/wp-json\/wp\/v2\/pages\/801\/revisions"}],"predecessor-version":[{"id":813,"href":"https:\/\/blogs.ua.es\/redesitis\/wp-json\/wp\/v2\/pages\/801\/revisions\/813"}],"up":[{"embeddable":true,"href":"https:\/\/blogs.ua.es\/redesitis\/wp-json\/wp\/v2\/pages\/4"}],"wp:attachment":[{"href":"https:\/\/blogs.ua.es\/redesitis\/wp-json\/wp\/v2\/media?parent=801"}],"curies":[{"name":"wp","href":"https:\/\/api.w.org\/{rel}","templated":true}]}}