{"id":816,"date":"2012-02-14T12:26:43","date_gmt":"2012-02-14T12:26:43","guid":{"rendered":"https:\/\/blogs.ua.es\/redesitis\/?page_id=816"},"modified":"2012-02-14T12:27:36","modified_gmt":"2012-02-14T12:27:36","slug":"teoria-itis-a-extinguir","status":"publish","type":"page","link":"https:\/\/blogs.ua.es\/redesitis\/programa\/teoria-itis-a-extinguir\/","title":{"rendered":"Teor\u00eda -ITIS (a extinguir)"},"content":{"rendered":"<p style=\"text-align: justify\"><strong>CAP\u00cdTULO 1. INTRODUCCI\u00d3N A LAS REDES DE COMPUTADORES<\/strong><br \/>\n1.1.\u00a0Definici\u00f3n y conceptos<br \/>\n1.1.1.\u00a0Modelo de comunicaciones<br \/>\n1.1.2.\u00a0Tareas de un sistema de comunicaciones<br \/>\n1.1.3.\u00a0Objetivos de las redes<br \/>\n1.2.\u00a0 Tipos de redes y topolog\u00edas<br \/>\n1.2.1.\u00a0Clasificaci\u00f3n seg\u00fan topolog\u00eda f\u00edsica<br \/>\n1.2.2.\u00a0Clasificaci\u00f3n seg\u00fan escala geogr\u00e1fica<br \/>\n1.2.3. \u00a0Clasificaci\u00f3n seg\u00fan la forma de establecer la comunicaci\u00f3n<br \/>\n1.3.\u00a0Arquitectura de red<br \/>\n1.3.1.\u00a0Modelo de referencia OSI\/ISO<br \/>\n1.3.2.\u00a0Modelo de referencia TCP\/IP<\/p>\n<p style=\"text-align: justify\"><strong>CAP\u00cdTULO 2. TRANSMISI\u00d3N DE SE\u00d1ALES<br \/>\n<\/strong>2.1.\u00a0Introducci\u00f3n. Funciones de la capa f\u00edsica<br \/>\n2.2.\u00a0Fundamentos de la transmisi\u00f3n de datos<br \/>\n2.2.1.\u00a0Tipos de se\u00f1ales y par\u00e1metros de una se\u00f1al<br \/>\n2.2.2.\u00a0Desarrollo en serie de Fourier.<br \/>\n2.2.3.\u00a0Espectro de potencias<br \/>\n2.2.4.\u00a0Ancho de banda<br \/>\n2.2.5.\u00a0Ganancia<br \/>\n2.2.6.\u00a0Prestaciones del medio f\u00edsico<br \/>\n2.3.\u00a0Perturbaciones en la transmisi\u00f3n<br \/>\n2.4.\u00a0Velocidades m\u00e1ximas de env\u00edo de datos<br \/>\n2.4.1.\u00a0Teorema de muestreo<br \/>\n2.4.2.\u00a0Velocidad m\u00e1xima seg\u00fan el teorema de muestreo<br \/>\n2.4.3.\u00a0Velocidad m\u00e1xima seg\u00fan la relaci\u00f3n se\u00f1al\/ruido<br \/>\n2.5.\u00a0Filtrado de se\u00f1ales<br \/>\n2.6.\u00a0Transmisi\u00f3n anal\u00f3gica y digital. Definici\u00f3n y conceptos b\u00e1sicos<br \/>\n2.7.\u00a0Modos de transmisi\u00f3n<\/p>\n<p style=\"text-align: justify\"><strong>CAP\u00cdTULO 3. CODIFICACI\u00d3N DE LA INFORMACI\u00d3N<br \/>\n<\/strong>3.1. Se\u00f1ales y tipos de se\u00f1alizaci\u00f3n<br \/>\n3.1.1.\u00a0Tipos de datos y de se\u00f1ales<br \/>\n3.1.2.\u00a0Tipos de se\u00f1alizaci\u00f3n en transmisiones digitales<br \/>\n3.2. Codificaci\u00f3n Banda Base<br \/>\n3.2.1.\u00a0Codificaci\u00f3n binaria<br \/>\n3.2.2.\u00a0Codificaci\u00f3n Manchester<br \/>\n3.2.3.\u00a0Codificaci\u00f3n Manchester diferencial<br \/>\n3.2.4.\u00a0Codificaci\u00f3n mBnL<br \/>\n3.2.5.\u00a0Otras codificaciones<br \/>\n3.3. Codificaci\u00f3n Banda Modulada<br \/>\n3.3.1.\u00a0Modulaci\u00f3n anal\u00f3gica<br \/>\n3.3.2. \u00a0Modulaci\u00f3n digital<br \/>\n3.4. Multiplexaci\u00f3n<br \/>\n3.3.1.\u00a0Multiplexaci\u00f3n por divisi\u00f3n en frecuencias<br \/>\n3.3.2.\u00a0Multiplexaci\u00f3n por divisi\u00f3n en tiempos<\/p>\n<p style=\"text-align: justify\"><strong>CAP\u00cdTULO 4. MEDIOS DE TRANSMISI\u00d3N<br \/>\n<\/strong>4.1. Introducci\u00f3n<br \/>\n4.2. Medios Guiados<br \/>\n4.2.1.\u00a0Par trenzado<br \/>\n4.2.2.\u00a0Cable coaxial<br \/>\n4.2.3.\u00a0Fibra \u00f3ptica<br \/>\n4.3. Medios no guiados<br \/>\n4.3.1.\u00a0Ondas de radio<br \/>\n4.3.2. \u00a0Microondas<br \/>\n4.3.3.\u00a0Infrarrojos<\/p>\n<p style=\"text-align: justify\"><strong>CAP\u00cdTULO 5. DISE\u00d1O DEL NIVEL DE ENLACE Y CONTROL DE ERRORES<br \/>\n<\/strong>5.1.\u00a0 Servicios del nivel de enlace<br \/>\n5.2.\u00a0Funciones del nivel de enlace<br \/>\n5.3.\u00a0Iniciaci\u00f3n y terminaci\u00f3n de la comunicaci\u00f3n<br \/>\n5.4.\u00a0Delimitaci\u00f3n de tramas<br \/>\n5.4.1.\u00a0Delimitaci\u00f3n temporal<br \/>\n5.4.2.\u00a0Delimitaci\u00f3n por n\u00famero de caracteres<br \/>\n5.4.3.\u00a0Delimitaci\u00f3n por caracteres especiales<br \/>\n5.4.4.\u00a0Delimitaci\u00f3n por bits especiales<br \/>\n5.4.5.\u00a0Delimitaci\u00f3n por c\u00f3digos de l\u00ednea especiales<br \/>\n5.5.\u00a0Direccionamiento de tramas<br \/>\n5.6.\u00a0Detecci\u00f3n y correcci\u00f3n de errores en tramas<br \/>\n5.6.1.\u00a0Comprobaci\u00f3n de paridad<br \/>\n5.6.2.\u00a0Comprobaci\u00f3n de redundancia c\u00edclica (CRC)<br \/>\n5.6.3.\u00a0Correcci\u00f3n de errores empleando c\u00f3digos de bloque<br \/>\n5.6.4.\u00a0Los c\u00f3digos Reed-Solomon<br \/>\n5.7.\u00a0Medici\u00f3n de la tasa de errores<\/p>\n<p style=\"text-align: justify\"><strong>CAP\u00cdTULO 6. CONTROL DE FLUJO EN EL NIVEL DE ENLACE<br \/>\n<\/strong>6.1.\u00a0Introducci\u00f3n<br \/>\n6.2.\u00a0Protocolo de parada y espera<br \/>\n6.2.1.\u00a0Parada y espera en ausencia de errores<br \/>\n6.2.2.\u00a0Parada y espera considerando que se producen errores<br \/>\n6.2.3.\u00a0Parada y espera con confirmaciones negativas<br \/>\n6.2.4.\u00a0Protocolo bilateral de parada y espera<br \/>\n6.2.5.\u00a0An\u00e1lisis de las prestaciones del protocolo de parada y espera<br \/>\n6.3.\u00a0Protocolo de ventana deslizante<br \/>\n6.3.1.\u00a0Caracter\u00edsticas del protocolo de ventana deslizante<br \/>\n6.3.2.\u00a0An\u00e1lisis de las prestaciones del protocolo de ventana deslizante<\/p>\n<p style=\"text-align: justify\"><strong>CAP\u00cdTULO 7. PROTOCOLOS ESTANDARIZADOS DEL NIVEL DE ENLACE<\/strong><br \/>\n7.1.T\u00e9cnicas de compartici\u00f3n del medio<br \/>\n7.1.1.\u00a0T\u00e9cnicas de contienda<br \/>\n7.1.2.\u00a0Selecci\u00f3n distribuida<br \/>\n7.2.T\u00e9cnicas de control del enlace: Protocolo HDLC<br \/>\n7.2.1.\u00a0Tipos de estaciones y enlaces<br \/>\n7.2.2.\u00a0Modos de funcionamiento<br \/>\n7.2.3.\u00a0Estructura de la trama<br \/>\n7.2.4.\u00a0Tipos de tramas<br \/>\n7.2.5.\u00a0Repertorio b\u00e1sico de instrucciones<br \/>\n7.2.6.\u00a0Control del enlace en Modo Normal No Balanceado<br \/>\n7.2.7.\u00a0Control del enlace en Modo As\u00edncrono No Balanceado<br \/>\n7.2.8.\u00a0Control del enlace en Modo As\u00edncrono Balanceado<br \/>\n7.2.9.\u00a0Configuraci\u00f3n del medio de transmisi\u00f3n y transferencia de datos<br \/>\n7.2.10.\u00a0Transferencia de datos con rechazo<br \/>\n7.3.Protocolo PPP<br \/>\n7.3.1.\u00a0Estructura de la trama<br \/>\n7.3.2.\u00a0Tipos de tramas<br \/>\n7.3.3.\u00a0Funcionamiento de PPP<\/p>\n<p style=\"text-align: justify\"><strong>CAP\u00cdTULO 8. DISE\u00d1O DEL NIVEL DE RED<br \/>\n<\/strong>8.1.\u00a0Nivel de red<br \/>\n8.2.\u00a0Servicios de la capa de red<br \/>\n8.3.\u00a0M\u00e9todos de conmutaci\u00f3n<br \/>\n8.4.\u00a0Algoritmos de encaminamiento<br \/>\n8.4.1.\u00a0Encaminamiento fijo o est\u00e1tico<br \/>\n8.4.2.\u00a0Encaminamiento por inundaci\u00f3n<br \/>\n8.4.3.\u00a0Encaminamiento adaptativo o din\u00e1mico<\/p>\n<p style=\"text-align: justify\"><strong>CAP\u00cdTULO 9. ENCAMINAMIENTO DEL NIVEL DE RED<br \/>\n<\/strong>9.1.\u00a0Introducci\u00f3n<br \/>\n9.2.\u00a0Tipos de protocolos de encaminamiento<br \/>\n9.3.\u00a0Algoritmos de c\u00e1lculo de ruta<br \/>\n9.3.1.\u00a0Algoritmo de Dijkstra<br \/>\n9.3.2.\u00a0Algoritmo de Bellman-Ford<br \/>\n9.4.\u00a0Protocolo OSPF<br \/>\n9.4.1.\u00a0Acciones OSPF para construir encaminamiento<br \/>\n9.4.2.\u00a0OSPF encaminando a trav\u00e9s de m\u00faltiples \u00e1reas<br \/>\n9.4.3.\u00a0Tipos de paquetes OSPF<br \/>\n9.5.\u00a0Protocolo RIP<br \/>\n9.5.1.\u00a0Caracter\u00edsticas de RIP<br \/>\n9.5.2.\u00a0Acciones RIP para construir encaminamiento<br \/>\n9.6.\u00a0Protocolos EGP: BGP<\/p>\n<p style=\"text-align: justify\"><strong><a href=\"http:\/\/rua.ua.es\/dspace\/handle\/10045\/15586\"><img loading=\"lazy\" decoding=\"async\" src=\"https:\/\/blogs.ua.es\/redesitis\/files\/2010\/06\/bs_1052_copy2-150x99.jpg\" alt=\"\" width=\"150\" height=\"99\" \/><\/a><strong>\u00a0<\/strong><\/strong><\/p>\n<p style=\"text-align: justify\"><strong><strong>NOTA: Las transparencias del programa completo de la asignatura desglosado por cap\u00edtulos es de acceso libre en el siguiente enlace web disponible en el Respositorio de la Universidad de Alicante (RUA). Pincha en la imagen para acceder.<\/strong><\/strong><\/p>\n<p style=\"text-align: justify\"><strong>\u00a0<\/strong><\/p>\n","protected":false},"excerpt":{"rendered":"<p>CAP\u00cdTULO 1. INTRODUCCI\u00d3N A LAS REDES DE COMPUTADORES 1.1.\u00a0Definici\u00f3n y conceptos 1.1.1.\u00a0Modelo de comunicaciones 1.1.2.\u00a0Tareas de un sistema de comunicaciones 1.1.3.\u00a0Objetivos de las redes 1.2.\u00a0 Tipos de redes y topolog\u00edas 1.2.1.\u00a0Clasificaci\u00f3n seg\u00fan topolog\u00eda f\u00edsica 1.2.2.\u00a0Clasificaci\u00f3n seg\u00fan escala geogr\u00e1fica 1.2.3. \u00a0Clasificaci\u00f3n seg\u00fan la forma de establecer la comunicaci\u00f3n 1.3.\u00a0Arquitectura de red 1.3.1.\u00a0Modelo de referencia OSI\/ISO 1.3.2.\u00a0Modelo [&hellip;]<\/p>\n","protected":false},"author":1686,"featured_media":0,"parent":4,"menu_order":0,"comment_status":"open","ping_status":"open","template":"","meta":{"footnotes":""},"class_list":["post-816","page","type-page","status-publish","hentry"],"_links":{"self":[{"href":"https:\/\/blogs.ua.es\/redesitis\/wp-json\/wp\/v2\/pages\/816","targetHints":{"allow":["GET"]}}],"collection":[{"href":"https:\/\/blogs.ua.es\/redesitis\/wp-json\/wp\/v2\/pages"}],"about":[{"href":"https:\/\/blogs.ua.es\/redesitis\/wp-json\/wp\/v2\/types\/page"}],"author":[{"embeddable":true,"href":"https:\/\/blogs.ua.es\/redesitis\/wp-json\/wp\/v2\/users\/1686"}],"replies":[{"embeddable":true,"href":"https:\/\/blogs.ua.es\/redesitis\/wp-json\/wp\/v2\/comments?post=816"}],"version-history":[{"count":4,"href":"https:\/\/blogs.ua.es\/redesitis\/wp-json\/wp\/v2\/pages\/816\/revisions"}],"predecessor-version":[{"id":821,"href":"https:\/\/blogs.ua.es\/redesitis\/wp-json\/wp\/v2\/pages\/816\/revisions\/821"}],"up":[{"embeddable":true,"href":"https:\/\/blogs.ua.es\/redesitis\/wp-json\/wp\/v2\/pages\/4"}],"wp:attachment":[{"href":"https:\/\/blogs.ua.es\/redesitis\/wp-json\/wp\/v2\/media?parent=816"}],"curies":[{"name":"wp","href":"https:\/\/api.w.org\/{rel}","templated":true}]}}