{"id":822,"date":"2012-02-14T12:28:59","date_gmt":"2012-02-14T12:28:59","guid":{"rendered":"https:\/\/blogs.ua.es\/redesitis\/?page_id=822"},"modified":"2012-02-14T12:28:59","modified_gmt":"2012-02-14T12:28:59","slug":"objetivos-itis-a-extinguir","status":"publish","type":"page","link":"https:\/\/blogs.ua.es\/redesitis\/objetivos\/objetivos-itis-a-extinguir\/","title":{"rendered":"Objetivos -ITIS (a extinguir)"},"content":{"rendered":"<p>Los objetivos espec\u00edficos organizados por cap\u00edtulos son:<\/p>\n<p><strong>CAP\u00cdTULO 1. <\/strong><\/p>\n<p>&#8211;\u00a0Explicar los elementos y procesos que intervienen en una comunicaci\u00f3n entre dispositivos<br \/>\n&#8211;\u00a0Describir las ventajas que ofrece una red de dispositivos<br \/>\n&#8211;\u00a0Clasificar redes de dispositivos en funci\u00f3n de su forma geom\u00e9trica, modo de conexi\u00f3n, \u00e1rea geogr\u00e1fica que ocupan, \u00e1mbito de empleo y gesti\u00f3n o forma de establecer la comunicaci\u00f3n<br \/>\n&#8211;\u00a0Describir el concepto de arquitectura de red y la comunicaci\u00f3n entre los elementos que lo constituyen<br \/>\n&#8211;\u00a0Presentar dos modelos de arquitectura de red y discutir sus diferencias: OSI\/ISO \u2013 TCP\/IP<\/p>\n<p><strong>CAP\u00cdTULO 2. <\/strong><\/p>\n<p>&#8211;\u00a0Comentar las funciones b\u00e1sicas de la capa f\u00edsica de una arquitectura de red<br \/>\n&#8211;\u00a0Mostrar los elementos b\u00e1sicos, desde un punto de vista la capa f\u00edsica,\u00a0 intervienen en una comunicaci\u00f3n<br \/>\n&#8211;\u00a0Clasificar las se\u00f1ales atendiendo a su naturaleza<br \/>\n&#8211;\u00a0Mostrar el modelado de se\u00f1ales que representan datos digitales mediante desarrollo en serie de Fourier<br \/>\n&#8211;\u00a0Exponer la definici\u00f3n de conceptos b\u00e1sicos como ancho de banda, ruido, ganancia, filtrado o velocidad.<br \/>\n&#8211;\u00a0Definir los par\u00e1metros b\u00e1sicos que determinan las prestaciones de un medio f\u00edsico<br \/>\n&#8211;\u00a0Explicar los modos de transmisi\u00f3n en un medio f\u00edsico.<\/p>\n<p><strong>CAP\u00cdTULO 3. <\/strong><\/p>\n<p>-Describir la naturaleza de los tipos de datos que se pueden transportar en un mensaje y de las se\u00f1ales que se emplean para transmitirlos<br \/>\n&#8211;\u00a0Comentar los mecanismos para construir las se\u00f1ales que transportan datos dependiendo de la naturaleza de los datos y del medio por el cual se van a transmitir<br \/>\n&#8211;\u00a0Mostrar ejemplos de codificaciones y \u00e1mbitos de uso en redes de computadores<br \/>\n&#8211;\u00a0Clasificar y explicar el concepto de multiplexaci\u00f3n y los m\u00e9todos de multiplexaci\u00f3n m\u00e1s empleados en comunicaciones anal\u00f3gicas y digitales<br \/>\n&#8211;\u00a0Mostrar ejemplos de procesos de multiplexaci\u00f3n y el uso en redes de comunicaci\u00f3n<\/p>\n<p><strong>CAP\u00cdTULO 4. <\/strong><\/p>\n<p>&#8211;\u00a0Comentar las principales caracter\u00edsticas de los medios de transmisi\u00f3n empleados en redes de computadores<br \/>\n&#8211;\u00a0Describir el principio de funcionamiento y principales tipos de medios de transmisi\u00f3n guiados: par trenzado, cable coaxial y fibra \u00f3ptica.<br \/>\n&#8211;\u00a0Describir las principales caracter\u00edsticas y modos de transmisi\u00f3n en los medios no guiados<br \/>\n&#8211;\u00a0Explicar los modos de propagaci\u00f3n de las ondas electromagn\u00e9ticas<br \/>\n&#8211;\u00a0Describir la utilizaci\u00f3n de ondas de radio, microondas e infrarrojos para la transmisi\u00f3n inal\u00e1mbrica en redes de datos<br \/>\n&#8211;\u00a0Exponer los principales medios de transmisi\u00f3n empleados en las tecnolog\u00edas de red Ethernet actuales<\/p>\n<p><strong>CAP\u00cdTULO 5. <\/strong><\/p>\n<p>&#8211;\u00a0Describir las principales funciones que ofrece el nivel de enlace y detallar los tipos de servicios que ofrece el nivel de enlace al nivel de red<br \/>\n&#8211;\u00a0Explicar en qu\u00e9 consiste las funciones de iniciaci\u00f3n y terminaci\u00f3n de la comunicaci\u00f3n realizadas por el nivel de enlace<br \/>\n&#8211;\u00a0Describir el formato de trama habitual empleado por las tecnolog\u00edas de red a nivel de enlace<br \/>\n&#8211;\u00a0Indicar distintas formas de delimitar tramas a nivel de enlace<br \/>\n&#8211;\u00a0Detallar m\u00e9todos para la detecci\u00f3n de errores: paridad y c\u00f3digos de redundancia c\u00edclica<br \/>\n&#8211;\u00a0Describir como es posible realizar la correcci\u00f3n de errores empleando c\u00f3digos de bloque: C\u00f3digo de Hamming y c\u00f3digos de Reed-Solomon<br \/>\n&#8211;\u00a0Exponer conceptos empleados para la medici\u00f3n de la tasa de errores en un medio f\u00edsico.<\/p>\n<p><strong>CAP\u00cdTULO 6. <\/strong><\/p>\n<p>&#8211;\u00a0Dar a conocer el objetivo de realizar un control de flujo en las arquitecturas de red<br \/>\n&#8211;\u00a0Mostrar el funcionamiento del protocolo de parada espera con y sin errores<br \/>\n&#8211;\u00a0Determinar la eficiencia del protocolo de parada y espera<br \/>\n&#8211;\u00a0Describir el funcionamiento del protocolo de ventana deslizante<br \/>\n&#8211;\u00a0Determinar la eficiencia del protocolo de ventana deslizante<\/p>\n<p><strong>CAP\u00cdTULO 7. <\/strong><\/p>\n<p>&#8211;\u00a0Clasificar y describir las t\u00e9cnicas que permiten a varios equipos emplear un mismo medio para transferir informaci\u00f3n: contienda, reserva y selecci\u00f3n<br \/>\n&#8211;\u00a0Exponer y comentar las t\u00e9cnicas de compartici\u00f3n m\u00e1s empleadas con algunas de las tecnolog\u00edas de uso m\u00e1s habitual en redes LAN<br \/>\n&#8211;\u00a0Presentar y describir el funcionamiento de un protocolo de nivel de enlace que permite controlar el enlace y que adem\u00e1s hace uso de t\u00e9cnicas de ventana deslizante para regular el flujo de informaci\u00f3n: HDLC<br \/>\n&#8211;\u00a0Presentar y describir el funcionamiento del protocolo de nivel de enlace m\u00e1s empleado en conexiones punto a punto: PPP<\/p>\n<p><strong>CAP\u00cdTULO 8. <\/strong><\/p>\n<p>&#8211;\u00a0Comentar las funciones b\u00e1sicas de la capa de red de una arquitectura de comunicaciones<br \/>\n&#8211;\u00a0Mostrar el tipo de servicios que la capa de red puede ofrecer a la capa de transporte en una arquitectura de comunicaciones<br \/>\n&#8211;\u00a0Explicar el funcionamiento interno de una red desde un punto de vista de m\u00e9todos de conmutaci\u00f3n para determinar el camino entre origen y destino<br \/>\n&#8211;\u00a0Exponer y comentar los algoritmos que permiten determinar el modo en c\u00f3mo los datos se transmiten entre dispositivos de interconexi\u00f3n intermedios<\/p>\n<p><strong>CAP\u00cdTULO 9. <\/strong><\/p>\n<p>&#8211;\u00a0Clasificar los protocolos de encaminamiento<br \/>\n&#8211;\u00a0Detallar las m\u00e9tricas m\u00e1s usadas que emplean los algoritmos de encaminamiento para determinar la ruta \u00f3ptima<br \/>\n&#8211;\u00a0Describir la casu\u00edstica de dos algoritmos b\u00e1sicos de c\u00e1lculo de ruta<br \/>\n&#8211;\u00a0Exponer y comentar el funcionamiento de dos protocolos estandarizados para encaminamiento en redes LAN: OSPF y RIP<br \/>\n&#8211;\u00a0Dar a conocer el protocolo BGP para encaminamiento para redes MAN\/WAN<\/p>\n","protected":false},"excerpt":{"rendered":"<p>Los objetivos espec\u00edficos organizados por cap\u00edtulos son: CAP\u00cdTULO 1. &#8211;\u00a0Explicar los elementos y procesos que intervienen en una comunicaci\u00f3n entre dispositivos &#8211;\u00a0Describir las ventajas que ofrece una red de dispositivos &#8211;\u00a0Clasificar redes de dispositivos en funci\u00f3n de su forma geom\u00e9trica, modo de conexi\u00f3n, \u00e1rea geogr\u00e1fica que ocupan, \u00e1mbito de empleo y gesti\u00f3n o forma de [&hellip;]<\/p>\n","protected":false},"author":1686,"featured_media":0,"parent":10,"menu_order":0,"comment_status":"open","ping_status":"open","template":"","meta":{"footnotes":""},"class_list":["post-822","page","type-page","status-publish","hentry"],"_links":{"self":[{"href":"https:\/\/blogs.ua.es\/redesitis\/wp-json\/wp\/v2\/pages\/822","targetHints":{"allow":["GET"]}}],"collection":[{"href":"https:\/\/blogs.ua.es\/redesitis\/wp-json\/wp\/v2\/pages"}],"about":[{"href":"https:\/\/blogs.ua.es\/redesitis\/wp-json\/wp\/v2\/types\/page"}],"author":[{"embeddable":true,"href":"https:\/\/blogs.ua.es\/redesitis\/wp-json\/wp\/v2\/users\/1686"}],"replies":[{"embeddable":true,"href":"https:\/\/blogs.ua.es\/redesitis\/wp-json\/wp\/v2\/comments?post=822"}],"version-history":[{"count":1,"href":"https:\/\/blogs.ua.es\/redesitis\/wp-json\/wp\/v2\/pages\/822\/revisions"}],"predecessor-version":[{"id":823,"href":"https:\/\/blogs.ua.es\/redesitis\/wp-json\/wp\/v2\/pages\/822\/revisions\/823"}],"up":[{"embeddable":true,"href":"https:\/\/blogs.ua.es\/redesitis\/wp-json\/wp\/v2\/pages\/10"}],"wp:attachment":[{"href":"https:\/\/blogs.ua.es\/redesitis\/wp-json\/wp\/v2\/media?parent=822"}],"curies":[{"name":"wp","href":"https:\/\/api.w.org\/{rel}","templated":true}]}}