{"id":876,"date":"2012-03-07T16:00:06","date_gmt":"2012-03-07T16:00:06","guid":{"rendered":"https:\/\/blogs.ua.es\/redesitis\/?page_id=876"},"modified":"2015-10-20T08:24:02","modified_gmt":"2015-10-20T08:24:02","slug":"articulos-docentes","status":"publish","type":"page","link":"https:\/\/blogs.ua.es\/redesitis\/libro\/articulos-docentes\/","title":{"rendered":"Art\u00edculos docentes"},"content":{"rendered":"<p><span style=\"color: #003366\"><span style=\"text-decoration: underline\"><strong>Publicaciones en innovaci\u00f3n docente en revistas, libros y congresos internacionales<\/strong><\/span>:<\/span><\/p>\n<p style=\"text-align: justify\">[<span style=\"text-decoration: underline\">P. Gil<\/span>, G.J. Garc\u00eda, et al.] <strong>Computer Networks Virtualization with GNS3: Evaluating a solution to optimize resources and achieve a distance learning<\/strong>. IEEE The 44th Annual Frontiers in Education (FIE), pp. 2141-2144, Octubre 2014. (<a href=\"http:\/\/ieeexplore.ieee.org\/xpls\/abs_all.jsp?arnumber=7044343&amp;tag=1\">doi: 10.1109\/FIE.2014.7044343<\/a>) <a href=\"http:\/\/www.researchgate.net\/publication\/262867517_Computer_Networks_Virtualization_with_GNS3_Evaluating_a_solution_to_optimize_resources_and_achieve_a_distance_learning\">Descargo desde researchgate<\/a>.<\/p>\n<p style=\"text-align: justify\">[<span style=\"text-decoration: underline\">P. Gil<\/span>,\u00a0F.A. Candelas, C.A. Jara, G.J. Garc\u00eda, F. Torres] <strong>Web-Based OERs in Computer Networks<\/strong>. International Journal of Engineering Education\u00a0 (IJEE), ISSN: 0949-149X,\u00a0\u00a0Vol.25, No. 6,\u00a0(2013), pp. 1537-1550. Noviembre 2013. <a href=\"http:\/\/www.ijee.ie\">Desc\u00e1rgalo desde www.ijee.ie<\/a>. Tambi\u00e9n est\u00e1 referenciado en el portal de recursos libres\u00a0<a href=\"http:\/\/openedgroup.org\/review\">http:\/\/openedgroup.org\/review<\/a><\/p>\n<p style=\"text-align: justify\">[<span style=\"text-decoration: underline\">P. Gil<\/span>,\u00a0F.A. Candelas, G.J. Garc\u00eda, C.A. Jara] <strong>Open Educational Resources: The Role of OCW, Blogs and\u00a0Videos in Computer Network Classrooms<\/strong>. International Journal of Emerging Technologies in Learning\u00a0 (iJET), ISSN: 1863-0383,\u00a0\u00a0Vol.7, No. 3,\u00a0(2012). Septiembre\u00a02012. <a href=\"http:\/\/rua.ua.es\/dspace\/bitstream\/10045\/24514\/1\/ijet_paper.pdf\">Desc\u00e1rgalo desde RUA<\/a>\u00a0o <a href=\"http:\/\/online-journals.org\/i-jet\/article\/view\/2116\">iJET<\/a><\/p>\n<p style=\"text-align: justify\">[<span style=\"text-decoration: underline\">P. Gil<\/span>, S.T. Puente, F.A. Candelas,\u00a0I. Perea,\u00a0G.J. Garc\u00eda, C.A. Jara, J.A. Corrales] <strong>An experience on mechatronics teaching on undergraduate students by means of the Skybot platform: from classroom to robot competition<\/strong>. International Journal of Robots, Education and Art\u00a0 (IJREA-AICIT), ISSN: 2233-4572,\u00a0 Vol.2, No. 2, (2012). <a href=\"http:\/\/rua.ua.es\/dspace\/bitstream\/10045\/24513\/1\/IJREA15PPL.pdf\">Desc\u00e1rgalo desde RUA<\/a>\u00a0o <a href=\"http:\/\/www.aicit.org\/ijrea\/global\/ppl.html?jname=IJREA&amp;yr=2012&amp;vnidx=7\">IJREA<\/a><\/p>\n<p style=\"text-align: justify\">[<span style=\"text-decoration: underline\">P. Gil<\/span>, C.A. Jara, S.T. Puente, F.A. Candelas, F. Torres] <strong>Recursos y herramientas did\u00e1cticas para el aprendizaje de la rob\u00f3tica<\/strong>. Monogr\u00e1fico especial Rob\u00f3tica Educativa. Revista Teor\u00eda de la Educaci\u00f3n: Educaci\u00f3n y Cultura de la Informaci\u00f3n\u00a0 (TESI), ISSN: 1138-9737,\u00a0\u00a0Vol.13, No. 2,\u00a0(2012), pp. 18-47. Julio (2012). <a href=\"http:\/\/campus.usal.es\/~revistas_trabajo\/index.php\/revistatesi\/article\/view\/8998\">Desc\u00e1rgalo desde la revista TESI<\/a><\/p>\n<p style=\"text-align: justify\">[<span style=\"text-decoration: underline\">P. Gil<\/span>, C. A. Jara, F. Candelas, G.J. Garc\u00edal] <strong>Experiences with Free and Open Courses using OnLine Multimedia Resources<\/strong>. IEEE 3th Engineering Education Conference\u00a0 (EDUCON 2012), IEEE Education Society- ISBN: 978-4673-1455-8, pp. 5-10, Marrakesh (Morocco), 17-20 April (2012).\u00a0<a href=\"http:\/\/hdl.handle.net\/10045\/22124\" target=\"_blank\">Desc\u00e1rgalo desde RUA<\/a><\/p>\n<p style=\"text-align: justify\">[F. Candelas, <span style=\"text-decoration: underline\">P. Gil<\/span>, C.A. Jara, et al] <strong>Evaluation and Analysis of the Application on Interactive Digital Resources in a Blended-Learning Methodology for a Computer Networks Subject<\/strong>. International Conference of Education, Research and Innovation (ICERI2011). Madrid (Spain), 14-16 November (2011). EDULEARN11- IATED Proceedings- ISBN: 978-84-615-0441-1. <a href=\"http:\/\/rua.ua.es\/dspace\/bitstream\/10045\/24512\/1\/Paper%20ICERI%202011_final.pdf\">Desc\u00e1rgalo desde RUA<\/a><\/p>\n<p style=\"text-align: justify\">[J. Pomares, <span style=\"text-decoration: underline\">P. Gil<\/span>, F,A. Candelas, et al] <strong>Self-assesment system for student-centered learning for subjects in the European Higher Education. <\/strong>Social Software in Higher Education: Pedagogical Models and Universities Strategies. UNISUL Publishers. Brazil (2011).<\/p>\n<p style=\"text-align: justify\">[<span style=\"text-decoration: underline\">P. Gil<\/span>, F. Candelas &amp; C.A. Jara] <strong>Computer Networks E-learning Based on Interactive Simulations and SCORM.<\/strong> International Journal of Online Engineering\u00a0 (iJOE), ISSN: 1861-2121, Vol.7, No. 2, pp.15-23, (2011). <a href=\"http:\/\/www.online-journals.org\/index.php\/i-joe\/article\/view\/1638\">Accede aqu\u00ed\u00a0a iJOE<\/a><\/p>\n<p style=\"text-align: justify\">[<span style=\"text-decoration: underline\">P. Gil<\/span>, F. Candelas &amp; C.A. Jara] <strong>Constructive Learning for Network Courses based on Compact Simulations and SCORM.<\/strong> IEEE 2nd Engineering Education Conference\u00a0 (EDUCON 2011), IEEE Education Society- ISBN: 978-1-61284-641-5, pp. 105-110, Amman (Jordan), 4-6 April (2011). <a href=\"http:\/\/rua.ua.es\/dspace\/handle\/10045\/17032\">Desc\u00e1rgalo desde RUA<\/a><\/p>\n<p style=\"text-align: justify\">[F.A. Candelas &amp; <span style=\"text-decoration: underline\">P. Gil<\/span>] <strong>Practical Experiments with KivaNS: A Virtual Laboratory for Simulating IP Routing in Computer Networks Subjects<\/strong>. <em>Research Reflections and Innovations in Integrating ICT in Education<\/em>, <em>3, 1415-1418, (2009).<\/em> <a href=\"http:\/\/hdl.handle.net\/10045\/14051\">Descargalo desde RUA<\/a><\/p>\n<p style=\"text-align: justify\">[<span style=\"text-decoration: underline\">P. Gil<\/span>,\u00a0F.A. Candelas, J. Pomares, S.T.\u00a0Puente,\u00a0J.A. Corrales, C.A. Jara,\u00a0G.J. Garc\u00eda,\u00a0F. Torres]\u00a0<strong>Using Moodle for an Automatic Individual Evaluation of Student`s Learning<\/strong>. <em>2nd\u00a0 International Conference on Computer Supported Education (CSEDU 2010), <\/em>Instricc Press- ISBN: 978-989-674-024-5, pp. 189-194, Valencia (Spain), April (2010). <a href=\"http:\/\/hdl.handle.net\/10045\/14053\">Descargalo desde RUA<\/a><\/p>\n<p style=\"text-align: justify\">[F.A. Candelas, F. Torres, <span style=\"text-decoration: underline\">P. Gil<\/span>, S.T. Puente, J. Pomares] <strong>Including the Virtual Laboratory Concept in a On-Line Collaborative Environment. <\/strong><em>7th IFAC Symposium on Advances in Control Education (ACE 2006), <\/em>Proceedings of ACE- ISBN: M-26008-2006, Madrid (Spain), Junio (2006). <a href=\"http:\/\/hdl.handle.net\/10045\/2582\">Desc\u00e1rgalo desde RUA<\/a><\/p>\n<p style=\"text-align: justify\">[F. Torres, F.A. Candelas, S.T. Puente, J. Pomares, <span style=\"text-decoration: underline\">P. Gil<\/span>, F. Ortiz] <strong>Experiences with Virtual Environment and Remote Laboratory for Teaching and Learning Robotics at the University of Alicante.\u00a0<\/strong><em>International Journal of Engineering Education (IJEE)<\/em>, Engineering World- ISSN: 0949-149X, pp. <em>766-776, <\/em>Vol. 22(4)<em>, <\/em>Cork (Irlanda), 2006. <a href=\"http:\/\/hdl.handle.net\/10045\/6231\">Desc\u00e1rgalo desde RUA<\/a><\/p>\n<p style=\"text-align: justify\">[F.A. Candelas, F. Torres, <span style=\"text-decoration: underline\">P. Gil<\/span>, F. Ortiz, S. Puente, J. Pomares]<strong> Laboratorio virtual remoto para rob\u00f3tica y evaluaci\u00f3n de su impacto en la docencia. <\/strong><em>Revista Iberoamericana de Autom\u00e1tica e Inform\u00e1tica Industrial<\/em> <em>(RIAI)<\/em><strong>, <\/strong>CEA_IFAC-ISSN: 1697-7912, pp. 49-58, Vol.1(2), Valencia (Spain), 2004.\u00a0<a href=\"http:\/\/hdl.handle.net\/10045\/4609\">Desc\u00e1rgalo desde RUA<\/a><\/p>\n<p style=\"text-align: justify\">[F.A. Candelas, <span style=\"text-decoration: underline\">P. Gil<\/span>, F. Torres, F.G. Ortiz, S.T. Puente, J. Pomares] <strong>Virtual remote laboratories for teaching of computer vision and robotics in the University of Alicante<\/strong>. 2<em>nd IFAC Workshop on Internet Based Control Education (IBCE 2004). <\/em>Proceedings of IBCE. Grenoble (France), Septiembre\u00a0 (2004). <a href=\"http:\/\/hdl.handle.net\/10045\/2587\">Desc\u00e1rgalo desde RUA<\/a><\/p>\n<p style=\"text-align: justify\">[F.A. Candelas, S.T. Puente, F. Torres, F. Ortiz, <span style=\"text-decoration: underline\">P. Gil<\/span>, J. Pomares] <strong>A virtual laboratory for teaching robotics.<\/strong> <em>International Journal of Engineering Education (IJEE)<\/em>, Engineering World- ISSN: 0949-149X, pp. <em>363-370, <\/em>Vol. 19(3)<em>, <\/em>Cork (Irlanda), 2003. <a href=\"http:\/\/hdl.handle.net\/10045\/6232\">Desc\u00e1rgalo desde RUA<\/a><\/p>\n<p style=\"text-align: justify\">[J. Pomares, <span style=\"text-decoration: underline\">P. Gil<\/span>, S.T. Puente, F. Torres] <strong>Learning environment for teaching robotics and sensorial system: application to the robots guidance<\/strong>. International Symposium on Robotics and Applications (WAC-ISORA 2004).\u00a0\u00a0 TSI Press Series ISBN: 1-889335-20-7 , pp. 301-306. Sevilla (Spain), Junio (2004). <a href=\"http:\/\/hdl.handle.net\/10045\/3379\">Desc\u00e1rgalo desde RUA<\/a><\/p>\n<p style=\"text-align: justify\">[F.A. Candelas, F. Torres, F.G. Ortiz, <span style=\"text-decoration: underline\">P. Gil<\/span>, J. Pomares, S.T. Puente] <strong>Teaching and learning robotics with Internet Teleoperation<\/strong>. <em>Advances in Technology-based Education: Towards a Knowledge-based Society III<\/em>. ISBN: 84-96212-12-2, pp. 1827-1831. Badajoz (Spain), Diciembre (2003). <a href=\"http:\/\/hdl.handle.net\/10045\/2586\">Desc\u00e1rgalo desde RUA<\/a><\/p>\n<p style=\"text-align: justify\">[<span style=\"text-decoration: underline\">P. Gil<\/span>, J. Pomares, F. Torres, F. Ortiz, F.A. Candelas, S.T. Puente] <strong>Educational practice in virtual laboratories for engineering studies<\/strong>. <em>First International Conference on Multimedia and Information &amp; Communication Technologies in Education (mICTE)<\/em>. ISBN: 84-95251-76-0, pp. 559-563. Badajoz (Spain), Noviembre (2002). <a href=\"http:\/\/hdl.handle.net\/10045\/3457\">Desc\u00e1rgalo desde RUA<\/a><\/p>\n<p style=\"text-align: justify\">\u00a0[S.T. Puente, F. Torres, J. Pomares, F. Ortiz, <span style=\"text-decoration: underline\">P. Gil<\/span>, F.A. Candelas] <strong>Laboratorio de simulaci\u00f3n y ejecuci\u00f3n remota para docencia en rob\u00f3tica.<\/strong> <em>X Simposio de Ingenier\u00eda El\u00e9ctrica (SIE&#8217;2001)<\/em>. Proceedings of SIE. ISBN: 959-250-024-X. Santa Clara (Cuba). Mayo (2001).<\/p>\n<p style=\"text-align: justify\"><span style=\"text-decoration: underline;color: #003366\"><span style=\"text-decoration: underline\"><strong>Publicaciones (m\u00e1s recientes) en innovaci\u00f3n docente en libros y congresos nacionales<\/strong>:<\/span><\/span><\/p>\n<p style=\"text-align: justify\">[P. Compa\u00f1, D. Gallardo, M. Pujol, J.\u00a0 Azor\u00edn, V. Gilart, F.J. Mora, I. Garrig\u00f3s,\u00a0 E. Gomez, J. Peral, P.J.Ponce, J.L. Verd\u00fa, <span style=\"text-decoration: underline\">P. Gil<\/span>.] <strong>Red de coordinaci\u00f3n del grado en ingenier\u00eda inform\u00e1tica de la escuela polit\u00e9cnica superior para la implantaci\u00f3n del segundo curso<\/strong>. <em>Redes de Investigaci\u00f3n Docencia Universitaria: Innovaciones Metodol\u00f3gicas<\/em>.\u00a0Editorial Universidad de Alicante, ISBN: 978\u201384\u2013695\u20131151\u20130, (2011).<\/p>\n<p style=\"text-align: justify\">[F.A. Candelas, <span style=\"text-decoration: underline\">P. Gil<\/span>, C.A. Jara, J.A. Corrales, M.A. Baquero]\u00a0<strong>Recursos digitales interactivos para la asignatura de Sistemas de Transporte de Datos para potenciar el aprendizaje aut\u00f3nomo y la autoevaluaci\u00f3n<\/strong>. <em>Redes de Investigaci\u00f3n Docencia Universitaria: Innovaciones Metodol\u00f3gicas<\/em>.\u00a0Editorial Universidad de Alicante, ISBN: 978\u201384\u2013695\u20131151\u20130, (2011).<\/p>\n<p style=\"text-align: justify\">[<span style=\"text-decoration: underline\">P. Gil<\/span>, J. Pomares, F.A. Candelas, S.T. Puente, C. Jara, J.A. Corrales, G. Garc\u00eda, F. Torres]\u00a0<strong>Metodolog\u00eda b-learning con Moodle para la ense\u00f1anza y evaluaci\u00f3n del aprendizaje en las asignaturas de Redes de Computadores<\/strong>. <em>Evaluaci\u00f3n de los Aprendizajes en el Espacio Europeo de Educaci\u00f3n Superior<\/em>.\u00a0Editorial Marfil, ISBN: 978\u201384\u2013268\u20131523\u20131, (2010). <a href=\"http:\/\/hdl.handle.net\/10045\/14273\">Desc\u00e1rgalo desde RUA<\/a><\/p>\n<p style=\"text-align: justify\">[<span style=\"text-decoration: underline\">P. Gil<\/span>, J. Pomares, F.A. Candelas, S.T. Puente, C. Jara, G. Garc\u00eda, J.A. Corrales, F. Torres] <strong>Estudio cuantitativo y cualitativo de un curso de Redes de Computadores usando la plataforma LCMS-Moodle y WimbaCreate<\/strong>. <em>VIII Jornadas de Redes de Investigaci\u00f3n en Docencia Universitaria<\/em>.\u00a0Editorial ICE-Universidad de Alicantel, ISBN: 978\u201384\u2013692\u20135510\u20130, (2010).<\/p>\n<p>&nbsp;<\/p>\n<table border=\"0\" cellspacing=\"0\" cellpadding=\"0\">\n<tbody>\n<tr>\n<td valign=\"top\" width=\"307\"><\/td>\n<td valign=\"top\" width=\"307\"><\/td>\n<\/tr>\n<\/tbody>\n<\/table>\n","protected":false},"excerpt":{"rendered":"<p>Publicaciones en innovaci\u00f3n docente en revistas, libros y congresos internacionales: [P. Gil, G.J. Garc\u00eda, et al.] Computer Networks Virtualization with GNS3: Evaluating a solution to optimize resources and achieve a distance learning. IEEE The 44th Annual Frontiers in Education (FIE), pp. 2141-2144, Octubre 2014. (doi: 10.1109\/FIE.2014.7044343) Descargo desde researchgate. [P. Gil,\u00a0F.A. Candelas, C.A. Jara, G.J. [&hellip;]<\/p>\n","protected":false},"author":1686,"featured_media":0,"parent":7,"menu_order":0,"comment_status":"open","ping_status":"open","template":"","meta":{"footnotes":""},"class_list":["post-876","page","type-page","status-publish","hentry"],"_links":{"self":[{"href":"https:\/\/blogs.ua.es\/redesitis\/wp-json\/wp\/v2\/pages\/876","targetHints":{"allow":["GET"]}}],"collection":[{"href":"https:\/\/blogs.ua.es\/redesitis\/wp-json\/wp\/v2\/pages"}],"about":[{"href":"https:\/\/blogs.ua.es\/redesitis\/wp-json\/wp\/v2\/types\/page"}],"author":[{"embeddable":true,"href":"https:\/\/blogs.ua.es\/redesitis\/wp-json\/wp\/v2\/users\/1686"}],"replies":[{"embeddable":true,"href":"https:\/\/blogs.ua.es\/redesitis\/wp-json\/wp\/v2\/comments?post=876"}],"version-history":[{"count":30,"href":"https:\/\/blogs.ua.es\/redesitis\/wp-json\/wp\/v2\/pages\/876\/revisions"}],"predecessor-version":[{"id":1141,"href":"https:\/\/blogs.ua.es\/redesitis\/wp-json\/wp\/v2\/pages\/876\/revisions\/1141"}],"up":[{"embeddable":true,"href":"https:\/\/blogs.ua.es\/redesitis\/wp-json\/wp\/v2\/pages\/7"}],"wp:attachment":[{"href":"https:\/\/blogs.ua.es\/redesitis\/wp-json\/wp\/v2\/media?parent=876"}],"curies":[{"name":"wp","href":"https:\/\/api.w.org\/{rel}","templated":true}]}}