{"id":887,"date":"2012-03-07T16:25:23","date_gmt":"2012-03-07T16:25:23","guid":{"rendered":"https:\/\/blogs.ua.es\/redesitis\/?page_id=887"},"modified":"2015-10-20T08:15:36","modified_gmt":"2015-10-20T08:15:36","slug":"articulos-de-investigacion","status":"publish","type":"page","link":"https:\/\/blogs.ua.es\/redesitis\/libro\/articulos-de-investigacion\/","title":{"rendered":"Art\u00edculos de investigaci\u00f3n"},"content":{"rendered":"<p><span style=\"text-decoration: underline;color: #003366\"><strong>Publicaciones de investigaci\u00f3n en revistas y libros (\u00faltimos a\u00f1os)<\/strong>:<\/span><\/p>\n<p style=\"text-align: left\">[C.M.Mateo, <span style=\"text-decoration: underline\">P. Gil<\/span>, F. Torres] <strong>Visual perception for the 3D recognition of geometric pieces in robotic <\/strong>. <em>International Journal of Advanced Manufacturing Technology (IJAMT). <\/em>Editorial: Springer,\u00a0UK 2015. \u00a0 (JCR 1.458) . (<a href=\"http:\/\/link.springer.com\/article\/10.1007\/s00170-015-7708-8\" target=\"_blank\">DOI: 10.1007\/s00170-015-7708-8<\/a><a href=\"http:\/\/www.tandfonline.com\/doi\/abs\/10.1080\/01691864.2014.920720#.VJ2t0f8AA\">)<\/a><\/p>\n<p style=\"text-align: left\">[M. Cazorla, <span style=\"text-decoration: underline\">P. Gil<\/span>, S. Puente, J. Mu\u00f1oz, D. Pastor] <strong>An improvement of a SLAM RGB-D method with movement prediction derived from a study of visual features<\/strong>. <em>Advanced Robotics (AR). <\/em>Editorial: Taylor and Francis, Vol. 28(18), pp.1231-1242\u00a0 Japan 2014. \u00a0 (JCR 0.572) . (<a href=\"http:\/\/www.tandfonline.com\/doi\/abs\/10.1080\/01691864.2014.920720#.VJ2t0f8AA\">DOI:10.1080\/01691864.2014.920720)<\/a><\/p>\n<p style=\"text-align: justify\">[<span style=\"text-decoration: underline\">P. Gil<\/span>, C.M. Mateo, F. Torres] <strong>3D Visual Sensing of Human Hand for Remote Operation of a Robotic Hand<\/strong>. <em>Int. J. of Advanced Robotic Systems (IJARS). <\/em>Editorial: IntechOpen, Vol. 11(26), pp.1-13\u00a0 Croatia 2014. \u00a0 (JCR 0.526) . (<a href=\"http:\/\/www.intechopen.com\/journals\/international_journal_of_advanced_robotic_systems\/3d-visual-sensing-of-the-human-hand-for-the-remote-operation-of-a-robotic-hand\">DOI: 10.5772\/57525<\/a>)<\/p>\n<p style=\"text-align: justify\">[<span style=\"text-decoration: underline\">P. Gil<\/span>, T. Kisler, G.J. Garc\u00eda, C.A. Jara, J.A. Corrales] <strong>Calibraci\u00f3n de c\u00e1maras de tiempo de vuelo: Ajuste adaptativo del tiempo de integraci\u00f3n y an\u00e1lisis de la frecuencia de modulaci\u00f3n<\/strong>. <em>Revista Iberoamericana de Autom\u00e1tica e Inform\u00e1tica Industrial (RIAI). <\/em>Editorial: Elsevier, Vol. 10(4), pp.453-464\u00a0 Spain 2013. \u00a0 (JCR 0.053) \u00a0(<a id=\"ddDoi\" href=\"http:\/\/dx.doi.org\/10.1016\/j.riai.2013.08.002\" target=\"doilink\">http:\/\/dx.doi.org\/10.1016\/j.riai.2013.08.002<\/a>)<\/p>\n<p style=\"text-align: justify\">[J.A. Corrales, G.J. Garc\u00eda, F. Torres, F.A. Candeas, J. Pomares, <span style=\"text-decoration: underline\">P. Gil<\/span>] <strong>Flexible applications of robotic manipulators based on visual-force control and cooperation with humans<\/strong>.<a href=\"https:\/\/www.novapublishers.com\/catalog\/product_info.php?products_id=29015&amp;osCsid=610038e28ef165b2ce19d65b8a6251f3\"> R<em>obotics: State of the Art and Future Trends<\/em><\/a>.\u00a0 Editorial: Nova Science Publishers, Inc. (ISBN: 978-1-62100-478-3)- Editores: G. Legnani and I. Fassi. Chapter 9, pp. 239-260,\u00a0 Italia 2011.<\/p>\n<p style=\"text-align: justify\">[C. A Jara, F. A. Candelas, <span style=\"text-decoration: underline\">P. Gil<\/span>, F. Torres; F. Esquembre; S. Dormido] <strong>EJS+EjsRL: an interactive tool for Robotics simulation, Computer Vision processing and remote operation. Application to virtual and remote laboratories.<\/strong><em> Robotics and Autonomous Systems (RAS). <\/em>Editorial: Elsevier, Vol. 59(6), pp. 389-401.\u00a0 Holanda 2011. \u00a0 (JCR 1.313) (<a href=\"http:\/\/dx.doi.org\/10.1016\/j.robot.2011.02.002\" target=\"doilink\">doi:10.1016\/j.robot.2011.02.002<\/a>\u00a0) <a href=\"http:\/\/hdl.handle.net\/10045\/17258\">Descargalo desde RUA<\/a><\/p>\n<p style=\"text-align: justify\">[J. Pomares, <span style=\"text-decoration: underline\">P. Gil<\/span>, F. Torres] <strong>Visual Control of Robots using Range Images.<\/strong> <em>Sensors<\/em>. Editorial: MDPI, ISSN: 1424-8220, Vol. 10, pp. 7303-7322. Suiza 2010 (JCR: 1.771) (doi: <a href=\"http:\/\/dx.doi.org\/10.3390\/s100807303\">10.3390\/s100807303<\/a>) <a href=\"http:\/\/hdl.handle.net\/10045\/14700\">Desc\u00e1rgalo desde RUA<\/a><\/p>\n<p style=\"text-align: justify\">\u00a0[J. Pomares, <span style=\"text-decoration: underline\">P. Gil<\/span>, J.A. Corrales, G.J. Garc\u00eda, S.T. Puente, F. Torres] <strong>Using visual and force information in robot-robot cooperation to build metallic structures. <\/strong>J<em>ournal of Automation, Mobile, Robotics &amp; Intelligent Systems<\/em>. Editorial: Industrial Research Institute for Automation and Measurements &#8220;PIAP&#8221;, ISSN: 1897-8649.Vol. 3(3), pp. 96-101. Varsovia (Polonia) 2009. <a href=\"http:\/\/hdl.handle.net\/10045\/14057\">Descargalo desde RUA<\/a><\/p>\n<p style=\"text-align: justify\">[<span style=\"text-decoration: underline\">P. Gil<\/span>, J. Pomares, S.T. Puente, F.A. Candelas, G.J. Garc\u00eda, J.A. Corrales, F. Torres]<strong> A cooperative robotic system based on multiple sensors to construct metallic structures.<\/strong> <em>International Journal of Advanced Manufacturing Technology<\/em> (<em>IJAMT<\/em>). Editorial:\u00a0 \u00a0Springer \u2013 ISSN: 0268-3768. Vol. 45(5-6), pp. 616-630. Londres(UK) 2009\u00a0 (JCR: 1.128) (doi: <a href=\"http:\/\/www.springerlink.com\/content\/l6r2364762645300\/\">10.1007\/s00170-009-1997-8<\/a>)\u00a0<a href=\"http:\/\/hdl.handle.net\/10045\/14050\">Descargalo desde RUA<\/a><\/p>\n<p style=\"text-align: justify\">[J. Pomares, <span style=\"text-decoration: underline\">P. Gil<\/span>, G.J. Garc\u00eda, J.M. Sebasti\u00e1n, F. Torres]<strong> Improving detection of surface discontinuities in visual-force control systems.<\/strong> <em>Image and Vision Computing<\/em> (<em>IVC<\/em>). Editorial:\u00a0Elsevier &#8211; ISSN: 0262-8856. Vol. 26,pp. 1435-1447. Reading (UK) 2008. (JCR: 1.496). (DOI: <a href=\"http:\/\/dx.doi.org\/10.1016\/j.imavis.2008.01.007\">10.1016\/j.imavis.2008.01.007<\/a>)\u00a0<a href=\"http:\/\/hdl.handle.net\/10045\/10127\">Descargalo desde RUA<\/a><\/p>\n<div>\n<div style=\"text-align: justify\">\n<p>[<span style=\"text-decoration: underline\">P. Gil<\/span>, J. Pomares, S.T. Puente, C. Diaz, F. Candelas, F. Torres] <strong>Flexible multi-sensorial system for automatic disassembly using cooperative robots.<\/strong> <em>International Journal of Computer Integrated Manufacturing (IJCIM)<\/em>. Editorial: Taylor and Francis \u2013 ISSN: 0951-192X. Vol. 20(8), pp.: 757-772. Bath (UK) 2007. (JCR: 0.297) (doi:<a href=\"http:\/\/dx.doi.org\/10.1080\/09511920601143169\"> 10.1080\/09511920601143169<\/a>) <a href=\"http:\/\/hdl.handle.net\/10045\/7832\">Descargalo desde RUA<\/a><\/p>\n<p><span style=\"text-decoration: underline\"><span style=\"color: #003366;text-decoration: underline\"><strong>Publicaciones de investigaci\u00f3n en congresos internacionales (\u00faltimos a\u00f1os)<\/strong>:<\/span><\/span><\/p>\n<\/div>\n<\/div>\n<p style=\"text-align: justify\">[C.M.Mateo, P. Gil, D. Mira, F. Torres] <strong>Analysis of Shapes to Measure Surfaces: an approach for detection of deformations .\u00a0<\/strong><em>12\u00ba International Conference on Informatics in Control, Automation and Robotics <\/em>(ICINCO 2015) . Editorial: INSTICC Press. Colmar (Francia). Julio 2015.<\/p>\n<p style=\"text-align: justify\">[C.M.Mateo, P. Gil, F. Torres] <strong>A Performance Evaluation of Surface Normals-Based Descriptors for Recognition of Objects using CAD-Models.\u00a0<\/strong><em>11\u00ba International Conference on Informatics in Control, Automation and Robotics <\/em>(ICINCO 2014) . Editorial: INSTICC Press. Viena (Austria). Septiembre 2014. <a href=\"http:\/\/www.researchgate.net\/publication\/263176684_A_Performance_Evaluation_of_Surface_Normals-Based_Descriptors_for_Recognition_of_Objects_using_CAD-models\">Descargalo desde researchgate<\/a><\/p>\n<p style=\"text-align: justify\">[<span style=\"text-decoration: underline\">P. Gil<\/span>, G.J. Garc\u00eda, C.M. Mateo, F. Torres] <strong>Active visual features based on events to guide robots.<\/strong><em> 19th IFAC World Congress.<\/em> Cape Town (South Africa). August 2014. <a href=\"http:\/\/www.researchgate.net\/publication\/260337206_Active_visual_features_based_on_events_to_guide_robot_manipulators_to_track_moving_objects\">Descargalo desde researchgate<\/a><\/p>\n<p style=\"text-align: justify\">[G.J. Garc\u00eda, J. Pomares, F. Torres, <span style=\"text-decoration: underline\">P. Gil<\/span>] <strong>Event-based visual servoing with features&#8217; prediction.<\/strong><em> First Iberian Robotics Conference (Robot 2013).<\/em> Editorial:\u00a0SPRINGER-Advances in Intelligent Systems and Computing Series. Madrid (Spain). Noviembre 2013. <a href=\"http:\/\/www.researchgate.net\/publication\/259082500_Event-Based_Visual_Servoing_with_Features_Prediction\">Descargalo desde researchgate<\/a><\/p>\n<p style=\"text-align: justify\">[G.J. Garc\u00eda, J. Pomares, F. Torres, <span style=\"text-decoration: underline\">P. Gil<\/span>] <strong>Event-based visual servoing<\/strong>. <em>10th International Conference on Informatics in Control, Automation and Robotics(<\/em>ICINCO 2013<em>)<\/em>. Editorial: INSTICC Press. Reykjavik (Islandia). Julio 2013. <a href=\"http:\/\/hdl.handle.net\/10045\/30155\">Descargalo desde RUA<\/a><\/p>\n<p style=\"text-align: justify\">[G.J. Garc\u00eda,<span style=\"text-decoration: underline\"> P. Gil<\/span>, D. LLacer,\u00a0F. Torres] <strong>Guidance of robot arms using depth data from RGB-D cameras<\/strong>. <em>10th International Conference on Informatics in Control, Automation and Robotics(<\/em>ICINCO 2013<em>)<\/em>. Editorial: INSTICC Press. Reykjavik (Islandia). Julio 2013. <a href=\"http:\/\/hdl.handle.net\/10045\/30156\">Descargalo desde RUA<\/a><\/p>\n<p style=\"text-align: justify\">[C.M. Mateo, <span style=\"text-decoration: underline\">P. Gil<\/span>, J.A. Corrales, S.T. Puente, F. Torres] <strong>RGBD Human-Hand recognition for the Interaction with Robot-Hand<\/strong>. <em>IEEE\/RSJ International Conference on Intelligent Robots and Systems (<\/em>IROS 2012 <em>Workshop on Color Depth Fusion in Robotics)<\/em>. Editorial: IEEE Press. Vila Moura-Algarve (Portugal). Octubre\u00a02012.<\/p>\n<p style=\"text-align: justify\">[J.L. Mu\u00f1oz, D. Pastor, <span style=\"text-decoration: underline\">P. Gil,<\/span> S.T. Puente, M. Cazorla] <strong>Using a RGB-D camera for 6DoF SLAM<\/strong>. <em>15th International Conference of the Catalan Association of Artificial Intelligence (CCIA)<\/em>. Editorial: IOS Press: Frontiers in Artificial Intelligence series. Alicante (Spain) 2012.\u00a0Octubre 2012<\/p>\n<p style=\"text-align: justify\">[J.L. Mu\u00f1oz, D. Pastor, <span style=\"text-decoration: underline\">P. Gil<\/span>, S.T. Puente, M. Cazorla] <strong>A study of 2D features for 3D visual SLAM<\/strong>. <em>43rd International Symposium on Robotics (ISR)<\/em>. Editorial: IFR\u00a0International Federation of Robotics.\u00a0Taipei (Taiwan) Agosto 2012.\u00a0<a href=\"http:\/\/rua.ua.es\/dspace\/bitstream\/10045\/24511\/1\/ISR%202012v7.pdf\">Descargalo desde RUA<\/a><\/p>\n<p style=\"text-align: justify\"><span style=\"text-decoration: underline\">P. Gil<\/span>, J. Pomares, F. Torres] <strong>Analysis and Adaptation of Integration Time in PMD Camera for Visual Servoing.<\/strong> <em>International Conference on Pattern Recognition (ICPR)<\/em>. Editorial: IEEE Computer Society-<a href=\"http:\/\/ieeexplore.ieee.org\/xpl\/articleDetails.jsp?arnumber=5597794\">DOI 10.1109\/ICPR.2010.85<\/a>, pp.: 311-315. Estambul (Turkey) 2010. <a href=\"http:\/\/rua.ua.es\/dspace\/bitstream\/10045\/14701\/1\/icpr2010_MoBT8.8.pdf\">Desc\u00e1rgalo desde RUA <\/a><\/p>\n<p style=\"text-align: justify\">[C. A. Jara, F. A. Candelas, J.Pomares, <span style=\"text-decoration: underline\">P.Gil<\/span>, F. Torres] <strong>EJS+EJSRL: A Free Java Tool for Advanced Robotics Simulation and Computer Vision Processing.<\/strong> <em>7th International Conference on Informatics in Control, Automation and Robotics (ICINCO)<\/em>. Editorial: Insticc Press- ISBN: 978-989-8425-01-0, pp.: 153-160. Madeira (Portugal) 2010. <a href=\"http:\/\/rua.ua.es\/dspace\/bitstream\/10045\/14272\/1\/ICINCO_Final.pdf\">Desc\u00e1rgalo desde RUA<\/a><\/p>\n<p style=\"text-align: justify\">[J.A. Corrales, <span style=\"text-decoration: underline\">P. Gil<\/span>, F.A. Candelas, F. Torres] <strong>Tracking based on Hue-Saturation Features with a Miniaturized Active Vision System.<\/strong> <em>40th International Symposium on Robotics (ISR)<\/em>. ISBN: 978-84-920933-8-0, pp.: 107-112. Barcelona (Spain) 2009. <a href=\"http:\/\/rua.ua.es\/dspace\/bitstream\/10045\/10890\/1\/ISR09_Proceedings_Final_Paper.pdf\">Desc\u00e1rgalo desde RUA<\/a><\/p>\n<p style=\"text-align: justify\">[C.A. Jara, F.A. Candelas, <span style=\"text-decoration: underline\">P. Gil<\/span>, M. Fern\u00e1ndez, F. Torres] <strong>An augmented reality interface for training robotics through the web.<\/strong> <em>40th International Symposium on Robotics (ISR)<\/em>. ISBN: 978-84-920933-8-0, pp.: 189-194. Barcelona (Spain) 2009.<\/p>\n<p style=\"text-align: justify\">[J.A. Corrales, G.J. Garc\u00eda, <span style=\"text-decoration: underline\">P. Gil<\/span>, J. Pomares, S.T. Puente, F. Torres] <strong>Intelligent Robotic Multisensorial System to Build Metallic Structures.<\/strong> <em>9th IFAC Workshop on Intelligent Manufacturing Systems (IMS)<\/em>. ISBN: 978-84-920933-8-0, pp.: 189-194. Szczecin (Poland) 2008. <a href=\"http:\/\/rua.ua.es\/dspace\/bitstream\/10045\/10160\/3\/IMS2008_PREPRINT.pdf\">Desc\u00e1rgalo desde RUA<\/a><\/p>\n<p style=\"text-align: justify\">[<span style=\"text-decoration: underline\">P. Gil<\/span>, F. Torres, O. Reinoso] <strong>Estimation Camera 3D-Position to Minimize Occlusions.<\/strong> <em>4th International Conference on Informatics in Control, Automation and Robotics (ICINCO)<\/em>. ISBN: 978-972-8865-83-2, pp.: 311-317. Angers (France) 2007.<\/p>\n<p style=\"text-align: justify\">[J. Pomares, <span style=\"text-decoration: underline\">P. Gil<\/span>, G.J. Garc\u00eda, F. Torres] <strong>Visual-Force Control and Structured Light Fusion to Improve Recognition of Discontinuities in Surfaces.<\/strong> <em>11th IEEE International Conference on Emerging Technologies and Factory Automation (ETFA)<\/em>. IEEE Press Society ISBN: 1-4244-0681-1, pp.: 1044-1050. Praga (Rep. Chec) 2006.<\/p>\n<p style=\"text-align: justify\">[<span style=\"text-decoration: underline\">P. Gil<\/span>, F. Torres, O. Reinoso] <strong>A Detection Method of Intersections for determining Overlapping using Active Vision.<\/strong> <em>First International Conference on Computer Vision Theory and Applications (VISAPP)<\/em>. INSTICC Press\u00a0\u00a0\u00a0 \u00a0ISBN: 972-8865-40-6, pp.: 501-507. Setubal (Portugal) 2006.<\/p>\n<table border=\"0\" cellspacing=\"0\" cellpadding=\"0\">\n<tbody>\n<tr>\n<td valign=\"top\" width=\"307\"><\/td>\n<td valign=\"top\" width=\"307\"><\/td>\n<\/tr>\n<\/tbody>\n<\/table>\n","protected":false},"excerpt":{"rendered":"<p>Publicaciones de investigaci\u00f3n en revistas y libros (\u00faltimos a\u00f1os): [C.M.Mateo, P. Gil, F. Torres] Visual perception for the 3D recognition of geometric pieces in robotic . International Journal of Advanced Manufacturing Technology (IJAMT). Editorial: Springer,\u00a0UK 2015. \u00a0 (JCR 1.458) . (DOI: 10.1007\/s00170-015-7708-8) [M. Cazorla, P. Gil, S. Puente, J. Mu\u00f1oz, D. Pastor] An improvement of [&hellip;]<\/p>\n","protected":false},"author":1686,"featured_media":0,"parent":7,"menu_order":0,"comment_status":"open","ping_status":"open","template":"","meta":{"footnotes":""},"class_list":["post-887","page","type-page","status-publish","hentry"],"_links":{"self":[{"href":"https:\/\/blogs.ua.es\/redesitis\/wp-json\/wp\/v2\/pages\/887","targetHints":{"allow":["GET"]}}],"collection":[{"href":"https:\/\/blogs.ua.es\/redesitis\/wp-json\/wp\/v2\/pages"}],"about":[{"href":"https:\/\/blogs.ua.es\/redesitis\/wp-json\/wp\/v2\/types\/page"}],"author":[{"embeddable":true,"href":"https:\/\/blogs.ua.es\/redesitis\/wp-json\/wp\/v2\/users\/1686"}],"replies":[{"embeddable":true,"href":"https:\/\/blogs.ua.es\/redesitis\/wp-json\/wp\/v2\/comments?post=887"}],"version-history":[{"count":48,"href":"https:\/\/blogs.ua.es\/redesitis\/wp-json\/wp\/v2\/pages\/887\/revisions"}],"predecessor-version":[{"id":1140,"href":"https:\/\/blogs.ua.es\/redesitis\/wp-json\/wp\/v2\/pages\/887\/revisions\/1140"}],"up":[{"embeddable":true,"href":"https:\/\/blogs.ua.es\/redesitis\/wp-json\/wp\/v2\/pages\/7"}],"wp:attachment":[{"href":"https:\/\/blogs.ua.es\/redesitis\/wp-json\/wp\/v2\/media?parent=887"}],"curies":[{"name":"wp","href":"https:\/\/api.w.org\/{rel}","templated":true}]}}