{"id":102,"date":"2012-09-26T15:46:01","date_gmt":"2012-09-26T15:46:01","guid":{"rendered":"https:\/\/blogs.ua.es\/reinonavarra\/?page_id=102"},"modified":"2013-01-08T16:06:56","modified_gmt":"2013-01-08T16:06:56","slug":"cronologia-reino-de-navarra-tercera-parte","status":"publish","type":"page","link":"https:\/\/blogs.ua.es\/reinonavarra\/cronologia-reino-de-navarra-tercera-parte\/","title":{"rendered":"Cronolog\u00eda (1512-1631)"},"content":{"rendered":"<p align=\"JUSTIFY\"><span style=\"color: #ff0000\"><span style=\"font-family: Arial, sans-serif\"><span style=\"font-size: large\">1512 &#8211;<\/span><\/span><\/span><span style=\"color: #000000\"><span style=\"font-family: Arial, sans-serif\"><span style=\"font-size: large\"> Las armas castellano-aragonesas de Fernando de Arag\u00f3n, se apoderan de Pamplona, Saint-Jean-Pied-de-Port y ocupa Navarra entera. \u00daltima resistencia vasca en Amaiur (Maya) en 1522.<\/span><\/span><\/span><\/p>\n<p align=\"JUSTIFY\"><span style=\"color: #ff0000\"><span style=\"font-family: Arial, sans-serif\"><span style=\"font-size: large\">1522 &#8211;<\/span><\/span><\/span><span style=\"color: #000000\"><span style=\"font-family: Arial, sans-serif\"><span style=\"font-size: large\"> Sebasti\u00e1n Elcano (de Getaria, en Guip\u00fazcoa), lugarteniente de Magell\u00e1n, da <\/span><\/span><\/span><span style=\"color: #2323dc\"><span style=\"font-family: Arial, sans-serif\"><span style=\"font-size: large\">L<\/span><\/span><\/span><a href=\"http:\/\/www.artehistoria.com\/frames.htm?http:\/\/www.artehistoria.com\/historia\/contextos\/1517.htm\"><span style=\"color: #2323dc\"><span style=\"font-family: Arial, sans-serif\"><span style=\"font-size: large\">a Primera Vuelta Al Mundo.<\/span><\/span><\/span><\/a><span style=\"color: #000000\"><span style=\"font-family: Arial, sans-serif\"><span style=\"font-size: large\"> El ma\u00edz es introducido por primera vez en Europa por los marineros vascos y cultivado en la llanura de Ustaritz.<\/span><\/span><\/span><\/p>\n<p align=\"JUSTIFY\"><span style=\"color: #ff0000\"><span style=\"font-family: Arial, sans-serif\"><span style=\"font-size: large\">1530 &#8211; <\/span><\/span><\/span><span style=\"color: #000000\"><span style=\"font-family: Arial, sans-serif\"><span style=\"font-size: large\">El rey de Navarra vuelve a ocupar la sexta provincia (merindad) de su reino, abandonada por Carlos V; se trata de Baja Navarra.<\/span><\/span><\/span><\/p>\n<p align=\"JUSTIFY\"><span style=\"color: #ff0000\"><span style=\"font-family: Arial, sans-serif\"><span style=\"font-size: large\">1534 &#8211; <\/span><\/span><\/span><span style=\"color: #000000\"><span style=\"font-family: Arial, sans-serif\"><span style=\"font-size: large\">El guipuzcoano I\u00f1igo de Loyola y el navarro Francisco de Xabier fundan la Compa\u00f1\u00eda de Jes\u00fas.<\/span><\/span><\/span><\/p>\n<p align=\"JUSTIFY\"><span style=\"color: #ff0000\"><span style=\"font-family: Arial, sans-serif\"><span style=\"font-size: large\">1549 &#8211;<\/span><\/span><\/span><span style=\"color: #000000\"><span style=\"font-family: Arial, sans-serif\"><span style=\"font-size: large\"> Muerte de alav\u00e9s Francisco de Vitoria, creador del Derecho Internacional.<\/span><\/span><\/span><\/p>\n<p align=\"JUSTIFY\"><span style=\"color: #ff0000\"><span style=\"font-family: Arial, sans-serif\"><span style=\"font-size: large\">1565 &#8211; <\/span><\/span><\/span><span style=\"color: #000000\"><span style=\"font-family: Arial, sans-serif\"><span style=\"font-size: large\">Felipe<br \/>\nII de Espa\u00f1a arrebata al Obispo de Baiona los territorios que, en Navarra y en Guip\u00fazcoa formaban parte de sus di\u00f3cesis.<\/span><\/span><\/span><\/p>\n<p align=\"JUSTIFY\"><span style=\"color: #ff0000\"><span style=\"font-family: Arial, sans-serif\"><span style=\"font-size: large\">1589 &#8211; <\/span><\/span><\/span><span style=\"color: #000000\"><span style=\"font-family: Arial, sans-serif\"><span style=\"font-size: large\">Enrique III de Navarra se convierte en &#8220;Rey de Navarra y de Francia&#8221; bajo el nombre de Enrique IV.<\/span><\/span><\/span><\/p>\n<p align=\"JUSTIFY\"><span style=\"color: #ff0000\"><span style=\"font-family: Arial, sans-serif\"><span style=\"font-size: large\">1609 &#8211; <\/span><\/span><\/span><span style=\"color: #000000\"><span style=\"font-family: Arial, sans-serif\"><span style=\"font-size: large\">Pedro de Lancre y su cacer\u00eda de brujas en Lapurdi: 700 vascos mueren en la hoguera.<\/span><\/span><\/span><\/p>\n<p align=\"JUSTIFY\"><span style=\"color: #ff0000\"><span style=\"font-family: Arial, sans-serif\"><span style=\"font-size: large\">1620 &#8211; <\/span><\/span><\/span><span style=\"color: #000000\"><span style=\"font-family: Arial, sans-serif\"><span style=\"font-size: large\">Por un edicto de uni\u00f3n, Luis XIII, rey de Navarra y de Francia, une Navarra a la corona francesa: el acto no es reconocido por los Navarros quienes tienen sus mandatarios en Pau.<\/span><\/span><\/span><\/p>\n<p align=\"JUSTIFY\"><span style=\"color: #ff0000\"><span style=\"font-family: Arial, sans-serif\"><span style=\"font-size: large\">1631 &#8211; <\/span><\/span><\/span><span style=\"color: #000000\"><span style=\"font-family: Arial, sans-serif\"><span style=\"font-size: large\">Rebeli\u00f3n en Bizkaia.<\/span><\/span><\/span><\/p>\n","protected":false},"excerpt":{"rendered":"<p>1512 &#8211; Las armas castellano-aragonesas de Fernando de Arag\u00f3n, se apoderan de Pamplona, Saint-Jean-Pied-de-Port y ocupa Navarra entera. \u00daltima resistencia vasca en Amaiur (Maya) en 1522. 1522 &#8211; Sebasti\u00e1n Elcano (de Getaria, en Guip\u00fazcoa), lugarteniente de Magell\u00e1n, da La Primera Vuelta Al Mundo. El ma\u00edz es introducido por primera vez en Europa por los marineros [&hellip;]<\/p>\n","protected":false},"author":2739,"featured_media":0,"parent":0,"menu_order":2,"comment_status":"open","ping_status":"closed","template":"","meta":{"footnotes":""},"class_list":["post-102","page","type-page","status-publish","hentry"],"_links":{"self":[{"href":"https:\/\/blogs.ua.es\/reinonavarra\/wp-json\/wp\/v2\/pages\/102","targetHints":{"allow":["GET"]}}],"collection":[{"href":"https:\/\/blogs.ua.es\/reinonavarra\/wp-json\/wp\/v2\/pages"}],"about":[{"href":"https:\/\/blogs.ua.es\/reinonavarra\/wp-json\/wp\/v2\/types\/page"}],"author":[{"embeddable":true,"href":"https:\/\/blogs.ua.es\/reinonavarra\/wp-json\/wp\/v2\/users\/2739"}],"replies":[{"embeddable":true,"href":"https:\/\/blogs.ua.es\/reinonavarra\/wp-json\/wp\/v2\/comments?post=102"}],"version-history":[{"count":18,"href":"https:\/\/blogs.ua.es\/reinonavarra\/wp-json\/wp\/v2\/pages\/102\/revisions"}],"predecessor-version":[{"id":1114,"href":"https:\/\/blogs.ua.es\/reinonavarra\/wp-json\/wp\/v2\/pages\/102\/revisions\/1114"}],"wp:attachment":[{"href":"https:\/\/blogs.ua.es\/reinonavarra\/wp-json\/wp\/v2\/media?parent=102"}],"curies":[{"name":"wp","href":"https:\/\/api.w.org\/{rel}","templated":true}]}}