{"id":1119,"date":"2013-01-08T16:08:41","date_gmt":"2013-01-08T16:08:41","guid":{"rendered":"https:\/\/blogs.ua.es\/reinonavarra\/?page_id=1119"},"modified":"2013-01-15T15:57:24","modified_gmt":"2013-01-15T15:57:24","slug":"bibliografia","status":"publish","type":"page","link":"https:\/\/blogs.ua.es\/reinonavarra\/bibliografia\/","title":{"rendered":"Bibliograf\u00eda"},"content":{"rendered":"<p align=\"JUSTIFY\"><span style=\"font-family: Times New Roman, serif\"><span style=\"font-size: medium\">Atlas de Navarra: Editado por La Caja de Ahorros de Navarra, A\u00f1o 1.977<\/span><\/span><\/p>\n<p align=\"JUSTIFY\"><span style=\"font-family: Times New Roman, serif\"><span style=\"font-size: medium\">Resumen Hist\u00f3rico del Antiguo Reino de Navarra de Hermilio de Ol\u00f3riz, Cronista de Navarra \u00c9 Individuo Correspondiente de La Real Academia de La Historia. Pamplona 1.877<\/span><\/span><\/p>\n<p align=\"JUSTIFY\"><span style=\"font-family: Times New Roman, serif\"><span style=\"font-size: medium\">La Guerra de 1512-1522 y su repercusi\u00f3n sobre los territorios de la Corona de Navarra de Jos\u00e9 Mar\u00eda Jimeno Jur\u00edo<\/span><\/span><\/p>\n<p>Historia de Espa\u00f1a, Editorial Labor<\/p>\n<p>Historia Universal, Editorial Labor<\/p>\n<p>www. Diputaci\u00f3n Foral de Navarra<\/p>\n<p>&nbsp;<\/p>\n","protected":false},"excerpt":{"rendered":"<p>Atlas de Navarra: Editado por La Caja de Ahorros de Navarra, A\u00f1o 1.977 Resumen Hist\u00f3rico del Antiguo Reino de Navarra de Hermilio de Ol\u00f3riz, Cronista de Navarra \u00c9 Individuo Correspondiente de La Real Academia de La Historia. Pamplona 1.877 La Guerra de 1512-1522 y su repercusi\u00f3n sobre los territorios de la Corona de Navarra de [&hellip;]<\/p>\n","protected":false},"author":2739,"featured_media":0,"parent":0,"menu_order":7,"comment_status":"open","ping_status":"closed","template":"","meta":{"footnotes":""},"class_list":["post-1119","page","type-page","status-publish","hentry"],"_links":{"self":[{"href":"https:\/\/blogs.ua.es\/reinonavarra\/wp-json\/wp\/v2\/pages\/1119","targetHints":{"allow":["GET"]}}],"collection":[{"href":"https:\/\/blogs.ua.es\/reinonavarra\/wp-json\/wp\/v2\/pages"}],"about":[{"href":"https:\/\/blogs.ua.es\/reinonavarra\/wp-json\/wp\/v2\/types\/page"}],"author":[{"embeddable":true,"href":"https:\/\/blogs.ua.es\/reinonavarra\/wp-json\/wp\/v2\/users\/2739"}],"replies":[{"embeddable":true,"href":"https:\/\/blogs.ua.es\/reinonavarra\/wp-json\/wp\/v2\/comments?post=1119"}],"version-history":[{"count":5,"href":"https:\/\/blogs.ua.es\/reinonavarra\/wp-json\/wp\/v2\/pages\/1119\/revisions"}],"predecessor-version":[{"id":1238,"href":"https:\/\/blogs.ua.es\/reinonavarra\/wp-json\/wp\/v2\/pages\/1119\/revisions\/1238"}],"wp:attachment":[{"href":"https:\/\/blogs.ua.es\/reinonavarra\/wp-json\/wp\/v2\/media?parent=1119"}],"curies":[{"name":"wp","href":"https:\/\/api.w.org\/{rel}","templated":true}]}}