{"id":56,"date":"2012-09-20T04:58:04","date_gmt":"2012-09-20T04:58:04","guid":{"rendered":"https:\/\/blogs.ua.es\/reinonavarra\/?page_id=56"},"modified":"2013-01-08T16:03:32","modified_gmt":"2013-01-08T16:03:32","slug":"cronologia-reino-de-navarra-primera-parte","status":"publish","type":"page","link":"https:\/\/blogs.ua.es\/reinonavarra\/cronologia-reino-de-navarra-primera-parte\/","title":{"rendered":"Cronolog\u00eda (58aC-1200dc)"},"content":{"rendered":"<p align=\"JUSTIFY\"><span style=\"color: #ff3333\"><span style=\"font-family: Arial, sans-serif\"><span style=\"font-size: large\">58 antes de Cristo (a.c.)<\/span><\/span><\/span><span style=\"color: #000000\"><span style=\"font-family: Arial, sans-serif\"><span style=\"font-size: large\"> &#8211; Crassus, lugarteniente de C\u00e9sar, somete la poblaci\u00f3n ind\u00edgena del territorio que los Romanos llamaban Aquitania, que m\u00e1s tarde tomar\u00e1n los nombres de Novempopulaine, Vasconie, Gascogne&#8230; donde encontramos el mismo radical: sk en eusk, ask, Basque.<\/span><\/span><\/span><\/p>\n<p align=\"JUSTIFY\"><span style=\"color: #ff0000\"><span style=\"font-family: Arial, sans-serif\"><span style=\"font-size: large\">602 &#8211;<\/span><\/span><\/span><span style=\"color: #000000\"><span style=\"font-family: Arial, sans-serif\"><span style=\"font-size: large\"> Creaci\u00f3n del <\/span><\/span><\/span><span style=\"color: #2300dc\"><span style=\"font-family: Arial, sans-serif\"><span style=\"font-size: large\">D<\/span><\/span><\/span><a href=\"http:\/\/free.freespeech.org\/askatasuna\/docs\/vasconia.htm\"><span style=\"color: #2300dc\"><span style=\"font-family: Arial, sans-serif\"><span style=\"font-size: large\">ucado de Vasconia.<\/span><\/span><\/span><\/a><\/p>\n<p align=\"JUSTIFY\"><span style=\"color: #ff0000\"><span style=\"font-family: Arial, sans-serif\"><span style=\"font-size: large\">635 &#8211;<\/span><\/span><\/span><span style=\"color: #000000\"><span style=\"font-family: Arial, sans-serif\"><span style=\"font-size: large\"> Las tropas francesas del duque de Arimbert, lugarteniente de Dagobert, son derrotadas por los Vascos en el valle de Zuberoa.<\/span><\/span><\/span><\/p>\n<p align=\"JUSTIFY\"><span style=\"color: #ff0000\"><span style=\"font-family: Arial, sans-serif\"><span style=\"font-size: large\">778 &#8211;<\/span><\/span><\/span><span style=\"color: #000000\"><span style=\"font-family: Arial, sans-serif\"><span style=\"font-size: large\"> Carlomagno sufre una derrota en Zaragoza, ocupado por los Arabes, y a la vuelta arrasa Pamplona; su retaguardia es atacada por sorpresa por la armada vasca en el paso de Cize. Sufri\u00f3 tal desastre que inspir\u00f3 la <\/span><\/span><\/span><span style=\"color: #2300dc\"><span style=\"font-family: Arial, sans-serif\"><span style=\"font-size: large\">C<\/span><\/span><\/span><a href=\"http:\/\/webs.sinectis.com.ar\/mcagliani\/carlomag.htm\"><span style=\"color: #2300dc\"><span style=\"font-family: Arial, sans-serif\"><span style=\"font-size: large\">anci\u00f3n de Roland<\/span><\/span><\/span><\/a><span style=\"color: #2300dc\"><span style=\"font-family: Arial, sans-serif\"><span style=\"font-size: large\">.<\/span><\/span><\/span><\/p>\n<p align=\"JUSTIFY\"><span style=\"color: #ff3366\"><span style=\"font-family: Arial, sans-serif\"><span style=\"font-size: large\">824 &#8211;<\/span><\/span><\/span><span style=\"color: #000000\"><span style=\"font-family: Arial, sans-serif\"><span style=\"font-size: large\"> Nace el reino vasc\u00f3n de Pamplona.<\/span><\/span><\/span><\/p>\n<p align=\"JUSTIFY\"><span style=\"color: #ff0000\"><span style=\"font-family: Arial, sans-serif\"><span style=\"font-size: large\">892 &#8211; <\/span><\/span><\/span><span style=\"color: #000000\"><span style=\"font-family: Arial, sans-serif\"><span style=\"font-size: large\">San Le\u00f3n, que vino a evangelizar a los vascos, es decapitado en Baiona, ocupada entonces por los Normados. Guillermo Sancho (Guillaume Sanche), duque de los Vascones, hace retroceder definitivamente a los Normados.<\/span><\/span><\/span><\/p>\n<p align=\"JUSTIFY\"><span style=\"color: #ff0000\"><span style=\"font-family: Arial, sans-serif\"><span style=\"font-size: large\">1004 &#8211;<\/span><\/span><\/span><span style=\"color: #000000\"><span style=\"font-family: Arial, sans-serif\"><span style=\"font-size: large\"> El rey vasco Sancho el Grande (Sanche le Grand) reina sobre todas las tierras habitadas por los vascos; adem\u00e1s del reino de Navarra, tiene en sus manos Gascogne, Arag\u00f3n, Castilla y el Condado de Toulouse.<\/span><\/span><\/span><\/p>\n<p align=\"JUSTIFY\"><span style=\"color: #ff0000\"><span style=\"font-family: Arial, sans-serif\"><span style=\"font-size: large\">1023 &#8211;<\/span><\/span><\/span><span style=\"color: #000000\"><span style=\"font-family: Arial, sans-serif\"><span style=\"font-size: large\"> Sancho el Grande (Sanche le Grand) crea el Vizcondado de Lapurdi para su primo Lupo Sancho (Otsoa Santxo) (Loup Sanche) quien se instala en Baiona, y otorga la provincia de Zuberoa al vizconde Guillermo Fuerte (Guillaume Fort); estos actos que se inscriben dentro del sistema feudal, traer\u00e1n consecuencias muy pesadas para la unidad vasca.<\/span><\/span><\/span><\/p>\n<p align=\"JUSTIFY\"><span style=\"color: #ff0000\"><span style=\"font-family: Arial, sans-serif\"><span style=\"font-size: large\">1193 &#8211;<\/span><\/span><\/span><span style=\"color: #000000\"><span style=\"font-family: Arial, sans-serif\"><span style=\"font-size: large\"> El vizconde de Lapurdi Guillermo Raymond (Guillaume Raymond) cede sus derechos se\u00f1oriales al rey de Inglaterra, Henri Plantagenet, convertido ya en duque de Aquitania gracias a su matrimonio con Ali\u00e9nor.<\/span><\/span><\/span><\/p>\n<p align=\"JUSTIFY\"><span style=\"color: #ff0000\"><span style=\"font-family: Arial, sans-serif\"><span style=\"font-size: large\">1200 &#8211;<\/span><\/span><\/span><span style=\"color: #000000\"><span style=\"font-family: Arial, sans-serif\"><span style=\"font-size: large\"> Castilla ocupa Vitoria y conquista \u00c1lava. Guip\u00fazcoa se ve obligada a aceptar como &#8220;se\u00f1or&#8221; al rey de Castilla.<\/span><\/span><\/span><\/p>\n<p align=\"CENTER\">\n","protected":false},"excerpt":{"rendered":"<p>58 antes de Cristo (a.c.) &#8211; Crassus, lugarteniente de C\u00e9sar, somete la poblaci\u00f3n ind\u00edgena del territorio que los Romanos llamaban Aquitania, que m\u00e1s tarde tomar\u00e1n los nombres de Novempopulaine, Vasconie, Gascogne&#8230; donde encontramos el mismo radical: sk en eusk, ask, Basque. 602 &#8211; Creaci\u00f3n del Ducado de Vasconia. 635 &#8211; Las tropas francesas del duque [&hellip;]<\/p>\n","protected":false},"author":2739,"featured_media":0,"parent":0,"menu_order":0,"comment_status":"open","ping_status":"closed","template":"","meta":{"footnotes":""},"class_list":["post-56","page","type-page","status-publish","hentry"],"_links":{"self":[{"href":"https:\/\/blogs.ua.es\/reinonavarra\/wp-json\/wp\/v2\/pages\/56","targetHints":{"allow":["GET"]}}],"collection":[{"href":"https:\/\/blogs.ua.es\/reinonavarra\/wp-json\/wp\/v2\/pages"}],"about":[{"href":"https:\/\/blogs.ua.es\/reinonavarra\/wp-json\/wp\/v2\/types\/page"}],"author":[{"embeddable":true,"href":"https:\/\/blogs.ua.es\/reinonavarra\/wp-json\/wp\/v2\/users\/2739"}],"replies":[{"embeddable":true,"href":"https:\/\/blogs.ua.es\/reinonavarra\/wp-json\/wp\/v2\/comments?post=56"}],"version-history":[{"count":20,"href":"https:\/\/blogs.ua.es\/reinonavarra\/wp-json\/wp\/v2\/pages\/56\/revisions"}],"predecessor-version":[{"id":1108,"href":"https:\/\/blogs.ua.es\/reinonavarra\/wp-json\/wp\/v2\/pages\/56\/revisions\/1108"}],"wp:attachment":[{"href":"https:\/\/blogs.ua.es\/reinonavarra\/wp-json\/wp\/v2\/media?parent=56"}],"curies":[{"name":"wp","href":"https:\/\/api.w.org\/{rel}","templated":true}]}}