{"id":77,"date":"2012-09-20T05:51:24","date_gmt":"2012-09-20T05:51:24","guid":{"rendered":"https:\/\/blogs.ua.es\/reinonavarra\/?page_id=77"},"modified":"2013-01-08T16:06:45","modified_gmt":"2013-01-08T16:06:45","slug":"cronologia-reino-de-navarra-segunda-parte","status":"publish","type":"page","link":"https:\/\/blogs.ua.es\/reinonavarra\/cronologia-reino-de-navarra-segunda-parte\/","title":{"rendered":"Cronolog\u00eda (1224-1483)"},"content":{"rendered":"<p align=\"JUSTIFY\"><span style=\"color: #ff0000\"><span style=\"font-family: Arial, sans-serif\"><span style=\"font-size: large\">1224 &#8211;<\/span><\/span><\/span><span style=\"color: #000000\"><span style=\"font-family: Arial, sans-serif\"><span style=\"font-size: large\"> Bizkaia se convierte en un estado independiente.<\/span><\/span><\/span><\/p>\n<p align=\"JUSTIFY\"><span style=\"color: #ff0000\"><span style=\"font-family: Arial, sans-serif\"><span style=\"font-size: large\">1234 &#8211;<\/span><\/span><\/span><span style=\"color: #000000\"><span style=\"font-family: Arial, sans-serif\"><span style=\"font-size: large\"> La dinast\u00eda vasca de Navarra se extingue con Sancho el Fuerte (Sanche le Fort) : la corona pasa a manos de Thibault de la familia Champagne.<\/span><\/span><\/span><\/p>\n<p align=\"JUSTIFY\"><span style=\"color: #ff0000\"><span style=\"font-family: Arial, sans-serif\"><span style=\"font-size: large\">1307 &#8211;<\/span><\/span><\/span><span style=\"color: #000000\"><span style=\"font-family: Arial, sans-serif\"><span style=\"font-size: large\"> El vizconde Auger cede sus derechos de Zuberoa al rey de Inglaterra y se retira a Navarra.<\/span><\/span><\/span><\/p>\n<p align=\"JUSTIFY\"><span style=\"color: #ff0000\"><span style=\"font-family: Arial, sans-serif\"><span style=\"font-size: large\">1332 &#8211;<\/span><\/span><\/span><span style=\"color: #000000\"><span style=\"font-family: Arial, sans-serif\"><span style=\"font-size: large\"> \u00c1lava se ve forzada a aceptar como &#8220;se\u00f1or&#8221; al rei de Castilla.<\/span><\/span><\/span><\/p>\n<p align=\"JUSTIFY\"><span style=\"color: #ff0000\"><span style=\"font-family: Arial, sans-serif\"><span style=\"font-size: large\">1379 &#8211; <\/span><\/span><\/span><span style=\"color: #000000\"><span style=\"font-family: Arial, sans-serif\"><span style=\"font-size: large\">El se\u00f1or de Bizkaia, Juan de Haro, se convierte en rey de Castilla. Bizkaia, unido a t\u00edtulo personal, conserva su soberan\u00eda, como lo demuestra el juramento ritualmente prestado en gernika por los reyes de Castilla y de Bizkaia.<\/span><\/span><\/span><\/p>\n<p align=\"JUSTIFY\"><span style=\"color: #ff0000\"><span style=\"font-family: Arial, sans-serif\"><span style=\"font-size: large\">1449 &#8211; <\/span><\/span><\/span><span style=\"color: #000000\"><span style=\"font-family: Arial, sans-serif\"><span style=\"font-size: large\">Gast\u00f3n de Foix, a las \u00f3rdenes de Francia, ocupa Zuberoa que se encontraba bajo la autoridad inglesa.<\/span><\/span><\/span><\/p>\n<p align=\"JUSTIFY\"><span style=\"color: #ff0000\"><span style=\"font-family: Arial, sans-serif\"><span style=\"font-size: large\">1450 &#8211; <\/span><\/span><\/span><span style=\"color: #000000\"><span style=\"font-family: Arial, sans-serif\"><span style=\"font-size: large\">Por el tratado &#8220;d&#8217;Ayherre&#8221;, Lapurdi se pone bajo la autoridad del rey de Francia a cambio del respeto a su autonom\u00eda.<\/span><\/span><\/span><\/p>\n<p align=\"JUSTIFY\"><span style=\"color: #ff0000\"><span style=\"font-family: Arial, sans-serif\"><span style=\"font-size: large\">1451 &#8211; <\/span><\/span><\/span><span style=\"color: #000000\"><span style=\"font-family: Arial, sans-serif\"><span style=\"font-size: large\">Francia conquista Baiona.<\/span><\/span><\/span><\/p>\n<p align=\"JUSTIFY\"><span style=\"color: #ff0000\"><span style=\"font-family: Arial, sans-serif\"><span style=\"font-size: large\">1463 &#8211; <\/span><\/span><\/span><span style=\"color: #000000\"><span style=\"font-family: Arial, sans-serif\"><span style=\"font-size: large\">Entrevista de Luis XVI de Francia y Enrique IV de Castilla quienes proyectan el reparto de Navarra.<\/span><\/span><\/span><\/p>\n<p align=\"JUSTIFY\"><span style=\"color: #ff0000\"><span style=\"font-family: Arial, sans-serif\"><span style=\"font-size: large\">1483 &#8211; <\/span><\/span><\/span><span style=\"color: #000000\"><span style=\"font-family: Arial, sans-serif\"><span style=\"font-size: large\">Catherine de Foix, de la familia B\u00e9arn, hereda el reino de Navarra.<\/span><\/span><\/span><\/p>\n","protected":false},"excerpt":{"rendered":"<p>1224 &#8211; Bizkaia se convierte en un estado independiente. 1234 &#8211; La dinast\u00eda vasca de Navarra se extingue con Sancho el Fuerte (Sanche le Fort) : la corona pasa a manos de Thibault de la familia Champagne. 1307 &#8211; El vizconde Auger cede sus derechos de Zuberoa al rey de Inglaterra y se retira a [&hellip;]<\/p>\n","protected":false},"author":2739,"featured_media":0,"parent":0,"menu_order":1,"comment_status":"open","ping_status":"closed","template":"","meta":{"footnotes":""},"class_list":["post-77","page","type-page","status-publish","hentry"],"_links":{"self":[{"href":"https:\/\/blogs.ua.es\/reinonavarra\/wp-json\/wp\/v2\/pages\/77","targetHints":{"allow":["GET"]}}],"collection":[{"href":"https:\/\/blogs.ua.es\/reinonavarra\/wp-json\/wp\/v2\/pages"}],"about":[{"href":"https:\/\/blogs.ua.es\/reinonavarra\/wp-json\/wp\/v2\/types\/page"}],"author":[{"embeddable":true,"href":"https:\/\/blogs.ua.es\/reinonavarra\/wp-json\/wp\/v2\/users\/2739"}],"replies":[{"embeddable":true,"href":"https:\/\/blogs.ua.es\/reinonavarra\/wp-json\/wp\/v2\/comments?post=77"}],"version-history":[{"count":20,"href":"https:\/\/blogs.ua.es\/reinonavarra\/wp-json\/wp\/v2\/pages\/77\/revisions"}],"predecessor-version":[{"id":1113,"href":"https:\/\/blogs.ua.es\/reinonavarra\/wp-json\/wp\/v2\/pages\/77\/revisions\/1113"}],"wp:attachment":[{"href":"https:\/\/blogs.ua.es\/reinonavarra\/wp-json\/wp\/v2\/media?parent=77"}],"curies":[{"name":"wp","href":"https:\/\/api.w.org\/{rel}","templated":true}]}}