{"id":778,"date":"2012-11-21T15:10:06","date_gmt":"2012-11-21T15:10:06","guid":{"rendered":"https:\/\/blogs.ua.es\/reinonavarra\/?page_id=778"},"modified":"2013-01-08T16:07:07","modified_gmt":"2013-01-08T16:07:07","slug":"cronologia-reino-de-navarra-cuarta-parte","status":"publish","type":"page","link":"https:\/\/blogs.ua.es\/reinonavarra\/cronologia-reino-de-navarra-cuarta-parte\/","title":{"rendered":"Cronolog\u00eda (1659-1841)"},"content":{"rendered":"<p align=\"JUSTIFY\"><span style=\"color: #ff0000\"><span style=\"font-family: Arial, sans-serif\"><span style=\"font-size: large\">1659 &#8211;<\/span><\/span><\/span><span style=\"color: #000000\"><span style=\"font-family: Arial, sans-serif\"><span style=\"font-size: large\"> Por el tratado de los Pirineos, Luis XIV renuncia a sus derechos leg\u00edtimos sobre la Navarra meridional, todav\u00eda ocupada por el ej\u00e9rcito castellano.<\/span><\/span><\/span><\/p>\n<p align=\"JUSTIFY\"><span style=\"color: #ff0000\"><span style=\"font-family: Arial, sans-serif\"><span style=\"font-size: large\">1661 &#8211; <\/span><\/span><\/span><span style=\"color: #000000\"><span style=\"font-family: Arial, sans-serif\"><span style=\"font-size: large\">Ejecuci\u00f3n de Bernard de Goyhenetche, llamado Matalaz, jefe de la rebeli\u00f3n de Zuberoa contra la autoridad francesa.<\/span><\/span><\/span><\/p>\n<p align=\"JUSTIFY\"><span style=\"color: #ff0000\"><span style=\"font-family: Arial, sans-serif\"><span style=\"font-size: large\">1765 &#8211;<\/span><\/span><\/span><span style=\"color: #000000\"><span style=\"font-family: Arial, sans-serif\"><span style=\"font-size: large\"> Tratado de Elizondo por el cual los reyes de Espa\u00f1a y de Francia fijan la frontera de sus reinos en territorio navarro; el tratado no se aplicar\u00e1, a causa de la protesta de Navarros del norte y del sur.<\/span><\/span><\/span><\/p>\n<p align=\"JUSTIFY\"><span style=\"color: #ff0000\"><span style=\"font-family: Arial, sans-serif\"><span style=\"font-size: large\">1789 &#8211; <\/span><\/span><\/span><span style=\"color: #000000\"><span style=\"font-family: Arial, sans-serif\"><span style=\"font-size: large\">Supresi\u00f3n por el nuevo Estado franc\u00e9s de la autonom\u00eda de Zuberoa y de Lapurdi, y anexi\u00f3n de la Baja Navarra, quien no ha querido participar en las reuniones parlamentarias en Versalles.<\/span><\/span><\/span><\/p>\n<p align=\"JUSTIFY\"><span style=\"color: #ff0000\"><span style=\"font-family: Arial, sans-serif\"><span style=\"font-size: large\">1790 &#8211;<\/span><\/span><\/span><span style=\"color: #000000\"><span style=\"font-family: Arial, sans-serif\"><span style=\"font-size: large\"> Creaci\u00f3n del departamento de Bajos-Pirineos (Pirineos Atl\u00e1nticos).<\/span><\/span><\/span><\/p>\n<p align=\"JUSTIFY\"><span style=\"color: #ff0000\"><span style=\"font-family: Arial, sans-serif\"><span style=\"font-size: large\">1794 &#8211; <\/span><\/span><\/span><span style=\"color: #000000\"><span style=\"font-family: Arial, sans-serif\"><span style=\"font-size: large\">Las autoridades Francesas deportan 4000 vascos de Lapurdi, por no querer hacer la guerra a sus hermanos del sur.<\/span><\/span><\/span><\/p>\n<p align=\"JUSTIFY\"><span style=\"color: #ff0000\"><span style=\"font-family: Arial, sans-serif\"><span style=\"font-size: large\">1833 &#8211; 1839 &#8211;<\/span><\/span><\/span><a href=\"http:\/\/www.centvria.com\/catalogo\/xix\/med-01.htm\"><span style=\"color: #2323dc\"><span style=\"font-family: Arial, sans-serif\"><span style=\"font-size: large\">Primera Guerra Carlista<\/span><\/span><\/span><\/a><span style=\"color: #000000\"><span style=\"font-family: Arial, sans-serif\"><span style=\"font-size: large\"> donde participan los vascos de las cuatro provincias del sur. Manifiesto de solidaridad de los vascos del norte, entre los cuales se encontraban Agust\u00edn Chaho (de Zuberoa).<\/span><\/span><\/span><\/p>\n<p align=\"JUSTIFY\"><span style=\"color: #ff0000\"><span style=\"font-family: Arial, sans-serif\"><span style=\"font-size: large\">1835 &#8211;<\/span><\/span><\/span><span style=\"color: #000000\"><span style=\"font-family: Arial, sans-serif\"><span style=\"font-size: large\"> Muerte del General Zumalak\u00e1rregi, jefe del ejercito vasco, en la sede de Bilbao.<\/span><\/span><\/span><\/p>\n<p align=\"JUSTIFY\"><span style=\"color: #ff0000\"><span style=\"font-family: Arial, sans-serif\"><span style=\"font-size: large\">1839 &#8211; <\/span><\/span><\/span><span style=\"color: #000000\"><span style=\"font-family: Arial, sans-serif\"><span style=\"font-size: large\">Derrota de los vascos frente a los castellanos. Concenci\u00f3n de Bergara. P\u00e9rdida de la autonom\u00eda de \u00c1lava, Bizkaia y Guip\u00fazcoa, y la abolici\u00f3n del Estado de Navarra.<\/span><\/span><\/span><\/p>\n<p align=\"JUSTIFY\"><span style=\"color: #ff0000\"><span style=\"font-family: Arial, sans-serif\"><span style=\"font-size: large\">1841 &#8211; <\/span><\/span><\/span><span style=\"color: #000000\"><span style=\"font-family: Arial, sans-serif\"><span style=\"font-size: large\">Transferencia de la aduana espa\u00f1ola del Ebro al Bidasoa.<\/span><\/span><\/span><\/p>\n","protected":false},"excerpt":{"rendered":"<p>1659 &#8211; Por el tratado de los Pirineos, Luis XIV renuncia a sus derechos leg\u00edtimos sobre la Navarra meridional, todav\u00eda ocupada por el ej\u00e9rcito castellano. 1661 &#8211; Ejecuci\u00f3n de Bernard de Goyhenetche, llamado Matalaz, jefe de la rebeli\u00f3n de Zuberoa contra la autoridad francesa. 1765 &#8211; Tratado de Elizondo por el cual los reyes de [&hellip;]<\/p>\n","protected":false},"author":2739,"featured_media":0,"parent":0,"menu_order":3,"comment_status":"open","ping_status":"closed","template":"","meta":{"footnotes":""},"class_list":["post-778","page","type-page","status-publish","hentry"],"_links":{"self":[{"href":"https:\/\/blogs.ua.es\/reinonavarra\/wp-json\/wp\/v2\/pages\/778","targetHints":{"allow":["GET"]}}],"collection":[{"href":"https:\/\/blogs.ua.es\/reinonavarra\/wp-json\/wp\/v2\/pages"}],"about":[{"href":"https:\/\/blogs.ua.es\/reinonavarra\/wp-json\/wp\/v2\/types\/page"}],"author":[{"embeddable":true,"href":"https:\/\/blogs.ua.es\/reinonavarra\/wp-json\/wp\/v2\/users\/2739"}],"replies":[{"embeddable":true,"href":"https:\/\/blogs.ua.es\/reinonavarra\/wp-json\/wp\/v2\/comments?post=778"}],"version-history":[{"count":4,"href":"https:\/\/blogs.ua.es\/reinonavarra\/wp-json\/wp\/v2\/pages\/778\/revisions"}],"predecessor-version":[{"id":1115,"href":"https:\/\/blogs.ua.es\/reinonavarra\/wp-json\/wp\/v2\/pages\/778\/revisions\/1115"}],"wp:attachment":[{"href":"https:\/\/blogs.ua.es\/reinonavarra\/wp-json\/wp\/v2\/media?parent=778"}],"curies":[{"name":"wp","href":"https:\/\/api.w.org\/{rel}","templated":true}]}}