{"id":781,"date":"2012-11-21T15:12:21","date_gmt":"2012-11-21T15:12:21","guid":{"rendered":"https:\/\/blogs.ua.es\/reinonavarra\/?page_id=781"},"modified":"2013-01-08T16:07:13","modified_gmt":"2013-01-08T16:07:13","slug":"cronologia-reino-de-navarra-quinta-parte","status":"publish","type":"page","link":"https:\/\/blogs.ua.es\/reinonavarra\/cronologia-reino-de-navarra-quinta-parte\/","title":{"rendered":"Cronolog\u00eda (1845-)"},"content":{"rendered":"<p align=\"JUSTIFY\"><span style=\"color: #ff0000\"><span style=\"font-family: Arial, sans-serif\"><span style=\"font-size: large\">1845 &#8211;<\/span><\/span><\/span><span style=\"color: #000000\"><span style=\"font-family: Arial, sans-serif\"><span style=\"font-size: large\"> Comienzo del \u00e9xodo masivo de los vascos a Am\u00e9rica del Sur. Implantaci\u00f3n en Bizcaia de una industria sider\u00fargica moderna.<\/span><\/span><\/span><\/p>\n<p align=\"JUSTIFY\"><span style=\"color: #ff0000\"><span style=\"font-family: Arial, sans-serif\"><span style=\"font-size: large\">1856 &#8211; <\/span><\/span><\/span><span style=\"color: #000000\"><span style=\"font-family: Arial, sans-serif\"><span style=\"font-size: large\">Convenci\u00f3n franco-espa\u00f1ola para aplicar la fijaci\u00f3n de la frontera compartiendo Navarra.<\/span><\/span><\/span><\/p>\n<p align=\"JUSTIFY\"><span style=\"color: #ff0000\"><span style=\"font-family: Arial, sans-serif\"><span style=\"font-size: large\">1872 &#8211; 1876 &#8211;<\/span><\/span><\/span><span style=\"color: #000000\"><span style=\"font-family: Arial, sans-serif\"><span style=\"font-size: large\"> Segunda guerra Carlista y segunda derrota de los vascos que ocasiona el reforzamiento del centralismo castellano (espa\u00f1ol).<\/span><\/span><\/span><\/p>\n<p align=\"JUSTIFY\"><span style=\"color: #ff0000\"><span style=\"font-family: Arial, sans-serif\"><span style=\"font-size: large\">1895 &#8211; <\/span><\/span><\/span><span style=\"color: #000000\"><span style=\"font-family: Arial, sans-serif\"><span style=\"font-size: large\">Sabino Arana Goiri funda el Partido Nacionalista Vasco, llama a la naci\u00f3n vasca Euskadi y crea la bandera nacional de las Siete Provincias.<\/span><\/span><\/span><\/p>\n<p align=\"JUSTIFY\"><span style=\"color: #ff0000\"><span style=\"font-family: Arial, sans-serif\"><span style=\"font-size: large\">1932 &#8211;<\/span><\/span><\/span><span style=\"color: #000000\"><span style=\"font-family: Arial, sans-serif\"><span style=\"font-size: large\"> 80.000 Vascos celebran en Bilbao el primer Aberri Eguna, d\u00eda de la Patria Vasca.<\/span><\/span><\/span><\/p>\n<p align=\"JUSTIFY\"><span style=\"color: #ff0000\"><span style=\"font-family: Arial, sans-serif\"><span style=\"font-size: large\">1936 &#8211; <\/span><\/span><\/span><span style=\"color: #000000\"><span style=\"font-family: Arial, sans-serif\"><span style=\"font-size: large\">Jos\u00e9 Antonio de Aguirre forma el primer gobierno de Euskadi y dirige al ej\u00e9rcito vasco contra la agresi\u00f3n de militares espa\u00f1oles a las ordenes de Franco.<\/span><\/span><\/span><\/p>\n<p align=\"JUSTIFY\"><span style=\"color: #ff0000\"><span style=\"font-family: Arial, sans-serif\"><span style=\"font-size: large\">1937 &#8211;<\/span><\/span><\/span><span style=\"color: #000000\"><span style=\"font-family: Arial, sans-serif\"><span style=\"font-size: large\"> Bombardeo de Gernika por la aviaci\u00f3n nazi a petici\u00f3n de Franco el lunes 26 de abril.<\/span><\/span><\/span><\/p>\n<p align=\"CENTER\"><span style=\"color: #000000\"><span style=\"font-family: Arial, sans-serif\"><span style=\"font-size: large\">F<\/span><\/span><\/span><span style=\"color: #000000\"><span style=\"font-family: Arial, sans-serif\"><span style=\"font-size: large\">in del Estado de Euskadi por la victoria militar del Franquismo.<\/span><\/span><\/span><\/p>\n<p align=\"CENTER\"><span style=\"color: #000000\"><span style=\"font-family: Arial, sans-serif\"><span style=\"font-size: large\">L<\/span><\/span><\/span><span style=\"color: #000000\"><span style=\"font-family: Arial, sans-serif\"><span style=\"font-size: large\">os Vascos cuentan con 50.000 muertos y 200.000 exiliados.<\/span><\/span><\/span><\/p>\n<p align=\"JUSTIFY\"><span style=\"color: #ff0000\"><span style=\"font-family: Arial, sans-serif\"><span style=\"font-size: large\">1959 &#8211;<\/span><\/span><\/span><a href=\"http:\/\/observatorio.barcelona2004.org\/observatorio\/mostrarDossier_e.htm?num_dossier=5\"><span style=\"color: #2323dc\"><span style=\"font-family: Arial, sans-serif\"><span style=\"font-size: large\">Creaci\u00f3n del movimiento ETA<\/span><\/span><\/span><\/a><span style=\"color: #000000\"><span style=\"font-family: Arial, sans-serif\"><span style=\"font-size: large\"> (Euskadi Ta Askatasuna, Pa\u00eds vasco y libertad) en el sur de Euskadi (Hegoalde).<\/span><\/span><\/span><\/p>\n<p align=\"JUSTIFY\"><span style=\"color: #ff0000\"><span style=\"font-family: Arial, sans-serif\"><span style=\"font-size: large\">1963 &#8211;<\/span><\/span><\/span><span style=\"color: #000000\"><span style=\"font-family: Arial, sans-serif\"><span style=\"font-size: large\"> Creaci\u00f3n en Euskadi-Norte (Iparralde) del movimiento Enbata (viento del oeste que precede a la tormenta).<\/span><\/span><\/span><\/p>\n<p align=\"JUSTIFY\"><span style=\"color: #ff0000\"><span style=\"font-family: Arial, sans-serif\"><span style=\"font-size: large\">1970 &#8211; <\/span><\/span><\/span><span style=\"color: #000000\"><span style=\"font-family: Arial, sans-serif\"><span style=\"font-size: large\">En diciembre, se celebra el famoso proceso de Burgos y la sublevaci\u00f3n pac\u00edfica de Euskadi.<\/span><\/span><\/span><\/p>\n<p align=\"JUSTIFY\"><span style=\"color: #ff0000\"><span style=\"font-family: Arial, sans-serif\"><span style=\"font-size: large\">1973 &#8211;<\/span><\/span><\/span><span style=\"color: #000000\"><span style=\"font-family: Arial, sans-serif\"><span style=\"font-size: large\"> El 20 de diciembre, ETA asesina en Madrid al delf\u00edn de Franco y primer ministro espa\u00f1ol, almirante Carrero Blanco.<\/span><\/span><\/span><\/p>\n<p align=\"JUSTIFY\"><span style=\"color: #ff0000\"><span style=\"font-family: Arial, sans-serif\"><span style=\"font-size: large\">1974 &#8211; <\/span><\/span><\/span><span style=\"color: #000000\"><span style=\"font-family: Arial, sans-serif\"><span style=\"font-size: large\">El gobierno franc\u00e9s proh\u00edbe el movimiento Enbata (30 de enero).<\/span><\/span><\/span><\/p>\n<p align=\"JUSTIFY\"><span style=\"color: #ff0000\"><span style=\"font-family: Arial, sans-serif\"><span style=\"font-size: large\">1976 &#8211;<\/span><\/span><\/span><span style=\"color: #000000\"><span style=\"font-family: Arial, sans-serif\"><span style=\"font-size: large\"> Masacres de Vitoria-Gasteiz y Montejurra. El 1 de julio, el centenario de la supresi\u00f3n de los fueros, 100.000 vascos y muchos alcaldes se re\u00fanen en Bergara para reivindicar la autonom\u00eda interna.<\/span><\/span><\/span><\/p>\n<p align=\"JUSTIFY\"><span style=\"color: #ff0000\"><span style=\"font-family: Arial, sans-serif\"><span style=\"font-size: large\">1980 &#8211; <\/span><\/span><\/span><span style=\"color: #000000\"><span style=\"font-family: Arial, sans-serif\"><span style=\"font-size: large\">Estatuto de Autonom\u00eda. Gobierno Vasco en Vitoria-Gasteiz para las tres provincias de \u00c1lava, Bizkaia y Guip\u00fazcoa. Gobierno de Navarra en Pamplona.<\/span><\/span><\/span><\/p>\n","protected":false},"excerpt":{"rendered":"<p>1845 &#8211; Comienzo del \u00e9xodo masivo de los vascos a Am\u00e9rica del Sur. Implantaci\u00f3n en Bizcaia de una industria sider\u00fargica moderna. 1856 &#8211; Convenci\u00f3n franco-espa\u00f1ola para aplicar la fijaci\u00f3n de la frontera compartiendo Navarra. 1872 &#8211; 1876 &#8211; Segunda guerra Carlista y segunda derrota de los vascos que ocasiona el reforzamiento del centralismo castellano (espa\u00f1ol). [&hellip;]<\/p>\n","protected":false},"author":2739,"featured_media":0,"parent":0,"menu_order":4,"comment_status":"open","ping_status":"closed","template":"","meta":{"footnotes":""},"class_list":["post-781","page","type-page","status-publish","hentry"],"_links":{"self":[{"href":"https:\/\/blogs.ua.es\/reinonavarra\/wp-json\/wp\/v2\/pages\/781","targetHints":{"allow":["GET"]}}],"collection":[{"href":"https:\/\/blogs.ua.es\/reinonavarra\/wp-json\/wp\/v2\/pages"}],"about":[{"href":"https:\/\/blogs.ua.es\/reinonavarra\/wp-json\/wp\/v2\/types\/page"}],"author":[{"embeddable":true,"href":"https:\/\/blogs.ua.es\/reinonavarra\/wp-json\/wp\/v2\/users\/2739"}],"replies":[{"embeddable":true,"href":"https:\/\/blogs.ua.es\/reinonavarra\/wp-json\/wp\/v2\/comments?post=781"}],"version-history":[{"count":4,"href":"https:\/\/blogs.ua.es\/reinonavarra\/wp-json\/wp\/v2\/pages\/781\/revisions"}],"predecessor-version":[{"id":1116,"href":"https:\/\/blogs.ua.es\/reinonavarra\/wp-json\/wp\/v2\/pages\/781\/revisions\/1116"}],"wp:attachment":[{"href":"https:\/\/blogs.ua.es\/reinonavarra\/wp-json\/wp\/v2\/media?parent=781"}],"curies":[{"name":"wp","href":"https:\/\/api.w.org\/{rel}","templated":true}]}}