{"id":19,"date":"2013-01-08T17:34:02","date_gmt":"2013-01-08T17:34:02","guid":{"rendered":"https:\/\/blogs.ua.es\/reinonazarigranada\/?page_id=19"},"modified":"2013-01-08T18:18:17","modified_gmt":"2013-01-08T18:18:17","slug":"bibliografia","status":"publish","type":"page","link":"https:\/\/blogs.ua.es\/reinonazarigranada\/bibliografia\/","title":{"rendered":"Bibliograf\u00eda"},"content":{"rendered":"<ul>\n<li><span style=\"font-size: large\">Historia de Espa\u00f1a. Salvat Editores S.A. Barcelona, 1984.<\/span><\/li>\n<li><span style=\"font-size: large\">Montgomery Watt. Historia de la Espa\u00f1a Isl\u00e1mica. Alianza Editorial S.A. Madrid, 1974.<\/span><\/li>\n<li><span style=\"font-size: large\">Historia Universal. Editorial Salvat, S.L. 2004<\/span><\/li>\n<\/ul>\n","protected":false},"excerpt":{"rendered":"<p>Historia de Espa\u00f1a. Salvat Editores S.A. Barcelona, 1984. Montgomery Watt. Historia de la Espa\u00f1a Isl\u00e1mica. Alianza Editorial S.A. Madrid, 1974. Historia Universal. Editorial Salvat, S.L. 2004<\/p>\n","protected":false},"author":2738,"featured_media":0,"parent":0,"menu_order":3,"comment_status":"open","ping_status":"closed","template":"","meta":{"footnotes":""},"class_list":["post-19","page","type-page","status-publish","hentry"],"_links":{"self":[{"href":"https:\/\/blogs.ua.es\/reinonazarigranada\/wp-json\/wp\/v2\/pages\/19","targetHints":{"allow":["GET"]}}],"collection":[{"href":"https:\/\/blogs.ua.es\/reinonazarigranada\/wp-json\/wp\/v2\/pages"}],"about":[{"href":"https:\/\/blogs.ua.es\/reinonazarigranada\/wp-json\/wp\/v2\/types\/page"}],"author":[{"embeddable":true,"href":"https:\/\/blogs.ua.es\/reinonazarigranada\/wp-json\/wp\/v2\/users\/2738"}],"replies":[{"embeddable":true,"href":"https:\/\/blogs.ua.es\/reinonazarigranada\/wp-json\/wp\/v2\/comments?post=19"}],"version-history":[{"count":2,"href":"https:\/\/blogs.ua.es\/reinonazarigranada\/wp-json\/wp\/v2\/pages\/19\/revisions"}],"predecessor-version":[{"id":76,"href":"https:\/\/blogs.ua.es\/reinonazarigranada\/wp-json\/wp\/v2\/pages\/19\/revisions\/76"}],"wp:attachment":[{"href":"https:\/\/blogs.ua.es\/reinonazarigranada\/wp-json\/wp\/v2\/media?parent=19"}],"curies":[{"name":"wp","href":"https:\/\/api.w.org\/{rel}","templated":true}]}}