{"id":14,"date":"2010-09-28T13:46:40","date_gmt":"2010-09-28T11:46:40","guid":{"rendered":"https:\/\/blogs.ua.es\/relacioniglesiaestado\/?page_id=14"},"modified":"2010-11-09T17:06:39","modified_gmt":"2010-11-09T15:06:39","slug":"presentacion","status":"publish","type":"page","link":"https:\/\/blogs.ua.es\/relacioniglesiaestado\/presentacion\/","title":{"rendered":"1. Presentaci\u00f3n"},"content":{"rendered":"<p style=\"text-align: justify\">Este blog ha sido creado por Mariluz en la asignatura<strong> <\/strong><em>Historia Moderna de Espa\u00f1a<\/em> de la Licenciatura en Humanidades. Como el propio t\u00edtulo indica, en \u00e9l se abordar\u00e1 el tan amplio e interesante tema de la relaci\u00f3n que Iglesia y Estado han establecido en el per\u00edodo hist\u00f3rico y marco geogr\u00e1fico que nos ocupa: la Edad Moderna en Espa\u00f1a. No obstante, primero haremos un breve recorrido general en el que veremos los inicios en que Iglesia y Estado establecen su relaci\u00f3n y el desarrollo posterior de \u00e9sta, hasta llegar a la Edad Moderna.<\/p>\n","protected":false},"excerpt":{"rendered":"<p>Este blog ha sido creado por Mariluz en la asignatura Historia Moderna de Espa\u00f1a de la Licenciatura en Humanidades. Como el propio t\u00edtulo indica, en \u00e9l se abordar\u00e1 el tan amplio e interesante tema de la relaci\u00f3n que Iglesia y Estado han establecido en el per\u00edodo hist\u00f3rico y marco geogr\u00e1fico que nos ocupa: la Edad [&hellip;]<\/p>\n","protected":false},"author":1781,"featured_media":0,"parent":0,"menu_order":0,"comment_status":"open","ping_status":"closed","template":"","meta":{"footnotes":""},"class_list":["post-14","page","type-page","status-publish","hentry"],"_links":{"self":[{"href":"https:\/\/blogs.ua.es\/relacioniglesiaestado\/wp-json\/wp\/v2\/pages\/14","targetHints":{"allow":["GET"]}}],"collection":[{"href":"https:\/\/blogs.ua.es\/relacioniglesiaestado\/wp-json\/wp\/v2\/pages"}],"about":[{"href":"https:\/\/blogs.ua.es\/relacioniglesiaestado\/wp-json\/wp\/v2\/types\/page"}],"author":[{"embeddable":true,"href":"https:\/\/blogs.ua.es\/relacioniglesiaestado\/wp-json\/wp\/v2\/users\/1781"}],"replies":[{"embeddable":true,"href":"https:\/\/blogs.ua.es\/relacioniglesiaestado\/wp-json\/wp\/v2\/comments?post=14"}],"version-history":[{"count":8,"href":"https:\/\/blogs.ua.es\/relacioniglesiaestado\/wp-json\/wp\/v2\/pages\/14\/revisions"}],"predecessor-version":[{"id":84,"href":"https:\/\/blogs.ua.es\/relacioniglesiaestado\/wp-json\/wp\/v2\/pages\/14\/revisions\/84"}],"wp:attachment":[{"href":"https:\/\/blogs.ua.es\/relacioniglesiaestado\/wp-json\/wp\/v2\/media?parent=14"}],"curies":[{"name":"wp","href":"https:\/\/api.w.org\/{rel}","templated":true}]}}