{"id":200,"date":"2011-07-04T00:50:26","date_gmt":"2011-07-03T22:50:26","guid":{"rendered":"https:\/\/blogs.ua.es\/relacioniglesiaestado\/?page_id=200"},"modified":"2011-07-04T00:50:26","modified_gmt":"2011-07-03T22:50:26","slug":"5-bibliografia","status":"publish","type":"page","link":"https:\/\/blogs.ua.es\/relacioniglesiaestado\/5-bibliografia\/","title":{"rendered":"5. Bibliograf\u00eda"},"content":{"rendered":"<ul>\n<li>Lynch, John: <em>Monarqu\u00eda e imperio: el reinado de Carlos V<\/em>. Ed. El Pa\u00eds.<\/li>\n<li>C\u00e1rcel Ort\u00ed, Vicente: <em>Breve historia de la Iglesia en Espa\u00f1a<\/em>. Ed. Planeta.<\/li>\n<li>Fern\u00e1ndez Terricabas, Ignasi: <em>Felipe II y el clero secular: la aplicaci\u00f3n del Concilio de Trento<\/em>. Ed. Sociedad Estatal para la conmemoraci\u00f3n de los Centenarios de Felipe II y Carlos V.<\/li>\n<li>P\u00e9rez, Joseph: <em>La Espa\u00f1a de los Reyes Cat\u00f3licos<\/em>. Ed. SWAN.<\/li>\n<\/ul>\n","protected":false},"excerpt":{"rendered":"<p>Lynch, John: Monarqu\u00eda e imperio: el reinado de Carlos V. Ed. El Pa\u00eds. C\u00e1rcel Ort\u00ed, Vicente: Breve historia de la Iglesia en Espa\u00f1a. Ed. Planeta. Fern\u00e1ndez Terricabas, Ignasi: Felipe II y el clero secular: la aplicaci\u00f3n del Concilio de Trento. Ed. Sociedad Estatal para la conmemoraci\u00f3n de los Centenarios de Felipe II y Carlos V. [&hellip;]<\/p>\n","protected":false},"author":1781,"featured_media":0,"parent":0,"menu_order":0,"comment_status":"open","ping_status":"open","template":"","meta":{"footnotes":""},"class_list":["post-200","page","type-page","status-publish","hentry"],"_links":{"self":[{"href":"https:\/\/blogs.ua.es\/relacioniglesiaestado\/wp-json\/wp\/v2\/pages\/200","targetHints":{"allow":["GET"]}}],"collection":[{"href":"https:\/\/blogs.ua.es\/relacioniglesiaestado\/wp-json\/wp\/v2\/pages"}],"about":[{"href":"https:\/\/blogs.ua.es\/relacioniglesiaestado\/wp-json\/wp\/v2\/types\/page"}],"author":[{"embeddable":true,"href":"https:\/\/blogs.ua.es\/relacioniglesiaestado\/wp-json\/wp\/v2\/users\/1781"}],"replies":[{"embeddable":true,"href":"https:\/\/blogs.ua.es\/relacioniglesiaestado\/wp-json\/wp\/v2\/comments?post=200"}],"version-history":[{"count":1,"href":"https:\/\/blogs.ua.es\/relacioniglesiaestado\/wp-json\/wp\/v2\/pages\/200\/revisions"}],"predecessor-version":[{"id":201,"href":"https:\/\/blogs.ua.es\/relacioniglesiaestado\/wp-json\/wp\/v2\/pages\/200\/revisions\/201"}],"wp:attachment":[{"href":"https:\/\/blogs.ua.es\/relacioniglesiaestado\/wp-json\/wp\/v2\/media?parent=200"}],"curies":[{"name":"wp","href":"https:\/\/api.w.org\/{rel}","templated":true}]}}