{"id":77,"date":"2010-11-09T17:05:28","date_gmt":"2010-11-09T15:05:28","guid":{"rendered":"https:\/\/blogs.ua.es\/relacioniglesiaestado\/"},"modified":"2011-06-12T21:00:10","modified_gmt":"2011-06-12T19:00:10","slug":"desarrollo","status":"publish","type":"page","link":"https:\/\/blogs.ua.es\/relacioniglesiaestado\/desarrollo\/","title":{"rendered":"3. Desarrollo"},"content":{"rendered":"<p style=\"text-align: justify\">Desde el a\u00f1o 380, pues, la estructura de la Iglesia da un giro importante debido a su aumento de poder. Van apareciendo las catedrales, templos principales de la  Iglesia Cat\u00f3lica, y ocupan el centro de la actividad de la ciudad, donde tambi\u00e9n se encuentran los edificios administrativos de mayor importancia. Se configuraba, as\u00ed, el centro ciudadano y eclesi\u00e1stico, un modelo de ciudad que se extender\u00eda hasta bien entrada la Edad Moderna, con ligeras modificaciones.<\/p>\n<p style=\"text-align: justify\">Se estrechan, pues, a partir de aqu\u00ed, las relaciones entre poder pol\u00edtico y religioso. Se celebrar\u00e1n concilios nacionales y provinciales en los que se deliberar\u00e1 sobre asuntos tanto espirituales como temporales (ya que seg\u00fan San Agust\u00edn, la salvaci\u00f3n de los hombres es el objetivo \u00faltimo de ambos poderes). El <a href=\"http:\/\/es.wikipedia.org\/wiki\/III_Concilio_de_Toledo\" target=\"_blank\">III Concilio de Toledo<\/a> (589) consagrar\u00e1 una vez m\u00e1s el catolicismo como religi\u00f3n oficial de Hispania y tomar\u00e1 determinaciones sobre cuestiones pol\u00edticas y religiosas, estableciendo adem\u00e1s la capacidad de intervenci\u00f3n de los obispos cat\u00f3licos en todos los \u00e1mbitos del poder estatal.<\/p>\n<p style=\"text-align: justify\">La \u201c<a href=\"http:\/\/laotraiglesia.blogspot.com\/2010\/07\/la-falsa-donacion-de-constantino-y-el.html\" target=\"_blank\">Falsa Donaci\u00f3n de Constantino<\/a>\u201d legaliz\u00f3 la uni\u00f3n entre Iglesia y Estado en el siglo VIII, pues mediante este documento la Iglesia Cat\u00f3lica adquiri\u00f3 los Estados Pontificios de Italia supuestamente con el \u201cconsentimiento\u201d de Constantino I. El documento habr\u00eda sido escrito por el emperador Constantino en el 337, mediante el cual conceder\u00eda toda la parte Occidental del Imperio al Pont\u00edfice Silvestre I: \u201cconcedemos al susodicho pont\u00edfice Silvestre, papa universal\u2026 como posesiones de la   Santa Sede de Roma y todas las Provincias, distritos y ciudades de Italia y de Occidente\u2026\u201d. En el siglo XV se descubrir\u00eda que este documento hab\u00eda sido una falsificaci\u00f3n y un fraude.<\/p>\n<p style=\"text-align: justify\">Una pr\u00e1ctica que se generalizar\u00eda en los siglos XII y XIII ser\u00e1 la de que los monarcas de los reinos occidentales hicieran juramento, con car\u00e1cter sagrado, ante los representantes de su Iglesia, en el momento de la coronaci\u00f3n.<\/p>\n<p style=\"text-align: justify\">Hay que decir tambi\u00e9n que, el poder que la Falsa Donaci\u00f3n de Constantino otorg\u00f3 a la Iglesia har\u00eda que las relaciones Iglesia-Estado no fuesen siempre positivas, pues tambi\u00e9n dar\u00edan lugar a los famosos enfrentamientos entre <a href=\"http:\/\/es.wikipedia.org\/wiki\/Cesaropapismo\" target=\"_blank\">Cesaropapismo<\/a> y Hierocracia, entre Iglesia y Monarqu\u00edas nacionales. Aunque los poderes civil y religioso deb\u00edan colaborar estrechamente en la b\u00fasqueda de la ciudad eterna (seg\u00fan proclamaba San Agust\u00edn en su <em>De ciuitate Dei<\/em>), siempre intent\u00f3 sobreponerse alguna de las dos instancias y eso gener\u00f3 rivalidad e hizo que las relaciones Iglesia-Estado fuesen ora armoniosas, ora rivales.<\/p>\n<p style=\"text-align: justify\">Los siglos XIII y XIV se caracterizar\u00e1n por la colaboraci\u00f3n intensa que se establecer\u00eda entre la jerarqu\u00eda eclesi\u00e1stica peninsular y la Corona. Destacados miembros del alto clero participaban en la administraci\u00f3n del reino, y numerosos servidores de la corte recibir\u00edan en recompensa de sus servicios sedes episcopales o importantes canonj\u00edas. La estrecha interdependencia tuvo sus repercusiones en los campos de la pol\u00edtica, la econom\u00eda y de la justicia.<\/p>\n<p style=\"text-align: justify\">&nbsp;<\/p>\n","protected":false},"excerpt":{"rendered":"<p>Desde el a\u00f1o 380, pues, la estructura de la Iglesia da un giro importante debido a su aumento de poder. Van apareciendo las catedrales, templos principales de la Iglesia Cat\u00f3lica, y ocupan el centro de la actividad de la ciudad, donde tambi\u00e9n se encuentran los edificios administrativos de mayor importancia. Se configuraba, as\u00ed, el centro [&hellip;]<\/p>\n","protected":false},"author":1781,"featured_media":0,"parent":0,"menu_order":0,"comment_status":"open","ping_status":"closed","template":"","meta":{"footnotes":""},"class_list":["post-77","page","type-page","status-publish","hentry"],"_links":{"self":[{"href":"https:\/\/blogs.ua.es\/relacioniglesiaestado\/wp-json\/wp\/v2\/pages\/77","targetHints":{"allow":["GET"]}}],"collection":[{"href":"https:\/\/blogs.ua.es\/relacioniglesiaestado\/wp-json\/wp\/v2\/pages"}],"about":[{"href":"https:\/\/blogs.ua.es\/relacioniglesiaestado\/wp-json\/wp\/v2\/types\/page"}],"author":[{"embeddable":true,"href":"https:\/\/blogs.ua.es\/relacioniglesiaestado\/wp-json\/wp\/v2\/users\/1781"}],"replies":[{"embeddable":true,"href":"https:\/\/blogs.ua.es\/relacioniglesiaestado\/wp-json\/wp\/v2\/comments?post=77"}],"version-history":[{"count":9,"href":"https:\/\/blogs.ua.es\/relacioniglesiaestado\/wp-json\/wp\/v2\/pages\/77\/revisions"}],"predecessor-version":[{"id":130,"href":"https:\/\/blogs.ua.es\/relacioniglesiaestado\/wp-json\/wp\/v2\/pages\/77\/revisions\/130"}],"wp:attachment":[{"href":"https:\/\/blogs.ua.es\/relacioniglesiaestado\/wp-json\/wp\/v2\/media?parent=77"}],"curies":[{"name":"wp","href":"https:\/\/api.w.org\/{rel}","templated":true}]}}