{"id":91,"date":"2010-11-09T17:20:14","date_gmt":"2010-11-09T15:20:14","guid":{"rendered":"https:\/\/blogs.ua.es\/relacioniglesiaestado\/"},"modified":"2011-07-03T22:23:27","modified_gmt":"2011-07-03T20:23:27","slug":"4-edad-moderna","status":"publish","type":"page","link":"https:\/\/blogs.ua.es\/relacioniglesiaestado\/4-edad-moderna\/","title":{"rendered":"4. Edad Moderna"},"content":{"rendered":"<p style=\"text-align: justify\">Esta p\u00e1gina, dedicada ya a las relaciones entre Iglesia y Estado en la Edad Moderna en concreto, la iremos desarrollando a trav\u00e9s de las diferentes entradas que se vayan publicando en el blog. No obstante, ir\u00e9 a\u00f1adiendo a continuaci\u00f3n los enlaces correspondientes con dichas entradas, para mayor comodidad del lector.<\/p>\n<p style=\"text-align: justify\">&#8211; <a href=\"https:\/\/blogs.ua.es\/relacioniglesiaestado\/2010\/11\/27\/a-modo-de-introduccion\/\" target=\"_blank\">A modo de Introducci\u00f3n<\/a><\/p>\n<p style=\"text-align: justify\">&#8211; <a href=\"https:\/\/blogs.ua.es\/relacioniglesiaestado\/2010\/11\/30\/el-poder-de-la-iglesia-en-la-edad-moderna\/\" target=\"_blank\">El poder de la Iglesia en la Edad Moderna<\/a><\/p>\n<p style=\"text-align: justify\">&#8211; <a href=\"https:\/\/blogs.ua.es\/relacioniglesiaestado\/2011\/06\/19\/los-reyes-catolicos-y-su-politica-regalista-i\/\" target=\"_blank\">Los Reyes Cat\u00f3licos y\u00a0su pol\u00edtica regalista I<\/a><\/p>\n<p style=\"text-align: justify\">&#8211; <a href=\"https:\/\/blogs.ua.es\/relacioniglesiaestado\/2011\/06\/23\/los-reyes-catolicos-y-la-reforma-eclesiastica-2\/\" target=\"_blank\">Los Reyes Cat\u00f3licos y la reforma eclesi\u00e1stica<\/a><\/p>\n<p style=\"text-align: justify\">&#8211; <a href=\"https:\/\/blogs.ua.es\/relacioniglesiaestado\/2011\/06\/24\/los-rrcc-y-su-politica-regalista-ii-derecho-real-de-suplicacion-y-patronato-real\/\" target=\"_blank\">Los Reyes Cat\u00f3licos y su pol\u00edtica regalista II: Derecho real de suplicaci\u00f3n y Patronato real<\/a><\/p>\n<p style=\"text-align: justify\">&#8211; <a href=\"https:\/\/blogs.ua.es\/relacioniglesiaestado\/2011\/06\/25\/la-inquisicion-espanola\/\" target=\"_blank\">La Inquisici\u00f3n espa\u00f1ola<\/a><\/p>\n<p style=\"text-align: justify\">&#8211; <a href=\"https:\/\/blogs.ua.es\/relacioniglesiaestado\/2011\/06\/26\/fray-tomas-de-torquemada\/\" target=\"_blank\">Fray Tom\u00e1s de Torquemada<\/a><\/p>\n<p style=\"text-align: justify\">&#8211; <a href=\"https:\/\/blogs.ua.es\/relacioniglesiaestado\/2011\/06\/27\/carlos-v-y-la-iglesia-el-concilio-de-trento\/\" target=\"_blank\">Carlos V y la Iglesia: el Concilio de Trento<\/a><\/p>\n<p style=\"text-align: justify\">&#8211; <a href=\"https:\/\/blogs.ua.es\/relacioniglesiaestado\/2011\/06\/27\/carlos-v-y-la-iglesia-la-inquisicion-durante-su-reinado\/\" target=\"_blank\">Carlos V y la Iglesia: la Inquisici\u00f3n durante su reinado<\/a><\/p>\n<p style=\"text-align: justify\">&#8211; <a href=\"https:\/\/blogs.ua.es\/relacioniglesiaestado\/2011\/07\/03\/felipe-ii-y-el-patronato-real\/\" target=\"_blank\">Felipe II y el Patronato Real<\/a><\/p>\n<p style=\"text-align: justify\">&nbsp;<\/p>\n","protected":false},"excerpt":{"rendered":"<p>Esta p\u00e1gina, dedicada ya a las relaciones entre Iglesia y Estado en la Edad Moderna en concreto, la iremos desarrollando a trav\u00e9s de las diferentes entradas que se vayan publicando en el blog. No obstante, ir\u00e9 a\u00f1adiendo a continuaci\u00f3n los enlaces correspondientes con dichas entradas, para mayor comodidad del lector. &#8211; A modo de Introducci\u00f3n [&hellip;]<\/p>\n","protected":false},"author":1781,"featured_media":0,"parent":0,"menu_order":0,"comment_status":"open","ping_status":"open","template":"","meta":{"footnotes":""},"class_list":["post-91","page","type-page","status-publish","hentry"],"_links":{"self":[{"href":"https:\/\/blogs.ua.es\/relacioniglesiaestado\/wp-json\/wp\/v2\/pages\/91","targetHints":{"allow":["GET"]}}],"collection":[{"href":"https:\/\/blogs.ua.es\/relacioniglesiaestado\/wp-json\/wp\/v2\/pages"}],"about":[{"href":"https:\/\/blogs.ua.es\/relacioniglesiaestado\/wp-json\/wp\/v2\/types\/page"}],"author":[{"embeddable":true,"href":"https:\/\/blogs.ua.es\/relacioniglesiaestado\/wp-json\/wp\/v2\/users\/1781"}],"replies":[{"embeddable":true,"href":"https:\/\/blogs.ua.es\/relacioniglesiaestado\/wp-json\/wp\/v2\/comments?post=91"}],"version-history":[{"count":12,"href":"https:\/\/blogs.ua.es\/relacioniglesiaestado\/wp-json\/wp\/v2\/pages\/91\/revisions"}],"predecessor-version":[{"id":199,"href":"https:\/\/blogs.ua.es\/relacioniglesiaestado\/wp-json\/wp\/v2\/pages\/91\/revisions\/199"}],"wp:attachment":[{"href":"https:\/\/blogs.ua.es\/relacioniglesiaestado\/wp-json\/wp\/v2\/media?parent=91"}],"curies":[{"name":"wp","href":"https:\/\/api.w.org\/{rel}","templated":true}]}}