{"id":2,"date":"2014-11-18T21:53:10","date_gmt":"2014-11-18T21:53:10","guid":{"rendered":"https:\/\/blogs.ua.es\/renacimientofrances\/?page_id=2"},"modified":"2014-12-06T13:30:17","modified_gmt":"2014-12-06T13:30:17","slug":"presentacion","status":"publish","type":"page","link":"https:\/\/blogs.ua.es\/renacimientofrances\/presentacion\/","title":{"rendered":"Presentaci\u00f3n"},"content":{"rendered":"<p style=\"text-align: justify\">Hola a todos! Somos <strong>Carlos Albors Lozano<\/strong>, <strong>Julio Garc\u00eda Rumbo<\/strong>, <strong>Jonnatan Moreno Parra\u00a0<\/strong>y<strong> Alberto Jose<\/strong> \u00a0<strong>Vaello Gimenez<\/strong>, cuatro estudiantes del Grado de Historia de la Universidad de Alicante.<\/p>\n<p><a href=\"https:\/\/blogs.ua.es\/renacimientofrances\/files\/2014\/11\/logo-ua.jpg\"><img loading=\"lazy\" decoding=\"async\" class=\"aligncenter\" alt=\"logo-ua\" src=\"https:\/\/blogs.ua.es\/renacimientofrances\/files\/2014\/11\/logo-ua.jpg\" width=\"265\" height=\"95\" \/><\/a><\/p>\n<p style=\"text-align: justify\">Os presentamos el Blog sobre el Renacimiento en Francia, realizado en la asignatura <em>&#8216;Estados modernos hasta La Paz de Westfalia&#8217;<\/em>. Aqu\u00ed encontrar\u00e9is informaci\u00f3n b\u00e1sica sobre este tema, desde los personajes m\u00e1s ilustres de este periodo hasta las principales manifestaciones cient\u00edficas y art\u00edsticas, pasando por la moda en la vestimenta y en los jardines. Tambi\u00e9n incluimos un apartado multimedia \u00a0donde podr\u00e9is disfrutar de una selecci\u00f3n de pel\u00edculas ambientadas en esta \u00e9poca. No olvide\u00eds dejar un comentario con cualquier duda o sugerencia.<br \/>\n!Esperemos que os guste!<\/p>\n<p style=\"text-align: justify\">Aqu\u00ed dejamos todas la <strong>Bibliograf\u00eda y Webs<\/strong><\/p>\n<ul>\n<li><span style=\"color: #000000\">Burke, Peter; El Renacimiento. P\u00e1gs. 14-41 Florist\u00e1n; Historia Moderna Universal. P\u00e1gs. 57-59.<\/span><\/li>\n<li><span style=\"color: #000000\">Florist\u00e1n; Historia Moderna Universal. P\u00e1gs. 131-139.<\/span><\/li>\n<li><span style=\"color: #000000\">Burke, Peter; El Renacimiento. P\u00e1gs. 7-14. Florist\u00e1n, Historia Moderna Universal. P\u00e1g. 57.<\/span><\/li>\n<li><a href=\"http:\/\/www.all-free-photos.com\/show\/showphoto.php?idph=PA0187&amp;lang=sp\">http:\/\/www.all-free-photos.com\/show\/showphoto.php?idph=PA0187&amp;lang=sp<\/a><\/li>\n<li><a href=\"http:\/\/historiadelartejuan.blogspot.com.es\/2011\/03\/artistas-del-renacimiento.html\">http:\/\/historiadelartejuan.blogspot.com.es\/2011\/03\/artistas-del-renacimiento.html<\/a><\/li>\n<li><a href=\"http:\/\/chezkamui.blogspot.com.es\/2010\/11\/visitando-paris-el-louvre.html\">http:\/\/chezkamui.blogspot.com.es\/2010\/11\/visitando-paris-el-louvre.html<\/a><\/li>\n<li><a href=\"http:\/\/es.wikipedia.org\/wiki\/Germain_Pilon#mediaviewer\/File:Monument_du_coeur_d%27Henri_II.jpg\">http:\/\/es.wikipedia.org\/wiki\/Germain_Pilon#mediaviewer\/File:Monument_du_coeur_d%27Henri_II.jpg<\/a><\/li>\n<li><a href=\"http:\/\/www.arte.it\/opera\/ninfa-di-fontainebleau-4758\">http:\/\/www.arte.it\/opera\/ninfa-di-fontainebleau-4758<\/a><\/li>\n<li><a href=\"http:\/\/www.france.fr\/es\/arte-y-cultura\/la-pintura-de-francia.html\">http:\/\/www.france.fr\/es\/arte-y-cultura\/la-pintura-de-francia.html<\/a><\/li>\n<li><a href=\"http:\/\/brich59.canalblog.com\/archives\/2005\/04\/29\/469570.html\">http:\/\/brich59.canalblog.com\/archives\/2005\/04\/29\/469570.html<\/a><\/li>\n<li><a href=\"http:\/\/ecoles.ac-rouen.fr\/hennezis\/IMG\/jpg\/ronsard.jpg\">http:\/\/ecoles.ac-rouen.fr\/hennezis\/IMG\/jpg\/ronsard.jpg<\/a><\/li>\n<li><a href=\"http:\/\/es.wikipedia.org\/wiki\/Castillo_de_Chenonceau#mediaviewer\/File:Chenonceau-20050320.jpg\">http:\/\/es.wikipedia.org\/wiki\/Castillo_de_Chenonceau#mediaviewer\/File:Chenonceau-20050320.jpg<\/a><\/li>\n<li><a href=\"https:\/\/elblogdeamaia2.files.wordpress.com\/2009\/02\/imgp7076.jpg\">https:\/\/elblogdeamaia2.files.wordpress.com\/2009\/02\/imgp7076.jpg<\/a><\/li>\n<li><a href=\"http:\/\/www.historiadeltraje.com.ar\/renacimiento.html\">http:\/\/www.historiadeltraje.com.ar\/renacimiento.html<\/a><\/li>\n<li><a href=\"http:\/\/www.historiaviva.org\/vestimenta\/\">http:\/\/www.historiaviva.org\/vestimenta\/<\/a><\/li>\n<li><a href=\"http:\/\/www.vistelacalle.com\/20433\/el-renacimiento-y-la-revolucion-formal-en-el-vestuario\/\">http:\/\/www.vistelacalle.com\/20433\/el-renacimiento-y-la-revolucion-formal-en-el-<\/a><a href=\"http:\/\/www.vistelacalle.com\/20433\/el-renacimiento-y-la-revolucion-formal-en-el-vestuario\/\">vestuario\/<\/a><\/li>\n<li><a href=\"http:\/\/www.homo-architectus.com\/2013\/07\/jardines-palacio-villandry-valle-loira-francia.html#sthash.FvNi2wyI.dpuf\">http:\/\/www.homo-architectus.com\/2013\/07\/jardines-palacio-villandry-valle-loira-francia.html#sthash.FvNi2wyI.dpuf<\/a><\/li>\n<li><a href=\"https:\/\/www.youtube.com\/watch?v=eSKl2oKuui8\">https:\/\/www.youtube.com\/watch?v=eSKl2oKuui8<\/a><\/li>\n<li><a href=\"https:\/\/www.youtube.com\/watch?v=vg1hch-v8IE\">https:\/\/www.youtube.com\/watch?v=vg1hch-v8IE<\/a><\/li>\n<li><a href=\"https:\/\/www.youtube.com\/watch?v=7jlAVt4fO8Y\">https:\/\/www.youtube.com\/watch?v=7jlAVt4fO8Y<\/a><\/li>\n<li><a href=\"https:\/\/www.youtube.com\/watch?v=doAOCQytt9o\">https:\/\/www.youtube.com\/watch?v=doAOCQytt9o<\/a><\/li>\n<li><a href=\"https:\/\/www.youtube.com\/watch?v=l6BV464ieqI\">https:\/\/www.youtube.com\/watch?v=l6BV464ieqI<\/a><\/li>\n<li><a href=\"https:\/\/www.youtube.com\/watch?v=QIHLufMo-lE\">https:\/\/www.youtube.com\/watch?v=QIHLufMo-lE<\/a><\/li>\n<\/ul>\n<p style=\"text-align: left\">\n","protected":false},"excerpt":{"rendered":"<p>Hola a todos! Somos Carlos Albors Lozano, Julio Garc\u00eda Rumbo, Jonnatan Moreno Parra\u00a0y Alberto Jose \u00a0Vaello Gimenez, cuatro estudiantes del Grado de Historia de la Universidad de Alicante. Os presentamos el Blog sobre el Renacimiento en Francia, realizado en la &hellip; <a href=\"https:\/\/blogs.ua.es\/renacimientofrances\/presentacion\/\">Continue reading <span class=\"meta-nav\">&rarr;<\/span><\/a><\/p>\n","protected":false},"author":2409,"featured_media":0,"parent":0,"menu_order":0,"comment_status":"open","ping_status":"closed","template":"sidebar-page.php","meta":{"footnotes":""},"class_list":["post-2","page","type-page","status-publish","hentry"],"_links":{"self":[{"href":"https:\/\/blogs.ua.es\/renacimientofrances\/wp-json\/wp\/v2\/pages\/2","targetHints":{"allow":["GET"]}}],"collection":[{"href":"https:\/\/blogs.ua.es\/renacimientofrances\/wp-json\/wp\/v2\/pages"}],"about":[{"href":"https:\/\/blogs.ua.es\/renacimientofrances\/wp-json\/wp\/v2\/types\/page"}],"author":[{"embeddable":true,"href":"https:\/\/blogs.ua.es\/renacimientofrances\/wp-json\/wp\/v2\/users\/2409"}],"replies":[{"embeddable":true,"href":"https:\/\/blogs.ua.es\/renacimientofrances\/wp-json\/wp\/v2\/comments?post=2"}],"version-history":[{"count":17,"href":"https:\/\/blogs.ua.es\/renacimientofrances\/wp-json\/wp\/v2\/pages\/2\/revisions"}],"predecessor-version":[{"id":298,"href":"https:\/\/blogs.ua.es\/renacimientofrances\/wp-json\/wp\/v2\/pages\/2\/revisions\/298"}],"wp:attachment":[{"href":"https:\/\/blogs.ua.es\/renacimientofrances\/wp-json\/wp\/v2\/media?parent=2"}],"curies":[{"name":"wp","href":"https:\/\/api.w.org\/{rel}","templated":true}]}}