{"id":27,"date":"2014-11-18T23:09:41","date_gmt":"2014-11-18T23:09:41","guid":{"rendered":"https:\/\/blogs.ua.es\/renacimientofrances\/?page_id=27"},"modified":"2014-12-01T18:46:57","modified_gmt":"2014-12-01T18:46:57","slug":"multimedia","status":"publish","type":"page","link":"https:\/\/blogs.ua.es\/renacimientofrances\/multimedia\/","title":{"rendered":"Multimedia"},"content":{"rendered":"<p style=\"text-align: justify\">En esta secci\u00f3n adjuntamos una selecci\u00f3n de pel\u00edculas ambientadas en la \u00e9poca del renacimiento franc\u00e9s, as\u00ed como una breve sinapsis de las mismas. De esta forma pretendemos acercaros tanto al d\u00eda a d\u00eda del pueblo llano durante este periodo, como a la vida de grandes personajes militares y pol\u00edticos. Esperamos os parezcan atractivas.<\/p>\n<p><b>EL REGRESO DE MART\u00cdN GUERRE<\/b><\/p>\n<p>http:\/\/youtu.be\/eSKl2oKuui8<\/p>\n<p style=\"text-align: justify\">El contexto hist\u00f3rico de la pel\u00edcula se sit\u00faa a mediados del siglo XVI. La pel\u00edcula ofrece una visi\u00f3n general de lo que era el mundo rural en la Francia del siglo XVI, concretamente de las aldeas del sur del pa\u00eds, ya que la historiado explica de manera detallada las costumbres imperantes en esa \u00e9poca, como la instituci\u00f3n matrimonial o las leyes que reg\u00edan la regulaci\u00f3n de las tierras, as\u00ed como el modo en que se desarrollaban los procesos judiciales. Refleja con fidelidad el campesinado franc\u00e9s de la \u00e9poca: comunidades peque\u00f1as en las que todo el mundo se conoce, ritos ancestrales, poca cultura ya que pr\u00e1cticamente nadie sabe leer, una religiosidad imperante, y tambi\u00e9n mucha superstici\u00f3n.<\/p>\n<p><b>JUANA DE ARCO<\/b><\/p>\n<p>Encontramos numerosas pel\u00edculas sobre este personaje, en este apartado os mostramos una de ellas.<\/p>\n<p>https:\/\/www.youtube.com\/watch?v=vg1hch-v8IE<\/p>\n<p style=\"text-align: justify\">Juana de Arco es un personaje destacado en la historia de Francia, conocida como la Doncella de Orle\u00e1ns, su intervenci\u00f3n al dirigir los ej\u00e9rcitos liberando a la ciudad de Orle\u00e1ns del asedio ingles durante la Guerra de los Cien A\u00f1os fue decisiva para el triunfo del ej\u00e9rcito franc\u00e9s, que se encontraba derrotado por las fuerzas inglesas, en uno de los per\u00edodos m\u00e1s tensos de la guerra. Juana consigui\u00f3 con sus victorias cumplir la misi\u00f3n que el Se\u00f1or le hab\u00eda encomendado que consist\u00eda en poder llevar al Delf\u00edn a coronarse como rey de Francia, (Carlos VII) las luchas internas y la pretensi\u00f3n inglesa al trono hab\u00edan impedido dicha coronaci\u00f3n.<\/p>\n<p><b>LA REINA MARGOT<\/b><\/p>\n<p><iframe loading=\"lazy\" title=\"LA REINA MARGOT  SD)\" width=\"584\" height=\"329\" src=\"https:\/\/www.youtube.com\/embed\/7jlAVt4fO8Y?feature=oembed\" frameborder=\"0\" allow=\"accelerometer; autoplay; clipboard-write; encrypted-media; gyroscope; picture-in-picture; web-share\" referrerpolicy=\"strict-origin-when-cross-origin\" allowfullscreen><\/iframe><\/p>\n<p style=\"text-align: justify\">El contexto hist\u00f3rico de este film se da bajo las circunstancias pol\u00edtico-temporales en el mes de agosto del a\u00f1o 1572. Francia viv\u00eda desgarrada desde a\u00f1os atr\u00e1s como consecuencia de los enfrentamientos civiles surgidos entre cat\u00f3licos y hugonotes . Esta coyuntura nos aloja en el seno de la corte del pen\u00faltimo Valois, Carlos IX, donde su madre Catalina de M\u00e9dicis ha venido ejerciendo la regencia y con ello, todo el poder de la corona francesa. Se habla entonces, de la necesidad de buscar la paz y que para ello, la regente ha pactado la boda de su hija Margot con su primo Enrique de Navarra.<\/p>\n<p><b>ANAZAPTA<\/b><\/p>\n<p>https:\/\/www.youtube.com\/watch?v=doAOCQytt9o<\/p>\n<p style=\"text-align: justify\">Los terribles estragos que causa la epidemia de la peste negra coinciden con la sangrienta guerra de los Cien A\u00f1os (1339-1453), en la que se enfrentan Francia e Inglaterra. En estas circunstancias, un misterioso hombre que regresa de la guerra, trae consigo el arma m\u00e1s terrible: el miedo.<\/p>\n<p><b><\/b><b>ASTUCIAS DE MUJER<\/b><\/p>\n<p><iframe loading=\"lazy\" title=\"Original Theatrical Trailer | Diane | Warner Archive\" width=\"584\" height=\"438\" src=\"https:\/\/www.youtube.com\/embed\/l6BV464ieqI?feature=oembed\" frameborder=\"0\" allow=\"accelerometer; autoplay; clipboard-write; encrypted-media; gyroscope; picture-in-picture; web-share\" referrerpolicy=\"strict-origin-when-cross-origin\" allowfullscreen><\/iframe><\/p>\n<p style=\"text-align: justify\">Francia, siglo XVI. Periodo de las guerras de religi\u00f3n. Diana de Poitiers, amante del pr\u00edncipe heredero, el futuro Enrique II de Francia (1547-1559), alcanza un poder casi absoluto gracias a su extraordinaria capacidad para manipular a los hombres. Entre sus presas est\u00e1n el mism\u00edsimo rey Francisco I y su propio marido, el conde de Breze. Sin embargo, para conseguir sus prop\u00f3sitos tendr\u00e1 que enfrentarse a una rival tan astuta como ella: la intrigante Catalina de M\u00e9dicis.<\/p>\n<p><b>MICHAEL KOHLHASS<\/b><\/p>\n<p><iframe loading=\"lazy\" title=\"Age of Uprising: The Legend of Michael Kohlhaas Official UK Trailer (2014) - Mads Mikkelsen Movie HD\" width=\"584\" height=\"329\" src=\"https:\/\/www.youtube.com\/embed\/QIHLufMo-lE?feature=oembed\" frameborder=\"0\" allow=\"accelerometer; autoplay; clipboard-write; encrypted-media; gyroscope; picture-in-picture; web-share\" referrerpolicy=\"strict-origin-when-cross-origin\" allowfullscreen><\/iframe><\/p>\n<p style=\"text-align: justify\">En el siglo XVI, en alg\u00fan lugar en las Cevenas, en Francia, Michael Kohlhaas un pr\u00f3spero mercader de caballos, tiene una vida feliz y acomodada junto a su familia. V\u00edctima de una injusticia, este hombre bondadoso e \u00edntegro recluta a un ej\u00e9rcito y saquea las ciudades para restablecer su derecho.<\/p>\n<p align=\"center\"><a href=\"https:\/\/www.youtube.com\/watch?v=vg1hch-v8IE\">\u00a0<\/a><\/p>\n","protected":false},"excerpt":{"rendered":"<p>En esta secci\u00f3n adjuntamos una selecci\u00f3n de pel\u00edculas ambientadas en la \u00e9poca del renacimiento franc\u00e9s, as\u00ed como una breve sinapsis de las mismas. De esta forma pretendemos acercaros tanto al d\u00eda a d\u00eda del pueblo llano durante este periodo, como &hellip; <a href=\"https:\/\/blogs.ua.es\/renacimientofrances\/multimedia\/\">Continue reading <span class=\"meta-nav\">&rarr;<\/span><\/a><\/p>\n","protected":false},"author":2409,"featured_media":0,"parent":0,"menu_order":0,"comment_status":"open","ping_status":"open","template":"","meta":{"footnotes":""},"class_list":["post-27","page","type-page","status-publish","hentry"],"_links":{"self":[{"href":"https:\/\/blogs.ua.es\/renacimientofrances\/wp-json\/wp\/v2\/pages\/27","targetHints":{"allow":["GET"]}}],"collection":[{"href":"https:\/\/blogs.ua.es\/renacimientofrances\/wp-json\/wp\/v2\/pages"}],"about":[{"href":"https:\/\/blogs.ua.es\/renacimientofrances\/wp-json\/wp\/v2\/types\/page"}],"author":[{"embeddable":true,"href":"https:\/\/blogs.ua.es\/renacimientofrances\/wp-json\/wp\/v2\/users\/2409"}],"replies":[{"embeddable":true,"href":"https:\/\/blogs.ua.es\/renacimientofrances\/wp-json\/wp\/v2\/comments?post=27"}],"version-history":[{"count":6,"href":"https:\/\/blogs.ua.es\/renacimientofrances\/wp-json\/wp\/v2\/pages\/27\/revisions"}],"predecessor-version":[{"id":112,"href":"https:\/\/blogs.ua.es\/renacimientofrances\/wp-json\/wp\/v2\/pages\/27\/revisions\/112"}],"wp:attachment":[{"href":"https:\/\/blogs.ua.es\/renacimientofrances\/wp-json\/wp\/v2\/media?parent=27"}],"curies":[{"name":"wp","href":"https:\/\/api.w.org\/{rel}","templated":true}]}}