{"id":44,"date":"2014-11-18T23:23:07","date_gmt":"2014-11-18T23:23:07","guid":{"rendered":"https:\/\/blogs.ua.es\/renacimientofrances\/?page_id=44"},"modified":"2014-12-06T09:49:41","modified_gmt":"2014-12-06T09:49:41","slug":"ciencias","status":"publish","type":"page","link":"https:\/\/blogs.ua.es\/renacimientofrances\/ciencias\/","title":{"rendered":"Ciencias"},"content":{"rendered":"<h4 style=\"text-align: center\"><strong>Arte, Arquitectura, Escultura, \u00a0Pintura, M\u00fasica y Literatura<\/strong><\/h4>\n<h4 style=\"text-align: center\"><\/h4>\n<h4 style=\"text-align: center\"><strong>Arte\u00a0<\/strong><\/h4>\n<p style=\"text-align: justify\">Primer periodo de la arquitectura renacentista en Francia. Llegar\u00eda con Francisco I (151-1547) , las caracter\u00edsticas van a ser las siguientes:<\/p>\n<ul>\n<li>Fachadas movidas con salientes y entrantes.<\/li>\n<li>Torres, torrecillas y buhardas.<\/li>\n<li>Techos alt\u00edsimos y erizados de chimeneas y cester\u00edas.<\/li>\n<li>La decoraci\u00f3n es el nuevo ropaje.<\/li>\n<\/ul>\n<p style=\"text-align: justify\">Entre los castillos podemos destacar como arquitectura el &#8220;Castillo de Chenonceau&#8221; \u00a0que presenta planta cuadrada y un vest\u00edbulo central que se abren cuatro habitaciones. En el cual podemos encontrar el gabinete de Catalina de M\u00e9dici, en la galer\u00eda servir\u00eda durante la primera guerra mundial como un hospital militar y en la planta baja se encuentra la habitaci\u00f3n de Francisco I y el sal\u00f3n de Luis XIV.<\/p>\n<p style=\"text-align: justify\"><a href=\"https:\/\/blogs.ua.es\/renacimientofrances\/files\/2014\/12\/01.Castillo-de-Chenonceau.jpg\"><img loading=\"lazy\" decoding=\"async\" class=\"size-medium wp-image-192 aligncenter\" alt=\"01.Castillo de Chenonceau\" src=\"https:\/\/blogs.ua.es\/renacimientofrances\/files\/2014\/12\/01.Castillo-de-Chenonceau-300x249.jpg\" width=\"300\" height=\"249\" srcset=\"https:\/\/blogs.ua.es\/renacimientofrances\/files\/2014\/12\/01.Castillo-de-Chenonceau-300x249.jpg 300w, https:\/\/blogs.ua.es\/renacimientofrances\/files\/2014\/12\/01.Castillo-de-Chenonceau-1024x851.jpg 1024w, https:\/\/blogs.ua.es\/renacimientofrances\/files\/2014\/12\/01.Castillo-de-Chenonceau-360x300.jpg 360w\" sizes=\"auto, (max-width: 300px) 100vw, 300px\" \/><\/a>Luego est\u00e1 el \u00a0&#8220;Castillo de Villandry&#8221; que signific\u00f3 el \u00faltimo castillo edificado del renacimiento,Es importante destacar que el 4 de julio de 1189 se firm\u00f3 en este castillo la \u201cPaz de Colombiers\u201d mediante la cual el rey de Inglaterra, Enrique II Plantagen\u00eat, reconoci\u00f3 su derrota frente al rey de Francia, Felipe Augusto.<\/p>\n<p><a href=\"https:\/\/blogs.ua.es\/renacimientofrances\/files\/2014\/12\/02.Castillo-de-Villandry.jpg\"><img loading=\"lazy\" decoding=\"async\" class=\"size-medium wp-image-189 aligncenter\" alt=\"02.Castillo de Villandry\" src=\"https:\/\/blogs.ua.es\/renacimientofrances\/files\/2014\/12\/02.Castillo-de-Villandry-300x242.jpg\" width=\"300\" height=\"242\" srcset=\"https:\/\/blogs.ua.es\/renacimientofrances\/files\/2014\/12\/02.Castillo-de-Villandry-300x242.jpg 300w, https:\/\/blogs.ua.es\/renacimientofrances\/files\/2014\/12\/02.Castillo-de-Villandry-1024x828.jpg 1024w, https:\/\/blogs.ua.es\/renacimientofrances\/files\/2014\/12\/02.Castillo-de-Villandry-370x300.jpg 370w, https:\/\/blogs.ua.es\/renacimientofrances\/files\/2014\/12\/02.Castillo-de-Villandry.jpg 1134w\" sizes=\"auto, (max-width: 300px) 100vw, 300px\" \/><\/a><\/p>\n<p style=\"text-align: justify\">Como en el resto de Europa, en Francia penetr\u00f3 el Renacimiento\u00a0\u00a0a principios del siglo XVI primeramente en detalles decorativos mal asimilados por artistas nativos y superpuestos del estilo g\u00f3tico.. M\u00e1s adelante, y muchas veces por medio de artistas italianos, va profundiz\u00e1ndose la influencia cl\u00e1sica y manierista.<\/p>\n<p style=\"text-align: justify\">Hemos de decir que la\u00a0 arquitectura francesa del renacimiento\u00a0 son especialistas en construcciones palaciegas , poseen los castillos m\u00e1s bellos del mundo. Hay grande edificaciones monumentales. Como carester\u00edsticas hablaremos de los castillos de Francia. En el cual la mayoria de castillos de Francia estan en la regi\u00f3n del Loira, all\u00ed encontraremos numerosas construcciones palaciegas, fueron edificadazas durante el renacimiento, la cual fu\u00e9 una \u00e9poca de gloria para los arquitectos franceses que estaban concentrados en Par\u00eds. Para poder llevar a cabo dichas construcciones majestuosas aplicaron una fina creatividad est\u00e9tica y t\u00e9cnicas de ingenieria avanzada. Los castillos m\u00e1s fomosos que podemos encontrar ser\u00e1n el <b>Castillo de Chambord<\/b> que ser\u00e1 el castillo monarquico m\u00e1s famoso de Francia. Y una parte de la region del Loira ha sido nombrada patrimonio de la humanidad por UNESCO.<\/p>\n<p style=\"text-align: center\"><a href=\"https:\/\/blogs.ua.es\/renacimientofrances\/files\/2014\/12\/01.Castillo.de_.Blois_.Francia.jpg\"><img loading=\"lazy\" decoding=\"async\" class=\" wp-image-193 aligncenter\" alt=\"01.Castillo.de.Blois.Francia\" src=\"https:\/\/blogs.ua.es\/renacimientofrances\/files\/2014\/12\/01.Castillo.de_.Blois_.Francia-300x186.jpg\" width=\"600\" height=\"372\" srcset=\"https:\/\/blogs.ua.es\/renacimientofrances\/files\/2014\/12\/01.Castillo.de_.Blois_.Francia-300x186.jpg 300w, https:\/\/blogs.ua.es\/renacimientofrances\/files\/2014\/12\/01.Castillo.de_.Blois_.Francia-482x300.jpg 482w, https:\/\/blogs.ua.es\/renacimientofrances\/files\/2014\/12\/01.Castillo.de_.Blois_.Francia.jpg 595w\" sizes=\"auto, (max-width: 600px) 100vw, 600px\" \/><\/a><\/p>\n<h4 style=\"text-align: center\"><strong>En Arquitectura\u00a0<\/strong><\/h4>\n<p style=\"text-align: justify\">En arquitectura, los primeros s\u00edntomas son lo grutescos, ovas y flechas, filas de perlas y tambi\u00e9n columnas de las \u00f3rdenes cl\u00e1sicos como elementos superpuestos ornamentales.<\/p>\n<p style=\"text-align: justify\">En 1515 <strong>Francisco I<\/strong> a\u00f1ade un ala al <strong>Castillo de Blois<\/strong>, en el cual destaca la escalera espiral exterior con ornamentaci\u00f3n renacentista. En el <strong>Castillo de Chambord<\/strong> (igualmente a orillas del Loira) la decoraci\u00f3n se armoniza ya m\u00e1s con la estructura, que, sin embargo, sigue siendo fundamentalmente g\u00f3tica. Son caracter\u00edsticas de este castillo las innumerables chimeneas ornamentales.<\/p>\n<p style=\"text-align: center\"><a href=\"https:\/\/blogs.ua.es\/renacimientofrances\/files\/2014\/12\/02.Castillo-de-Chambord-Paises-del-Loira.jpg\"><img loading=\"lazy\" decoding=\"async\" class=\" wp-image-194 aligncenter\" alt=\"02.Castillo de Chambord  Paises del Loira\" src=\"https:\/\/blogs.ua.es\/renacimientofrances\/files\/2014\/12\/02.Castillo-de-Chambord-Paises-del-Loira-300x225.jpg\" width=\"600\" height=\"450\" srcset=\"https:\/\/blogs.ua.es\/renacimientofrances\/files\/2014\/12\/02.Castillo-de-Chambord-Paises-del-Loira-300x225.jpg 300w, https:\/\/blogs.ua.es\/renacimientofrances\/files\/2014\/12\/02.Castillo-de-Chambord-Paises-del-Loira-398x300.jpg 398w\" sizes=\"auto, (max-width: 600px) 100vw, 600px\" \/><\/a><\/p>\n<p style=\"text-align: justify\" align=\"center\">En el segundo tercio del siglo, el arquitecto italiano <strong>Primaticio<\/strong> fue llamado a Francia por <strong>Francisco I<\/strong> para decorar el <strong>Palacio de<\/strong> <strong>Fontainebleau<\/strong> y agrup\u00f3 all\u00ed a unos cuantos artistas italianos y franceses que formaron la escuela Fontainebleau , de gran influencia en todas las artes del Renacimiento franc\u00e9s.<\/p>\n<p style=\"text-align: justify\" align=\"center\">En tiempos de <strong>Enrique II<\/strong> se empieza (1546) la construcci\u00f3n del <strong>Palacio del Louvre<\/strong>, bajo la direcci\u00f3n de <strong>Lescot<\/strong>, aunque de su proyecto s\u00f3lo lleg\u00f3 a realizar una parte del gran patio. Poco m\u00e1s tarde, <strong>Delorme<\/strong> comienza el <strong>palacio de las Tuller\u00edas<\/strong>, en el cual aplica el llamado orden franc\u00e9s, que consiste esencialmente en que el fuste de la columna est\u00e1 dividido en fajas en las que alternan una decorada con estr\u00edas y otra con relieves decorativos. Estos dos palacios, cercanos el uno al otro, llegaron a unirse formando uno solo, cuya construcci\u00f3n se continu\u00f3 durante varios reinados siguientes hasta terminarse en tiempos de <strong>Napol\u00e9n, <\/strong>para ser derruido en parte durante la Revoluci\u00f3n Francesa.<\/p>\n<h4 style=\"text-align: center\"><a href=\"https:\/\/blogs.ua.es\/renacimientofrances\/files\/2014\/12\/03.Palacio-del-Louvre.jpg\"><img loading=\"lazy\" decoding=\"async\" class=\" wp-image-195 aligncenter\" alt=\"03.Palacio del Louvre\" src=\"https:\/\/blogs.ua.es\/renacimientofrances\/files\/2014\/12\/03.Palacio-del-Louvre-300x243.jpg\" width=\"600\" height=\"486\" srcset=\"https:\/\/blogs.ua.es\/renacimientofrances\/files\/2014\/12\/03.Palacio-del-Louvre-300x243.jpg 300w, https:\/\/blogs.ua.es\/renacimientofrances\/files\/2014\/12\/03.Palacio-del-Louvre-370x300.jpg 370w, https:\/\/blogs.ua.es\/renacimientofrances\/files\/2014\/12\/03.Palacio-del-Louvre.jpg 592w\" sizes=\"auto, (max-width: 600px) 100vw, 600px\" \/><\/a><strong>La Escultura\u00a0<\/strong><\/h4>\n<p style=\"text-align: justify\">La <strong>\u00a0<\/strong>escultura <b>renacentista<\/b> es introducida por importaci\u00f3n de obras realizadas en Italia, como las r\u00e9plicas del <strong>Laocoonte, la Venus de Gnido<\/strong> y <strong>el Apolo del Belvedere<\/strong>, tra\u00eddas por <strong>Primaticio<\/strong>, que ejercen gran influencia en la escuela de <strong>Fontainebleau.<\/strong><\/p>\n<p style=\"text-align: justify\">De ella derivan <strong>Bontemps<\/strong>, autor de la decoraci\u00f3n de la <strong>c\u00e1mara de la Reina<\/strong>; <strong>Jean Goujon<\/strong>, autor de los bajorrelieves de las <strong>Ninfas<\/strong> de <strong>la fuente de los Inocentes<\/strong>, acusadamente manierista. Su disc\u00edpulo <strong>Pilon<\/strong>, m\u00e1s robusto, esculpe sobre todo en bulto redondo. Su obra principal es la urna para el coraz\u00f3n de <strong>Enrique II<\/strong>, sostenida por las <strong>tres Gracias<\/strong>. Tambi\u00e9n trabaj\u00f3 para Francia, aunque no dej\u00f3 all\u00ed disc\u00edpulos,<strong> Benvenuto Cellini<\/strong>, que realiz\u00f3 <strong>la ninfa de Fontainebleau<\/strong> y el famoso <strong>salero<\/strong> de oro y esmalte, hoy en Viena.<\/p>\n<p style=\"text-align: center\"><a href=\"https:\/\/blogs.ua.es\/renacimientofrances\/files\/2014\/12\/04.El-grupo-de-las-tres-Gracias-contiene-el-coraz\u00f3n-de-Enrique-II.jpg\"><img loading=\"lazy\" decoding=\"async\" class=\"alignnone  wp-image-196 aligncenter\" alt=\"04.El grupo de las tres Gracias, contiene el coraz\u00f3n de Enrique II\" src=\"https:\/\/blogs.ua.es\/renacimientofrances\/files\/2014\/12\/04.El-grupo-de-las-tres-Gracias-contiene-el-coraz\u00f3n-de-Enrique-II-170x300.jpg\" width=\"340\" height=\"600\" srcset=\"https:\/\/blogs.ua.es\/renacimientofrances\/files\/2014\/12\/04.El-grupo-de-las-tres-Gracias-contiene-el-coraz\u00f3n-de-Enrique-II-170x300.jpg 170w, https:\/\/blogs.ua.es\/renacimientofrances\/files\/2014\/12\/04.El-grupo-de-las-tres-Gracias-contiene-el-coraz\u00f3n-de-Enrique-II-581x1024.jpg 581w\" sizes=\"auto, (max-width: 340px) 100vw, 340px\" \/><\/a><\/p>\n<p align=\"center\"><a href=\"https:\/\/blogs.ua.es\/renacimientofrances\/files\/2014\/12\/05.Ninfa_.di_.Fontainebleu.1542.jpg\"><img loading=\"lazy\" decoding=\"async\" class=\"wp-image-197 aligncenter\" alt=\"05.Ninfa.di.Fontainebleu.(1542)\" src=\"https:\/\/blogs.ua.es\/renacimientofrances\/files\/2014\/12\/05.Ninfa_.di_.Fontainebleu.1542-300x242.jpg\" width=\"600\" height=\"484\" srcset=\"https:\/\/blogs.ua.es\/renacimientofrances\/files\/2014\/12\/05.Ninfa_.di_.Fontainebleu.1542-300x242.jpg 300w, https:\/\/blogs.ua.es\/renacimientofrances\/files\/2014\/12\/05.Ninfa_.di_.Fontainebleu.1542-371x300.jpg 371w, https:\/\/blogs.ua.es\/renacimientofrances\/files\/2014\/12\/05.Ninfa_.di_.Fontainebleu.1542.jpg 595w\" sizes=\"auto, (max-width: 600px) 100vw, 600px\" \/><\/a><\/p>\n<h4 align=\"center\"><strong>La Pintura\u00a0<\/strong><\/h4>\n<p style=\"text-align: justify\" align=\"center\">Tambi\u00e9n en la Pintura <b>del Renacimiento<\/b> se inicia con algunos detalles aislados mezclados en obras de estilo <strong>G\u00f3tico<\/strong>, a partir de la segunda mitad del XV. A principios del XVI, importantes pintores italianos trabajan para los reyes franceses, entre ellos <strong>Leonardo da Vinci<\/strong>, cuya muerte acaece en Francia.<\/p>\n<p style=\"text-align: justify\">Pero solamente a partir de 1530 y de la formaci\u00f3n de la escuela de <strong>Fontainebleau<\/strong> empiezan a extenderse las influencias italianas sobre pintores franceses. En general, esta pintura (cuyos maestros son el ya citado <strong>Primaticio<\/strong> y el florentino <strong>Rosso<\/strong>) tiene finalidades cortesanas y decorativas. Entre los franceses de esta \u00e9poca podemos citar a los <strong>Cousin<\/strong>, padre e hijo.<\/p>\n<p style=\"text-align: justify\">M\u00e1s adelante, en tiempos de <strong>Enrique III<\/strong> y <strong>Enrique IV,<\/strong> se forma la segunda escuela de <strong>Fontainebleau<\/strong>, en la que colaboraron artistas franceses con flamencos, holandeses e italianos. En el retrato de Corte destacan los <strong>Clouet<\/strong>.<\/p>\n<p style=\"text-align: center\"><a href=\"https:\/\/blogs.ua.es\/renacimientofrances\/files\/2014\/12\/06.Fran\u00e7ois-Clouet.Le-bain-de-Diane-1558.jpg\"><img loading=\"lazy\" decoding=\"async\" class=\" wp-image-198 aligncenter\" alt=\"06.Fran\u00e7ois Clouet.Le bain de Diane, 1558\" src=\"https:\/\/blogs.ua.es\/renacimientofrances\/files\/2014\/12\/06.Fran\u00e7ois-Clouet.Le-bain-de-Diane-1558-300x228.jpg\" width=\"600\" height=\"456\" srcset=\"https:\/\/blogs.ua.es\/renacimientofrances\/files\/2014\/12\/06.Fran\u00e7ois-Clouet.Le-bain-de-Diane-1558-300x228.jpg 300w, https:\/\/blogs.ua.es\/renacimientofrances\/files\/2014\/12\/06.Fran\u00e7ois-Clouet.Le-bain-de-Diane-1558-393x300.jpg 393w\" sizes=\"auto, (max-width: 600px) 100vw, 600px\" \/><\/a><\/p>\n<h4 style=\"text-align: center\"><strong>La M\u00fasica<\/strong><\/h4>\n<p style=\"text-align: justify\" align=\"center\"><b style=\"text-align: justify\">La m\u00fasica en el renacimiento<\/b><span style=\"text-align: justify\"> , destacamos compositores franceses como Jean Mouton y Certon Pierre , por su m\u00fasica, pero fue eclipsado por otros compositores flamencos e italianos. El que m\u00e1s contribuy\u00f3 fue Le Chanson. Le Chanson , en castellano se refiere a cualquier canci\u00f3n con letra en franc\u00e9s, a piezas vocales de tema amoroso y\u00a0 tambi\u00e9n a las de cr\u00edtica social y pol\u00edtica. Sus carester\u00edsiticas son el brillo y la fuerza r\u00edtmica que dan a su m\u00fasica una carester\u00edstica extrovertida , y que tiene realismo expresivo, describe la naturaleza y resalta la expresi\u00f3n del texto. La canci\u00f3n m\u00e1s popular fue <\/span><b style=\"text-align: justify\">L<\/b><b style=\"text-align: justify\">\u2018Ahutte<\/b><span style=\"text-align: justify\">. El mayor exponenete de su m\u00fasica ser\u00e1 Cl\u00e9ment Janequin.<\/span><\/p>\n<p style=\"text-align: center\"><a href=\"https:\/\/blogs.ua.es\/renacimientofrances\/files\/2014\/12\/07.Francoi2.jpg\"><img loading=\"lazy\" decoding=\"async\" class=\" wp-image-199 aligncenter\" alt=\"07.Francoi2\" src=\"https:\/\/blogs.ua.es\/renacimientofrances\/files\/2014\/12\/07.Francoi2-239x300.jpg\" width=\"478\" height=\"600\" srcset=\"https:\/\/blogs.ua.es\/renacimientofrances\/files\/2014\/12\/07.Francoi2-239x300.jpg 239w, https:\/\/blogs.ua.es\/renacimientofrances\/files\/2014\/12\/07.Francoi2.jpg 595w\" sizes=\"auto, (max-width: 478px) 100vw, 478px\" \/><\/a><\/p>\n<h4 align=\"center\"><strong>Literatura francesa<\/strong><\/h4>\n<p style=\"text-align: justify\">Durante el siglo XVI la literatura francesa tuvo la influencia del renacimiento itliano. Estas influencias se adoptaron en la corte de Margarita, Reina de Navara, que se convirti\u00f3 en el centro de la cultura francesa de la \u00e9poca. El poeta m\u00e1s importante de la \u00e9poca fue Maurice Sc\u00e8ve. Llegar\u00eda a su m\u00e1ximo apogeo con la nueva generaci\u00f3n de poetas, que en este casoser\u00edan siete, y se conocer\u00eda este grupo por el nombre de <b>La Pl\u00e9yade<\/b><b>,<\/b> en el cual el mentor fue <b>Pierre de Ronsard<\/b> y cre\u00f3 una nueva \u00e9poca literaria. Destacamos obras como <span style=\"text-decoration: underline\">La Franciada<\/span><span style=\"text-decoration: underline\"> (1572)<\/span>, <span style=\"text-decoration: underline\">Amores de Cassandra (1552).<\/span> Utiliz\u00f3 modelos antiguos cl\u00e1sicos. Con Rensard se dar\u00eda un paso al clasicismo.<\/p>\n<p style=\"text-align: center\"><a href=\"https:\/\/blogs.ua.es\/renacimientofrances\/files\/2014\/12\/08.Pierre.de_.Ronsard.jpg\"><img loading=\"lazy\" decoding=\"async\" class=\" wp-image-200 aligncenter\" alt=\"08.Pierre.de.Ronsard\" src=\"https:\/\/blogs.ua.es\/renacimientofrances\/files\/2014\/12\/08.Pierre.de_.Ronsard-272x300.jpg\" width=\"454\" height=\"600\" \/><\/a><\/p>\n<p style=\"text-align: left\" align=\"center\"><strong><span style=\"text-align: left\">Bibliograf\u00eda:<\/span><\/strong><\/p>\n<ul>\n<li>\u00a0<a style=\"font-style: normal\" href=\"http:\/\/www.all-free-photos.com\/show\/showphoto.php?idph=PA0187&amp;lang=sp\">http:\/\/www.all-free-photos.com\/show\/showphoto.php?idph=PA0187&amp;lang=sp<\/a><\/li>\n<li><a style=\"font-style: normal\" href=\"http:\/\/historiadelartejuan.blogspot.com.es\/2011\/03\/artistas-del-renacimiento.html\">http:\/\/historiadelartejuan.blogspot.com.es\/2011\/03\/artistas-del-renacimiento.html<\/a><\/li>\n<li><a style=\"font-style: normal\" href=\"http:\/\/chezkamui.blogspot.com.es\/2010\/11\/visitando-paris-el-louvre.html\">http:\/\/chezkamui.blogspot.com.es\/2010\/11\/visitando-paris-el-louvre.html<\/a><\/li>\n<li><a href=\"http:\/\/es.wikipedia.org\/wiki\/Germain_Pilon#mediaviewer\/File:Monument_du_coeur_d%27Henri_II.jpg\">http:\/\/es.wikipedia.org\/wiki\/Germain_Pilon#mediaviewer\/File:Monument_du_coeur_d%27Henri_II.jpg<\/a><\/li>\n<li><a href=\"http:\/\/www.arte.it\/opera\/ninfa-di-fontainebleau-4758\">http:\/\/www.arte.it\/opera\/ninfa-di-fontainebleau-4758<\/a><\/li>\n<li><a href=\"http:\/\/www.france.fr\/es\/arte-y-cultura\/la-pintura-de-francia.html\">http:\/\/www.france.fr\/es\/arte-y-cultura\/la-pintura-de-francia.html<\/a><\/li>\n<li><a href=\"http:\/\/brich59.canalblog.com\/archives\/2005\/04\/29\/469570.html\">http:\/\/brich59.canalblog.com\/archives\/2005\/04\/29\/469570.html<\/a><\/li>\n<li><a href=\"http:\/\/ecoles.ac-rouen.fr\/hennezis\/IMG\/jpg\/ronsard.jpg\">http:\/\/ecoles.ac-rouen.fr\/hennezis\/IMG\/jpg\/ronsard.jpg<\/a><\/li>\n<li><a href=\"http:\/\/es.wikipedia.org\/wiki\/Castillo_de_Chenonceau#mediaviewer\/File:Chenonceau-20050320.jpg\">http:\/\/es.wikipedia.org\/wiki\/Castillo_de_Chenonceau#mediaviewer\/File:Chenonceau-20050320.jpg<\/a><\/li>\n<li><a href=\"https:\/\/elblogdeamaia2.files.wordpress.com\/2009\/02\/imgp7076.jpg\">https:\/\/elblogdeamaia2.files.wordpress.com\/2009\/02\/imgp7076.jpg<\/a><\/li>\n<\/ul>\n","protected":false},"excerpt":{"rendered":"<p>Arte, Arquitectura, Escultura, \u00a0Pintura, M\u00fasica y Literatura Arte\u00a0 Primer periodo de la arquitectura renacentista en Francia. Llegar\u00eda con Francisco I (151-1547) , las caracter\u00edsticas van a ser las siguientes: Fachadas movidas con salientes y entrantes. Torres, torrecillas y buhardas. Techos &hellip; <a href=\"https:\/\/blogs.ua.es\/renacimientofrances\/ciencias\/\">Continue reading <span class=\"meta-nav\">&rarr;<\/span><\/a><\/p>\n","protected":false},"author":2409,"featured_media":0,"parent":0,"menu_order":0,"comment_status":"open","ping_status":"closed","template":"","meta":{"footnotes":""},"class_list":["post-44","page","type-page","status-publish","hentry"],"_links":{"self":[{"href":"https:\/\/blogs.ua.es\/renacimientofrances\/wp-json\/wp\/v2\/pages\/44","targetHints":{"allow":["GET"]}}],"collection":[{"href":"https:\/\/blogs.ua.es\/renacimientofrances\/wp-json\/wp\/v2\/pages"}],"about":[{"href":"https:\/\/blogs.ua.es\/renacimientofrances\/wp-json\/wp\/v2\/types\/page"}],"author":[{"embeddable":true,"href":"https:\/\/blogs.ua.es\/renacimientofrances\/wp-json\/wp\/v2\/users\/2409"}],"replies":[{"embeddable":true,"href":"https:\/\/blogs.ua.es\/renacimientofrances\/wp-json\/wp\/v2\/comments?post=44"}],"version-history":[{"count":30,"href":"https:\/\/blogs.ua.es\/renacimientofrances\/wp-json\/wp\/v2\/pages\/44\/revisions"}],"predecessor-version":[{"id":290,"href":"https:\/\/blogs.ua.es\/renacimientofrances\/wp-json\/wp\/v2\/pages\/44\/revisions\/290"}],"wp:attachment":[{"href":"https:\/\/blogs.ua.es\/renacimientofrances\/wp-json\/wp\/v2\/media?parent=44"}],"curies":[{"name":"wp","href":"https:\/\/api.w.org\/{rel}","templated":true}]}}