{"id":46,"date":"2014-11-18T23:23:16","date_gmt":"2014-11-18T23:23:16","guid":{"rendered":"https:\/\/blogs.ua.es\/renacimientofrances\/?page_id=46"},"modified":"2014-12-05T21:18:51","modified_gmt":"2014-12-05T21:18:51","slug":"personajes","status":"publish","type":"page","link":"https:\/\/blogs.ua.es\/renacimientofrances\/personajes\/","title":{"rendered":"Personajes"},"content":{"rendered":"<h4 style=\"text-align: center\"><span style=\"text-decoration: underline\"><strong>Monarcas<\/strong><\/span><\/h4>\n<h4><\/h4>\n<h4><strong>Francisco I (1515-1547)<\/strong><\/h4>\n<p style=\"text-align: justify\">Este monarca, gran mecenas de las artes y aficionado a todo lo que procediera de Italia, protegi\u00f3 a\u00a0importantes maestros, solicitando sus servicios para la Corte francesa (entre ellos el mismo Leonardo\u00a0da Vinci, que muri\u00f3 en el Castillo de Cloux), a la vez que emprendi\u00f3 un ambicioso programa de\u00a0revitalizaci\u00f3n cultural que revolucion\u00f3 el desarrollo de las artes en el pa\u00eds. Conviene tener presente\u00a0que Francia fue la cuna del G\u00f3tico y que por tanto este estilo estaba fuertemente arraigado y pod\u00eda\u00a0ser visto como un estilo nacional. De ah\u00ed que las formas g\u00f3ticas continuaran presentes durante un\u00a0tiempo, a pesar del nuevo estilo impuesto por la Corte.<\/p>\n<h4><\/h4>\n<h4><strong><a href=\"https:\/\/blogs.ua.es\/renacimientofrances\/files\/2014\/11\/Personajes.01.jpg\"><img loading=\"lazy\" decoding=\"async\" class=\"aligncenter\" alt=\"Personajes.01\" src=\"https:\/\/blogs.ua.es\/renacimientofrances\/files\/2014\/11\/Personajes.01-221x300.jpg\" width=\"221\" height=\"300\" \/><\/a><\/strong><\/h4>\n<h4><\/h4>\n<p><strong>Enrique II (1547-1559)<\/strong><\/p>\n<p style=\"text-align: justify\"><strong><\/strong>Tras Francisco I, las formas a la italiana acabaron imponi\u00e9ndose definitivamente en la arquitectura\u00a0bajo Enrique II, cuya esposa pertenec\u00eda a la familia florentina m\u00e1s poderosa (Catalina de M\u00e9dicis).\u00a0Bajo su mandato se reform\u00f3 la antigua sede de la Corte en Par\u00eds, el Palacio del Louvre, convirti\u00e9ndolo\u00a0en un moderno edificio de est\u00e9tica plenamente manierista.<\/p>\n<h4><strong><a href=\"https:\/\/blogs.ua.es\/renacimientofrances\/files\/2014\/11\/Personajes.02.jpg\"><img loading=\"lazy\" decoding=\"async\" class=\"aligncenter\" alt=\"Personajes.02\" src=\"https:\/\/blogs.ua.es\/renacimientofrances\/files\/2014\/11\/Personajes.02-215x300.jpg\" width=\"215\" height=\"300\" \/><\/a><\/strong><\/h4>\n<h4 style=\"text-align: center\"><span style=\"text-decoration: underline\"><strong>Arquitectos<\/strong><\/span><\/h4>\n<h4><\/h4>\n<h4><strong>Philibert de l&#8217;Orme (1510\u20131570)<\/strong><\/h4>\n<p><strong><\/strong>Gran parte de su obra ha desaparecido, pero su fama se mantiene. Ardiente humanista y estudiante\u00a0de la Antig\u00fcedad, reivindic\u00f3 la tradici\u00f3n francesa en oposici\u00f3n a las tendencias italianas, y fue un\u00a0hombre de mente independiente y una vigorosa originalidad. Su obra maestra fue el Castillo\u00a0de Anet (1547\u20131555).<\/p>\n<h4><strong><a href=\"https:\/\/blogs.ua.es\/renacimientofrances\/files\/2014\/11\/Personajes.03.jpg\"><img loading=\"lazy\" decoding=\"async\" class=\"aligncenter\" alt=\"Personajes.03\" src=\"https:\/\/blogs.ua.es\/renacimientofrances\/files\/2014\/11\/Personajes.03-250x300.jpg\" width=\"250\" height=\"300\" \/><\/a><\/strong><\/h4>\n<h4 style=\"text-align: justify\"><strong>Pierre Lescot (1510-1578)<\/strong><\/h4>\n<p style=\"text-align: justify\"><strong><\/strong>Su grandes cualidades art\u00edsticas le permitieron probablemente ser introducido en la corte real\u00a0de Francisco I, rey mecenas y protector de artistas con talento, de los que se rodeaba. En 1546, el\u00a0soberano escogi\u00f3 a Lescot para ser el arquitecto del Louvre, del cual realiz\u00f3 el ala sur-oeste de la\u00a0plaza principal. El t\u00edtulo de arquitecto del Louvre le acompa\u00f1ar\u00eda hasta su muerte.<\/p>\n<h4><strong><a href=\"https:\/\/blogs.ua.es\/renacimientofrances\/files\/2014\/11\/Personajes.04.jpg\"><img loading=\"lazy\" decoding=\"async\" class=\"aligncenter\" alt=\"Personajes.04\" src=\"https:\/\/blogs.ua.es\/renacimientofrances\/files\/2014\/11\/Personajes.04-293x300.jpg\" width=\"293\" height=\"300\" \/><\/a><\/strong><\/h4>\n<h4 style=\"text-align: center\"><span style=\"text-decoration: underline\"><strong>Artistas<\/strong><\/span><\/h4>\n<p><strong>Germain Pilon(1537-1590)<\/strong><\/p>\n<p><strong><\/strong>Pilon fue un experto en m\u00e1rmol, bronce, madera y terracota; desde alrededor de 1555 proporcion\u00f3\u00a0modelos para los orfebres parisinos. Fue el escultor favorito de la reina Catalina de M\u00e9dicis. Tambi\u00e9n\u00a0realiz\u00f3 las monedas reales.<\/p>\n<h4><strong><a href=\"https:\/\/blogs.ua.es\/renacimientofrances\/files\/2014\/11\/Personajes.05.jpg\"><img loading=\"lazy\" decoding=\"async\" class=\"aligncenter\" alt=\"Personajes.05\" src=\"https:\/\/blogs.ua.es\/renacimientofrances\/files\/2014\/11\/Personajes.05-189x300.jpg\" width=\"189\" height=\"300\" \/><\/a><\/strong><\/h4>\n<p style=\"text-align: justify\"><strong>Fran\u00e7ois Clouet (1510-1572)<\/strong><\/p>\n<p style=\"text-align: justify\"><strong><\/strong>Es reconocida su maestr\u00eda en el uso del l\u00e1piz, que hered\u00f3 de su padre, la cual le sirvi\u00f3 para captar\u00a0con gran habilidad la carga psicol\u00f3gica de los personajes que retrat\u00f3. Realiz\u00f3 los retratos oficiales de\u00a0la corte, como los de Enrique II, Carlos IX o Margarita de Valois.En el caso de Clouet, su taller estaba\u00a0particularmente dedicado a la producci\u00f3n de series de retratos, objetos muy a la moda destinados a\u00a0la aristocracia.<\/p>\n<h4><strong><a href=\"https:\/\/blogs.ua.es\/renacimientofrances\/files\/2014\/11\/Personajes.06.jpg\"><img loading=\"lazy\" decoding=\"async\" class=\"aligncenter\" alt=\"Personajes.06\" src=\"https:\/\/blogs.ua.es\/renacimientofrances\/files\/2014\/11\/Personajes.06-187x300.jpg\" width=\"187\" height=\"300\" \/><\/a><\/strong><\/h4>\n<p>&nbsp;<\/p>\n","protected":false},"excerpt":{"rendered":"<p>Monarcas Francisco I (1515-1547) Este monarca, gran mecenas de las artes y aficionado a todo lo que procediera de Italia, protegi\u00f3 a\u00a0importantes maestros, solicitando sus servicios para la Corte francesa (entre ellos el mismo Leonardo\u00a0da Vinci, que muri\u00f3 en el &hellip; <a href=\"https:\/\/blogs.ua.es\/renacimientofrances\/personajes\/\">Continue reading <span class=\"meta-nav\">&rarr;<\/span><\/a><\/p>\n","protected":false},"author":2409,"featured_media":0,"parent":0,"menu_order":0,"comment_status":"open","ping_status":"open","template":"","meta":{"footnotes":""},"class_list":["post-46","page","type-page","status-publish","hentry"],"_links":{"self":[{"href":"https:\/\/blogs.ua.es\/renacimientofrances\/wp-json\/wp\/v2\/pages\/46","targetHints":{"allow":["GET"]}}],"collection":[{"href":"https:\/\/blogs.ua.es\/renacimientofrances\/wp-json\/wp\/v2\/pages"}],"about":[{"href":"https:\/\/blogs.ua.es\/renacimientofrances\/wp-json\/wp\/v2\/types\/page"}],"author":[{"embeddable":true,"href":"https:\/\/blogs.ua.es\/renacimientofrances\/wp-json\/wp\/v2\/users\/2409"}],"replies":[{"embeddable":true,"href":"https:\/\/blogs.ua.es\/renacimientofrances\/wp-json\/wp\/v2\/comments?post=46"}],"version-history":[{"count":6,"href":"https:\/\/blogs.ua.es\/renacimientofrances\/wp-json\/wp\/v2\/pages\/46\/revisions"}],"predecessor-version":[{"id":279,"href":"https:\/\/blogs.ua.es\/renacimientofrances\/wp-json\/wp\/v2\/pages\/46\/revisions\/279"}],"wp:attachment":[{"href":"https:\/\/blogs.ua.es\/renacimientofrances\/wp-json\/wp\/v2\/media?parent=46"}],"curies":[{"name":"wp","href":"https:\/\/api.w.org\/{rel}","templated":true}]}}