{"id":57,"date":"2014-11-27T18:39:03","date_gmt":"2014-11-27T18:39:03","guid":{"rendered":"https:\/\/blogs.ua.es\/renacimientofrances\/?page_id=57"},"modified":"2014-12-05T19:23:49","modified_gmt":"2014-12-05T19:23:49","slug":"vestimenta","status":"publish","type":"page","link":"https:\/\/blogs.ua.es\/renacimientofrances\/vestimenta\/","title":{"rendered":"Vestimenta"},"content":{"rendered":"<h4 style=\"text-align: center\"><strong>La Vestimenta en el Renacimiento\u00a0<\/strong><\/h4>\n<p style=\"text-align: justify\">El Renacimiento estar\u00e1 marcado por el nuevo paradigma de pensamiento, que es el antropocentrismo bas\u00e1ndose en la <strong>idealizaci\u00f3n de la figura humana<\/strong>. Por ello esta idea se ver\u00e1\u00a0 reflejada en el desarrollo de la industria textil, las prendas eran confeccionadas por sastres, y se adapta a los gustos de la clientela. Gracias a la mejora de los medios de comunicaci\u00f3n, en especial los medios mar\u00edtimos con nuevas t\u00e9cnicas e instrumentos de navegaci\u00f3n favorecieron al transporte de mercanc\u00edas de lujo. Siendo las industrias de textil m\u00e1s importantes: <strong>Lyon, Amberes, Flandes. <\/strong><\/p>\n<p style=\"text-align: justify\">Estas mejoras se ven reflejadas en los nuevos materiales:<\/p>\n<ul style=\"text-align: justify\">\n<li><b>Lana: <\/b>Aportando un calor permanente durante los meses m\u00e1s fr\u00edos del a\u00f1o. La lana m\u00e1s fina se sacaba de las ovejas merinas espa\u00f1olas, originarias de la regi\u00f3n central de Espa\u00f1a.<\/li>\n<li><b>Algod\u00f3n: <\/b>Un material procedente de la India, eran muy populares por sus dise\u00f1os coloridos.<\/li>\n<li><b>Seda: <\/b>Con el Renacimiento se comenz\u00f3 en Europa a una propia producci\u00f3n de la seda. En el 1685 en Francia,\u00a0 debido a los conflictos religiosos los tejedores de seda\u00a0 emigran a Inglaterra y aumentaran la producci\u00f3n haciendo que la seda\u00a0 sea as\u00ed mayor la disponibilidad de este material hizo que fuera el material m\u00e1s asequible.<\/li>\n<\/ul>\n<h4 style=\"text-align: center\"><strong>Caracter\u00edsticas de la vestimenta en el Renacimiento<\/strong><\/h4>\n<p style=\"text-align: justify\"><strong>Indumentaria Femenina:<\/strong> La indumentaria b\u00e1sica era una camisa interior de lino blanco, manga larga, sobre ella un vestido de cintura alta de color contrastante. A fines de siglo el escote se hizo en forma de <i>V<\/i> hasta la l\u00ednea de la cintura, se a\u00f1adi\u00f3 una pieza de tejido r\u00edgido para tapar el pecho a modo de tri\u00e1ngulo invertido llamado <i>tassel<\/i>. Las mangas se abr\u00edan a la altura de los hombros y de los codos, en la parte posterior, para dejar asomar por las aberturas las mangas de la prenda interior.<\/p>\n<p style=\"text-align: justify\"><strong>Indumentaria Masculina:<\/strong> Se mantuvieron las prendas de la Edad Media, a\u00f1adi\u00e9ndole colores brillantes, en forma de parches, rallas, cuadrados y tri\u00e1ngulos. Los nobles pod\u00edan vestir a sus sirvientes con los mismos colores que usaban ellos, en actividades espec\u00edficas ten\u00edan reservados ciertos colores, como por ejemplo, el rojo se utilizaba en las actividades rurales. Las prendas acentuaban el f\u00edsico, los hombros, pectorales, se acolchaban los abrigos con heno y se colocaba un cintur\u00f3n en la cintura. Se dejaron de usar las calzas, siendo reemplazadas por las medias, acentu\u00e1ndose por medio de la bragueta la entrepierna. El calzado que se utilizaba en la Edad Media, en punta fue reemplazado por el denominado \u201cpico de pato\u201d que pose\u00eda su punta ancha y redondeada en la puntera.<\/p>\n<h4 style=\"text-align: center\"><strong>Francia va estar influenciado por la moda italiana y espa\u00f1ola:<\/strong><\/h4>\n<p style=\"text-align: center\"><a href=\"https:\/\/blogs.ua.es\/renacimientofrances\/files\/2014\/11\/El-traje-en-Italia.jpg\"><img loading=\"lazy\" decoding=\"async\" class=\" wp-image-72 aligncenter\" alt=\"El traje en Italia\" src=\"https:\/\/blogs.ua.es\/renacimientofrances\/files\/2014\/11\/El-traje-en-Italia-300x228.jpg\" width=\"600\" height=\"492\" \/><\/a><\/p>\n<p style=\"text-align: center\"><strong>El traje de Italia<\/strong> va estar caracterizado por mangas amplias, camisa, escote cuadrado y cintura ce\u00f1ida y cuchillas.<a href=\"https:\/\/blogs.ua.es\/renacimientofrances\/files\/2014\/11\/Cuchillada-italiana.jpg\"><img loading=\"lazy\" decoding=\"async\" class=\" wp-image-70 aligncenter\" alt=\"Cuchillada italiana\" src=\"https:\/\/blogs.ua.es\/renacimientofrances\/files\/2014\/11\/Cuchillada-italiana-300x249.jpg\" width=\"450\" height=\"373\" srcset=\"https:\/\/blogs.ua.es\/renacimientofrances\/files\/2014\/11\/Cuchillada-italiana-300x249.jpg 300w, https:\/\/blogs.ua.es\/renacimientofrances\/files\/2014\/11\/Cuchillada-italiana-1024x850.jpg 1024w, https:\/\/blogs.ua.es\/renacimientofrances\/files\/2014\/11\/Cuchillada-italiana-361x300.jpg 361w, https:\/\/blogs.ua.es\/renacimientofrances\/files\/2014\/11\/Cuchillada-italiana.jpg 1134w\" sizes=\"auto, (max-width: 450px) 100vw, 450px\" \/><\/a><\/p>\n<p style=\"text-align: center\">\u00a0<strong>El traje en Espa\u00f1a:\u00a0<\/strong><\/p>\n<p style=\"text-align: justify\"><a href=\"https:\/\/blogs.ua.es\/renacimientofrances\/files\/2014\/11\/El-traje-en-Espa\u00f1a.jpg\"><img loading=\"lazy\" decoding=\"async\" class=\" wp-image-71 aligncenter\" alt=\"El traje en Espa\u00f1a\" src=\"https:\/\/blogs.ua.es\/renacimientofrances\/files\/2014\/11\/El-traje-en-Espa\u00f1a-300x228.jpg\" width=\"600\" height=\"456\" srcset=\"https:\/\/blogs.ua.es\/renacimientofrances\/files\/2014\/11\/El-traje-en-Espa\u00f1a-300x228.jpg 300w, https:\/\/blogs.ua.es\/renacimientofrances\/files\/2014\/11\/El-traje-en-Espa\u00f1a-1024x779.jpg 1024w, https:\/\/blogs.ua.es\/renacimientofrances\/files\/2014\/11\/El-traje-en-Espa\u00f1a-394x300.jpg 394w, https:\/\/blogs.ua.es\/renacimientofrances\/files\/2014\/11\/El-traje-en-Espa\u00f1a.jpg 1134w\" sizes=\"auto, (max-width: 600px) 100vw, 600px\" \/><\/a><strong>La ropa francesa<\/strong> estar\u00e1 compuesta por <i>Corset<\/i>, Verdugado Espa\u00f1ol (falda casi de tambor) y mangas estrechas, pliegues,\u00a0 la ropa interior se usara bragas, calzas ( medias de seda) y camisa. Como tercera piel se usa el marlotte y como accesorios se usa el Attifet, gorguera y cuchilladas. Otra caracter\u00edstica de la prenda Francesa estar\u00e1 marcada por el tambor.<\/p>\n<p style=\"text-align: justify\"><a href=\"https:\/\/blogs.ua.es\/renacimientofrances\/files\/2014\/11\/Verdugo.jpg\"><img loading=\"lazy\" decoding=\"async\" class=\" wp-image-74 aligncenter\" alt=\"Verdugo\" src=\"https:\/\/blogs.ua.es\/renacimientofrances\/files\/2014\/11\/Verdugo-300x224.jpg\" width=\"600\" height=\"448\" srcset=\"https:\/\/blogs.ua.es\/renacimientofrances\/files\/2014\/11\/Verdugo-300x224.jpg 300w, https:\/\/blogs.ua.es\/renacimientofrances\/files\/2014\/11\/Verdugo-1024x765.jpg 1024w, https:\/\/blogs.ua.es\/renacimientofrances\/files\/2014\/11\/Verdugo-401x300.jpg 401w, https:\/\/blogs.ua.es\/renacimientofrances\/files\/2014\/11\/Verdugo.jpg 1134w\" sizes=\"auto, (max-width: 600px) 100vw, 600px\" \/><\/a><span style=\"color: #000000\">Los hombres y mujeres de la clase media utilizaban prendas con mangas desmontables o con doble manga, una estrecha sujeta a la prenda interior, y otra m\u00e1s amplia sujeta al cuerpo del vestido,\u00a0permitiendo de esta manera cambiar el aspecto de una prenda.<\/span><\/p>\n<p style=\"text-align: justify\"><a href=\"https:\/\/blogs.ua.es\/renacimientofrances\/files\/2014\/11\/La-moda-Renacimiento-Frances.jpg\"><img loading=\"lazy\" decoding=\"async\" class=\" wp-image-73 aligncenter\" alt=\"La moda Renacimiento Frances\" src=\"https:\/\/blogs.ua.es\/renacimientofrances\/files\/2014\/11\/La-moda-Renacimiento-Frances-213x300.jpg\" width=\"426\" height=\"600\" srcset=\"https:\/\/blogs.ua.es\/renacimientofrances\/files\/2014\/11\/La-moda-Renacimiento-Frances-213x300.jpg 213w, https:\/\/blogs.ua.es\/renacimientofrances\/files\/2014\/11\/La-moda-Renacimiento-Frances-727x1024.jpg 727w, https:\/\/blogs.ua.es\/renacimientofrances\/files\/2014\/11\/La-moda-Renacimiento-Frances.jpg 1134w\" sizes=\"auto, (max-width: 426px) 100vw, 426px\" \/><\/a>La vestimenta cumplir\u00e1 el objetivo de acentuar el aspecto f\u00edsico femenino, resaltando los hombros que se manifestaban amplios, el talle largo y estrecho y las caderas amplias.<\/p>\n<p><strong>Bibliograf\u00eda:\u00a0<\/strong><\/p>\n<ul>\n<li><a href=\"http:\/\/www.historiadeltraje.com.ar\/renacimiento.html\">http:\/\/www.historiadeltraje.com.ar\/renacimiento.html<\/a><\/li>\n<li><a href=\"http:\/\/www.historiaviva.org\/vestimenta\/\">http:\/\/www.historiaviva.org\/vestimenta\/<\/a><\/li>\n<li><a href=\"http:\/\/www.vistelacalle.com\/20433\/el-renacimiento-y-la-revolucion-formal-en-el-vestuario\/\">http:\/\/www.vistelacalle.com\/20433\/el-renacimiento-y-la-revolucion-formal-en-el-vestuario\/<\/a><\/li>\n<\/ul>\n","protected":false},"excerpt":{"rendered":"<p>La Vestimenta en el Renacimiento\u00a0 El Renacimiento estar\u00e1 marcado por el nuevo paradigma de pensamiento, que es el antropocentrismo bas\u00e1ndose en la idealizaci\u00f3n de la figura humana. Por ello esta idea se ver\u00e1\u00a0 reflejada en el desarrollo de la industria &hellip; <a href=\"https:\/\/blogs.ua.es\/renacimientofrances\/vestimenta\/\">Continue reading <span class=\"meta-nav\">&rarr;<\/span><\/a><\/p>\n","protected":false},"author":2409,"featured_media":0,"parent":0,"menu_order":0,"comment_status":"open","ping_status":"open","template":"","meta":{"footnotes":""},"class_list":["post-57","page","type-page","status-publish","hentry"],"_links":{"self":[{"href":"https:\/\/blogs.ua.es\/renacimientofrances\/wp-json\/wp\/v2\/pages\/57","targetHints":{"allow":["GET"]}}],"collection":[{"href":"https:\/\/blogs.ua.es\/renacimientofrances\/wp-json\/wp\/v2\/pages"}],"about":[{"href":"https:\/\/blogs.ua.es\/renacimientofrances\/wp-json\/wp\/v2\/types\/page"}],"author":[{"embeddable":true,"href":"https:\/\/blogs.ua.es\/renacimientofrances\/wp-json\/wp\/v2\/users\/2409"}],"replies":[{"embeddable":true,"href":"https:\/\/blogs.ua.es\/renacimientofrances\/wp-json\/wp\/v2\/comments?post=57"}],"version-history":[{"count":22,"href":"https:\/\/blogs.ua.es\/renacimientofrances\/wp-json\/wp\/v2\/pages\/57\/revisions"}],"predecessor-version":[{"id":254,"href":"https:\/\/blogs.ua.es\/renacimientofrances\/wp-json\/wp\/v2\/pages\/57\/revisions\/254"}],"wp:attachment":[{"href":"https:\/\/blogs.ua.es\/renacimientofrances\/wp-json\/wp\/v2\/media?parent=57"}],"curies":[{"name":"wp","href":"https:\/\/api.w.org\/{rel}","templated":true}]}}