{"id":81,"date":"2014-11-30T14:23:12","date_gmt":"2014-11-30T14:23:12","guid":{"rendered":"https:\/\/blogs.ua.es\/renacimientofrances\/?page_id=81"},"modified":"2014-12-05T19:25:18","modified_gmt":"2014-12-05T19:25:18","slug":"jardines","status":"publish","type":"page","link":"https:\/\/blogs.ua.es\/renacimientofrances\/jardines\/","title":{"rendered":"Jardines"},"content":{"rendered":"<h4 style=\"text-align: center\" align=\"center\"><strong>Jardines Renacentista Franceses<\/strong><\/h4>\n<p style=\"text-align: justify\" align=\"center\">En el renacimiento surge en contraposici\u00f3n a la Edad Media, en esta se busca un paisaje cerrado destinado al aislamiento y marcada por esa idea de protecci\u00f3n. En el Renacimiento eso cambia, el jard\u00edn se abre, continua como en la Edad Media con la simetr\u00eda y las formas geom\u00e9tricas.<\/p>\n<p style=\"text-align: justify\" align=\"center\">En el auge del renacimiento ser\u00e1 en Italia donde se levantan las grandes villas y palacios juntos a estos enormes jardines.\u00a0 Con la novedad de aparecer esculturas, numerosas fuentes, el bolt y el mirto, son los arbustos principales\u00a0 que una vez recortados permiten diferentes espacios. Tambi\u00e9n aparecen las hileras de cipreses que bordean habitualmente las grandes avenidas.<\/p>\n<p style=\"text-align: justify\">Las caracter\u00edsticas de los Jardines del Renacimiento franc\u00e9s se caracteriza por las camas sim\u00e9tricas y geom\u00e9tricas, plantas en macetas, senderos de grava y arena, terrazas, escaleras y rampas, el agua se mueve en forma de canales, cascadas y fuentes monumentales, y el uso extensivo de grutas artificiales, laberintos y estatuas de figuras mitol\u00f3gicas. Se convirtieron en una extensi\u00f3n de los castillos que rodeaban, y fueron dise\u00f1ados para ilustrar los ideales renacentistas de medida y proporci\u00f3n.<\/p>\n<p style=\"text-align: justify\">En este blog destacamos tres ejemplos: <i>Jardines del Ch\u00e2teau de Villandry &#8211; Jard\u00edn de Diana de Poitiers &#8220;del Ch\u00e2teau de Chenonceau y la Fuente de la Diana, en los jardines del Ch\u00e2teau de Fontainebleau.<\/i><\/p>\n<p>https:\/\/www.youtube.com\/watch?v=-CIJvEUKPYw<\/p>\n<p>Estos jardines est\u00e1n compuestos por tres terrazas: En la parte m\u00e1s elevada del terreno nos encontramos con el <b>Jard\u00edn del Agua<\/b>, de inspiraci\u00f3n cl\u00e1sica. Se encuentra centrado alrededor de un gran estanque de agua en forma de espejo al estilo Luis XV.<\/p>\n<p style=\"text-align: justify\">En la terraza intermedia nos encontramos con el <em><strong>Jard\u00edn Ornamental<\/strong>,<\/em> que constituye la prolongaci\u00f3n de los salones del castillo. Estos jardines abarcan diversas zonas, como los <strong><i>Jardines del Amor<\/i><\/strong>, que a su vez se subdividen en las diferentes fases de este intenso sentimiento: tierno, apasionado, infiel y tr\u00e1gico, contando con diferentes sectores que representan cada una de estas etapas. Todas las formas se \u00a0pueden observar \u00a0que est\u00e1n elaboradas con setos de boj, que se podan y deshierban a mano debido a la fragilidad de sus ra\u00edces. En esta terraza intermedia tambi\u00e9n se encuentra el <strong><i>Jard\u00edn de la M\u00fasica<\/i>,<\/strong> evocando con sus formas podadas diferentes instrumentos como liras, arpas, y candelabros para iluminar la partitura musical, adem\u00e1s del <strong><i>Jard\u00edn de las Tres Cruces,<\/i> <\/strong>donde los setos dan forma a la cruz de Malta, la de Languedoc y la del Pa\u00eds Vasco.<\/p>\n<p style=\"text-align: justify\">En la terraza inferior nos encontramos con el jard\u00edn de las plantas medicinales y el famoso huerto de Villandry, ubicado entre el castillo y el pueblo. El huerto tambi\u00e9n est\u00e1 profundamente influenciado por los jardines italianos del renacimiento, contando con fuentes, rosales y otras flores ornamentales.<\/p>\n<p style=\"text-align: center\"><a href=\"https:\/\/blogs.ua.es\/renacimientofrances\/files\/2014\/11\/Jard\u00edn-de-Diana-de-Poitiers.jpg\"><img loading=\"lazy\" decoding=\"async\" class=\" wp-image-231 aligncenter\" alt=\"Jard\u00edn de Diana de Poitiers\" src=\"https:\/\/blogs.ua.es\/renacimientofrances\/files\/2014\/11\/Jard\u00edn-de-Diana-de-Poitiers-300x192.jpg\" width=\"600\" height=\"384\" srcset=\"https:\/\/blogs.ua.es\/renacimientofrances\/files\/2014\/11\/Jard\u00edn-de-Diana-de-Poitiers-300x192.jpg 300w, https:\/\/blogs.ua.es\/renacimientofrances\/files\/2014\/11\/Jard\u00edn-de-Diana-de-Poitiers-1024x657.jpg 1024w, https:\/\/blogs.ua.es\/renacimientofrances\/files\/2014\/11\/Jard\u00edn-de-Diana-de-Poitiers-467x300.jpg 467w, https:\/\/blogs.ua.es\/renacimientofrances\/files\/2014\/11\/Jard\u00edn-de-Diana-de-Poitiers.jpg 1134w\" sizes=\"auto, (max-width: 600px) 100vw, 600px\" \/><\/a>En el Renacimiento estos espacios van \u00a0a ser centro de reuniones sociales, por ello predominar\u00e1 el lujo y la grandiosidad siendo el centro de las fiestas privadas de los se\u00f1ores de la \u00e9poca.<\/p>\n<p style=\"text-align: center\"><a href=\"https:\/\/blogs.ua.es\/renacimientofrances\/files\/2014\/11\/Jardines-del-castillo-de-Fontainebleau.jpg\"><img loading=\"lazy\" decoding=\"async\" class=\" wp-image-232 aligncenter\" alt=\"Jardines del castillo de Fontainebleau\" src=\"https:\/\/blogs.ua.es\/renacimientofrances\/files\/2014\/11\/Jardines-del-castillo-de-Fontainebleau-216x300.jpg\" width=\"432\" height=\"600\" \/><\/a><\/p>\n<p><strong>Bibliograf\u00eda:<\/strong><\/p>\n<ul style=\"color: #333333;font-style: normal;line-height: 24.375px\">\n<li><a href=\"http:\/\/www.homo-architectus.com\/2013\/07\/jardines-palacio-villandry-valle-loira-francia.html#sthash.FvNi2wyI.dpuf\">http:\/\/www.homo-architectus.com\/2013\/07\/jardines-palacio-villandry-valle-loira-francia.html#sthash.FvNi2wyI.dpuf<\/a><\/li>\n<\/ul>\n","protected":false},"excerpt":{"rendered":"<p>Jardines Renacentista Franceses En el renacimiento surge en contraposici\u00f3n a la Edad Media, en esta se busca un paisaje cerrado destinado al aislamiento y marcada por esa idea de protecci\u00f3n. En el Renacimiento eso cambia, el jard\u00edn se abre, continua &hellip; <a href=\"https:\/\/blogs.ua.es\/renacimientofrances\/jardines\/\">Continue reading <span class=\"meta-nav\">&rarr;<\/span><\/a><\/p>\n","protected":false},"author":2409,"featured_media":0,"parent":0,"menu_order":0,"comment_status":"open","ping_status":"open","template":"","meta":{"footnotes":""},"class_list":["post-81","page","type-page","status-publish","hentry"],"_links":{"self":[{"href":"https:\/\/blogs.ua.es\/renacimientofrances\/wp-json\/wp\/v2\/pages\/81","targetHints":{"allow":["GET"]}}],"collection":[{"href":"https:\/\/blogs.ua.es\/renacimientofrances\/wp-json\/wp\/v2\/pages"}],"about":[{"href":"https:\/\/blogs.ua.es\/renacimientofrances\/wp-json\/wp\/v2\/types\/page"}],"author":[{"embeddable":true,"href":"https:\/\/blogs.ua.es\/renacimientofrances\/wp-json\/wp\/v2\/users\/2409"}],"replies":[{"embeddable":true,"href":"https:\/\/blogs.ua.es\/renacimientofrances\/wp-json\/wp\/v2\/comments?post=81"}],"version-history":[{"count":25,"href":"https:\/\/blogs.ua.es\/renacimientofrances\/wp-json\/wp\/v2\/pages\/81\/revisions"}],"predecessor-version":[{"id":255,"href":"https:\/\/blogs.ua.es\/renacimientofrances\/wp-json\/wp\/v2\/pages\/81\/revisions\/255"}],"wp:attachment":[{"href":"https:\/\/blogs.ua.es\/renacimientofrances\/wp-json\/wp\/v2\/media?parent=81"}],"curies":[{"name":"wp","href":"https:\/\/api.w.org\/{rel}","templated":true}]}}