{"id":2,"date":"2016-12-20T13:30:45","date_gmt":"2016-12-20T13:30:45","guid":{"rendered":"https:\/\/blogs.ua.es\/renacimientoparisino\/?page_id=2"},"modified":"2016-12-20T15:01:12","modified_gmt":"2016-12-20T15:01:12","slug":"pagina-ejemplo","status":"publish","type":"page","link":"https:\/\/blogs.ua.es\/renacimientoparisino\/pagina-ejemplo\/","title":{"rendered":"Presentaci\u00f3n"},"content":{"rendered":"<p>Bienvenidos. El blog forma parte del trabajo asignado para la asignatura &#8220;Estados modernos hasta la paz de Westfalia&#8221; y nos hemos centrado en la evoluci\u00f3n urbana, arquitect\u00f3nica y art\u00edstica de Par\u00eds en los siglos XVI y XVII. Lo hemos repartido en varias partes, cada una para un alumno, quedando de la siguiente manera:<\/p>\n<p>Plano Urbano &#8211; Claudio Navarro Paredes<\/p>\n<p>Arquitectura Civil &#8211; Ignacio Ortega G\u00f3mez<\/p>\n<p>Arquitectura\u00a0Religiosa &#8211; Iv\u00e1n Rodr\u00edguez Mu\u00f1oz<\/p>\n<p>Pintura &#8211; Miguel \u00c1ngel Garc\u00eda Arocas<\/p>\n<p>Escultura &#8211; Carlos Aroca Ochoa<\/p>\n","protected":false},"excerpt":{"rendered":"<p>Bienvenidos. El blog forma parte del trabajo asignado para la asignatura &#8220;Estados modernos hasta la paz de Westfalia&#8221; y nos hemos centrado en la evoluci\u00f3n urbana, arquitect\u00f3nica y art\u00edstica de Par\u00eds en los siglos XVI y XVII. Lo hemos repartido en varias partes, cada una para un alumno, quedando de la siguiente manera: Plano Urbano [&hellip;]<\/p>\n","protected":false},"author":3309,"featured_media":0,"parent":0,"menu_order":0,"comment_status":"closed","ping_status":"open","template":"","meta":{"footnotes":""},"class_list":["post-2","page","type-page","status-publish","hentry"],"_links":{"self":[{"href":"https:\/\/blogs.ua.es\/renacimientoparisino\/wp-json\/wp\/v2\/pages\/2","targetHints":{"allow":["GET"]}}],"collection":[{"href":"https:\/\/blogs.ua.es\/renacimientoparisino\/wp-json\/wp\/v2\/pages"}],"about":[{"href":"https:\/\/blogs.ua.es\/renacimientoparisino\/wp-json\/wp\/v2\/types\/page"}],"author":[{"embeddable":true,"href":"https:\/\/blogs.ua.es\/renacimientoparisino\/wp-json\/wp\/v2\/users\/3309"}],"replies":[{"embeddable":true,"href":"https:\/\/blogs.ua.es\/renacimientoparisino\/wp-json\/wp\/v2\/comments?post=2"}],"version-history":[{"count":3,"href":"https:\/\/blogs.ua.es\/renacimientoparisino\/wp-json\/wp\/v2\/pages\/2\/revisions"}],"predecessor-version":[{"id":159,"href":"https:\/\/blogs.ua.es\/renacimientoparisino\/wp-json\/wp\/v2\/pages\/2\/revisions\/159"}],"wp:attachment":[{"href":"https:\/\/blogs.ua.es\/renacimientoparisino\/wp-json\/wp\/v2\/media?parent=2"}],"curies":[{"name":"wp","href":"https:\/\/api.w.org\/{rel}","templated":true}]}}