{"id":135,"date":"2010-11-26T10:40:36","date_gmt":"2010-11-26T10:40:36","guid":{"rendered":"https:\/\/blogs.ua.es\/renovestur\/"},"modified":"2011-03-02T09:10:12","modified_gmt":"2011-03-02T09:10:12","slug":"panel-de-expertos","status":"publish","type":"page","link":"https:\/\/blogs.ua.es\/renovestur\/actividades-organizadas\/panel-de-expertos\/","title":{"rendered":"Panel de expertos"},"content":{"rendered":"<p><a href=\"https:\/\/blogs.ua.es\/renovestur\/files\/2010\/11\/DSC00629.jpg\"><img loading=\"lazy\" decoding=\"async\" class=\"alignleft size-medium wp-image-169\" src=\"https:\/\/blogs.ua.es\/renovestur\/files\/2010\/11\/DSC00629-300x225.jpg\" alt=\"\" width=\"300\" height=\"225\" srcset=\"https:\/\/blogs.ua.es\/renovestur\/files\/2010\/11\/DSC00629-300x225.jpg 300w, https:\/\/blogs.ua.es\/renovestur\/files\/2010\/11\/DSC00629-1024x768.jpg 1024w, https:\/\/blogs.ua.es\/renovestur\/files\/2010\/11\/DSC00629.jpg 2048w\" sizes=\"auto, (max-width: 300px) 100vw, 300px\" \/><\/a><\/p>\n<p>Con el objetivo de recopilar la opini\u00f3n de expertos\u00a0conocedores de\u00a0la tem\u00e1tica clave del proyecto, esto es,\u00a0la renovaci\u00f3n de los destinos tur\u00edsticos consolidados desde diferentes \u00e1mbitos de la geograf\u00eda nacional, el d\u00eda 25 de noviembre se planific\u00f3 la realizaci\u00f3n de un taller o workshop, con sede en el Instituto Valenciano de Tecnolog\u00edas Tur\u00edsticas (Invat.tur), en la ciudad de Benidorm. Este encuentro entre investigadores expertos y el grupo de investigaci\u00f3n que forma parte del proyecto,\u00a0vendr\u00eda a complementar la informaci\u00f3n cualitativa que sobre la materia ya se ha recopilado a trav\u00e9s de entrevistas a expertos del mundo acad\u00e9mico y gestores de los proyectos m\u00e1s emblem\u00e1ticos que actualmentes e desarrollan\u00a0 en materia de renovaci\u00f3n tur\u00edstica.<\/p>\n<p>El encuentro cont\u00f3 con la intervenci\u00f3n de los siguientes ponentes invitados:<\/p>\n<h3>Jes\u00fas Gonz\u00e1lez P\u00e9rez, Universitat de les Illes Balears.<\/h3>\n<p><em><a href=\"https:\/\/blogs.ua.es\/renovestur\/files\/2010\/11\/JM-GonzalezAligerada.pdf\">Rehabilitaci\u00f3n de enclaves tur\u00edsticos degradados en Mallorca. Plan PdP, \u00bfun proyecto imposible?<\/a><\/em><\/p>\n<h3>Francesc Gonz\u00e1lez, Universitat Oberta de Catalunya.<\/h3>\n<p><em><a href=\"https:\/\/blogs.ua.es\/renovestur\/files\/2010\/11\/La-renovaci\u00f3n-tur\u00edstica-en-la-Costa-Daurada-Central.pdf\">La renovaci\u00f3n tur\u00edstica en la Costa Daurada Central<\/a><\/em><\/p>\n<h3>Enrique Navarro, Universidad de M\u00e1laga.<\/h3>\n<p><em>La Costa del Sol Occidental y el Plan Qualifica: nuevos modelos para la gesti\u00f3n de destino y \u00bfprocesos de renovaci\u00f3n?<\/em><\/p>\n<h3>Mois\u00e9s Simancas, Universidad de la Laguna.<\/h3>\n<p><em>Renovaci\u00f3n de los destinos tur\u00edsticos consolidados del litoral: nuevos instrumentos para la planificaci\u00f3n y gesti\u00f3n. El caso de las Islas Canarias.<\/em><\/p>\n<h3>Adri\u00e1n Ferrandis, Universitat de Val\u00e8ncia.<\/h3>\n<p><em><a href=\"https:\/\/blogs.ua.es\/renovestur\/files\/2010\/11\/Renovaci\u00f3n-Destino-Gandia.pdf\">Procesos de renovaci\u00f3n de destinos tur\u00edsticos consolidados. Gand\u00eda, estudio de caso.<\/a><\/em><\/p>\n","protected":false},"excerpt":{"rendered":"<p>Con el objetivo de recopilar la opini\u00f3n de expertos\u00a0conocedores de\u00a0la tem\u00e1tica clave del proyecto, esto es,\u00a0la renovaci\u00f3n de los destinos tur\u00edsticos consolidados desde diferentes \u00e1mbitos de la geograf\u00eda nacional, el d\u00eda 25 de noviembre se planific\u00f3 la realizaci\u00f3n de un taller o workshop, con sede en el Instituto Valenciano de Tecnolog\u00edas Tur\u00edsticas (Invat.tur), en la [&hellip;]<\/p>\n","protected":false},"author":1683,"featured_media":0,"parent":155,"menu_order":0,"comment_status":"open","ping_status":"open","template":"","meta":{"footnotes":""},"class_list":["post-135","page","type-page","status-publish","hentry"],"_links":{"self":[{"href":"https:\/\/blogs.ua.es\/renovestur\/wp-json\/wp\/v2\/pages\/135","targetHints":{"allow":["GET"]}}],"collection":[{"href":"https:\/\/blogs.ua.es\/renovestur\/wp-json\/wp\/v2\/pages"}],"about":[{"href":"https:\/\/blogs.ua.es\/renovestur\/wp-json\/wp\/v2\/types\/page"}],"author":[{"embeddable":true,"href":"https:\/\/blogs.ua.es\/renovestur\/wp-json\/wp\/v2\/users\/1683"}],"replies":[{"embeddable":true,"href":"https:\/\/blogs.ua.es\/renovestur\/wp-json\/wp\/v2\/comments?post=135"}],"version-history":[{"count":9,"href":"https:\/\/blogs.ua.es\/renovestur\/wp-json\/wp\/v2\/pages\/135\/revisions"}],"predecessor-version":[{"id":138,"href":"https:\/\/blogs.ua.es\/renovestur\/wp-json\/wp\/v2\/pages\/135\/revisions\/138"}],"up":[{"embeddable":true,"href":"https:\/\/blogs.ua.es\/renovestur\/wp-json\/wp\/v2\/pages\/155"}],"wp:attachment":[{"href":"https:\/\/blogs.ua.es\/renovestur\/wp-json\/wp\/v2\/media?parent=135"}],"curies":[{"name":"wp","href":"https:\/\/api.w.org\/{rel}","templated":true}]}}