{"id":150,"date":"2011-03-01T09:49:54","date_gmt":"2011-03-01T09:49:54","guid":{"rendered":"https:\/\/blogs.ua.es\/renovestur\/"},"modified":"2011-09-05T14:55:38","modified_gmt":"2011-09-05T14:55:38","slug":"seminario-internacional","status":"publish","type":"page","link":"https:\/\/blogs.ua.es\/renovestur\/difusion-de-resultados\/seminario-internacional\/","title":{"rendered":"Seminario Internacional"},"content":{"rendered":"<h2><strong>\u00a0<\/strong><\/h2>\n<h2><strong>&#8220;Seminario Internacional sobre Renovaci\u00f3n y reestructuraci\u00f3n de destinos tur\u00edsticos consolidados del litoral&#8221;<\/strong><\/h2>\n<p>Se celebrar\u00e1 los pr\u00f3ximos 24 y 25 de noviembre de 2011, en la Universidad de Alicante, organizado por el Instituto Universitario de Investigaciones Tur\u00edsticas, en el marco del proyecto que llevamos a cabo sobre \u201cRENOVACI\u00d3N DE LOS DESTINOS TUR\u00cdSTICOS CONSOLIDADOS DEL LITORAL: NUEVOS INSTRUMENTOS PARA LA PLANIFICACI\u00d3N Y GESTI\u00d3N\u201d, dentro del Plan Nacional de I+D+i (2008-2011).<\/p>\n<p>Como objetivo general,\u00a0 se pretende que los investigadores centren sus aportaciones en los procesos de renovaci\u00f3n que los destinos maduros han venido desarrollando para garantizar la adaptaci\u00f3n a las nuevas tendencias de mercado y en aras del mantenimiento de su competitividad, procesos que tienen cabida en los siguientes ejes tem\u00e1ticos, sobre los que versar\u00e1n las comunicaciones y las intervenciones de los ponentes:<\/p>\n<p><strong>BLOQUE TEM\u00c1TICO 1: <\/strong>Principios y fundamentos de los procesos de renovaci\u00f3n y reestructuraci\u00f3n en el marco del ciclo de vida de los destinos tur\u00edsticos.<\/p>\n<p><strong>BLOQUE TEM\u00c1TICO 2: <\/strong>Incidencia de las pol\u00edticas, programas y estrategias del sector p\u00fablico.<\/p>\n<p><strong>\u00a0<\/strong><\/p>\n<p><strong>BLOQUE TEM\u00c1TICO 3:<\/strong> Actuaciones empresariales para la renovaci\u00f3n e innovaci\u00f3n: l\u00edneas de trabajo<\/p>\n<p style=\"text-align: center\"><a href=\"https:\/\/blogs.ua.es\/renovestur\/files\/2011\/03\/Seminario-sobre-Renovaci\u00f3n-de-Destinos-Tur\u00edsticos.pdf\">Llamada a comunicaciones<\/a><\/p>\n<p style=\"text-align: center\"><a href=\"https:\/\/blogs.ua.es\/renovestur\/files\/2011\/03\/2\u00ba-Llamada-Seminario-Internacional.jpg\"><\/a><a href=\"https:\/\/blogs.ua.es\/renovestur\/files\/2011\/03\/2\u00ba-Llamada-Seminario-Internacional.jpg\"><img loading=\"lazy\" decoding=\"async\" class=\"aligncenter size-large wp-image-200\" src=\"https:\/\/blogs.ua.es\/renovestur\/files\/2011\/03\/2\u00ba-Llamada-Seminario-Internacional-724x1024.jpg\" alt=\"\" width=\"531\" height=\"749\" \/><\/a><br \/>\nEl periodo de matr\u00edcula e inscripci\u00f3n al Seminario se abrir\u00e1 en <strong>septiembre<\/strong> de 2011.<\/p>\n","protected":false},"excerpt":{"rendered":"<p>\u00a0 &#8220;Seminario Internacional sobre Renovaci\u00f3n y reestructuraci\u00f3n de destinos tur\u00edsticos consolidados del litoral&#8221; Se celebrar\u00e1 los pr\u00f3ximos 24 y 25 de noviembre de 2011, en la Universidad de Alicante, organizado por el Instituto Universitario de Investigaciones Tur\u00edsticas, en el marco del proyecto que llevamos a cabo sobre \u201cRENOVACI\u00d3N DE LOS DESTINOS TUR\u00cdSTICOS CONSOLIDADOS DEL LITORAL: [&hellip;]<\/p>\n","protected":false},"author":1683,"featured_media":0,"parent":182,"menu_order":0,"comment_status":"open","ping_status":"open","template":"","meta":{"footnotes":""},"class_list":["post-150","page","type-page","status-publish","hentry"],"_links":{"self":[{"href":"https:\/\/blogs.ua.es\/renovestur\/wp-json\/wp\/v2\/pages\/150","targetHints":{"allow":["GET"]}}],"collection":[{"href":"https:\/\/blogs.ua.es\/renovestur\/wp-json\/wp\/v2\/pages"}],"about":[{"href":"https:\/\/blogs.ua.es\/renovestur\/wp-json\/wp\/v2\/types\/page"}],"author":[{"embeddable":true,"href":"https:\/\/blogs.ua.es\/renovestur\/wp-json\/wp\/v2\/users\/1683"}],"replies":[{"embeddable":true,"href":"https:\/\/blogs.ua.es\/renovestur\/wp-json\/wp\/v2\/comments?post=150"}],"version-history":[{"count":12,"href":"https:\/\/blogs.ua.es\/renovestur\/wp-json\/wp\/v2\/pages\/150\/revisions"}],"predecessor-version":[{"id":174,"href":"https:\/\/blogs.ua.es\/renovestur\/wp-json\/wp\/v2\/pages\/150\/revisions\/174"}],"up":[{"embeddable":true,"href":"https:\/\/blogs.ua.es\/renovestur\/wp-json\/wp\/v2\/pages\/182"}],"wp:attachment":[{"href":"https:\/\/blogs.ua.es\/renovestur\/wp-json\/wp\/v2\/media?parent=150"}],"curies":[{"name":"wp","href":"https:\/\/api.w.org\/{rel}","templated":true}]}}