{"id":16,"date":"2010-03-23T11:44:12","date_gmt":"2010-03-23T11:44:12","guid":{"rendered":"https:\/\/blogs.ua.es\/renovestur\/?page_id=16"},"modified":"2012-02-01T12:06:53","modified_gmt":"2012-02-01T12:06:53","slug":"produccion-cientifica-del-equipo-investigador","status":"publish","type":"page","link":"https:\/\/blogs.ua.es\/renovestur\/produccion-cientifica-del-equipo-investigador\/","title":{"rendered":"Producci\u00f3n cient\u00edfica asociada"},"content":{"rendered":"<h3>Publicaciones:<\/h3>\n<p>Vera, J.F. y Ba\u00f1os, C.J. (2010): \u201cRenovaci\u00f3n y reestructuraci\u00f3n de los destinos tur\u00edsticos consolidados del litoral: las pr\u00e1cticas recreativas en la evoluci\u00f3n del espacio tur\u00edstico\u201d, <em>Bolet\u00edn de la Asociaci\u00f3n de Ge\u00f3grafos Espa\u00f1oles<\/em>, n\u00ba 53, pp. 329-353.<\/p>\n<p style=\"text-align: center\"><a href=\"http:\/\/rua.ua.es\/dspace\/handle\/10045\/15206\">Accede a la publicaci\u00f3n completa\u00a0a trav\u00e9s de la plataforma RUA de la Universidad de Alicante<\/a><\/p>\n<p>&nbsp;<\/p>\n<p>Anton Clav\u00e9, S., Rullan Salamanca, O. y\u00a0Vera Rebollo, J.F. (2010): &#8220;Seminario de intercambio y transferencia de resultados entre grupos mediterr\u00e1neos espa\u00f1oles de investigaci\u00f3n tur\u00edstica&#8221;, <em>Bolet\u00edn de la Asociaci\u00f3n de Ge\u00f3grafos Espa\u00f1oles<\/em>, n\u00ba 54, pp. 465-471.<\/p>\n<p style=\"text-align: center\"><a href=\"https:\/\/blogs.ua.es\/renovestur\/files\/2011\/03\/Anton-Rull\u00e1n-Vera-2010-1.pdf\">Accede a la publicaci\u00f3n<\/a><\/p>\n<p>Vera, J.F., Ivars, J.A., Rodr\u00edguez, I. (2011). The evolution of mass tourism destination: new approaches beyond deterministic models in Benidorm, Spain. <em>Tourism Management<\/em> (enviado para evaluaci\u00f3n).<\/p>\n<h3><\/h3>\n<h3>Comunicaciones a Congresos de \u00e1mbito internacional:<\/h3>\n<p>&nbsp;<\/p>\n<p>Rodr\u00edguez, I., Conejero, A. (2011): \u201cRenovation of mature tourist destinations, experts and stakeholders, global-local discourses and future scenarios: the case of Benidorm&#8221; en <strong>International Conference on Tourism &amp; Management Studies, Algarve, Portugal.<\/strong><\/p>\n<p style=\"text-align: center\"><a href=\"http:\/\/rua.ua.es\/dspace\/handle\/10045\/20508\">Accede a la comunicaci\u00f3n a trav\u00e9s de la plataforma RUA de la Universidad de Alicante<\/a><\/p>\n<p>&nbsp;<\/p>\n<p>Capdep\u00f3n, M., Rodr\u00edguez, I., Such, M.P., (2011): \u201cExploring the potential of protected areas in the process of renovation of mature coastal tourist destinations: evidence from the Valencia Region in Spain<em>\u201d <\/em>en <strong>International Conference on Tourism &amp; Management Studies \u2013 Algarve, Portugal.<\/strong><\/p>\n<p style=\"text-align: center\"><a href=\"http:\/\/rua.ua.es\/dspace\/handle\/10045\/20514\">Accede a la comunicaci\u00f3n a trav\u00e9s de la plataforma RUA de la Universidad de Alicante<\/a><\/p>\n<p>&nbsp;<\/p>\n<p>Vera, J.F., Rodr\u00edguez, I.,\u00a0(2010): \u201cTourism strategies for the renovation of\u00a0mature coastal destinations in Spain&#8221; en\u00a0<strong>IV\u00a0International Conference on Sustainable Tourism, New Forest, Reino Unido.<\/strong><\/p>\n<p style=\"text-align: center\"><a href=\"http:\/\/rua.ua.es\/dspace\/handle\/10045\/14183\">Accede a la comunicaci\u00f3n a trav\u00e9s de la plataforma RUA<\/a><\/p>\n<p style=\"text-align: center\"><a href=\"https:\/\/blogs.ua.es\/renovestur\/files\/2010\/03\/Strategies-for-renovation-New-Forest2010.pdf\">Ver presentaci\u00f3n de la comunicaci\u00f3n<\/a><\/p>\n<p>Rodr\u00edguez, I., Such, M.P., Capdep\u00f3n, M. (2010):): \u201cProtected Areas: a valid argument for the renovation and diversification of mature coastal tourist destinations in Spain?&#8221; en <strong>IV\u00a0International Conference on Sustainable Tourism, New Forest, Reino Unido.<\/strong><\/p>\n<p style=\"text-align: center\"><a href=\"http:\/\/rua.ua.es\/dspace\/handle\/10045\/14181\">Accede a la comunicaci\u00f3n a trav\u00e9s de la plataforma RUA<\/a><\/p>\n<p>Soares, J.C., Gandara, J.M. (2010): \u201cIndicadores para analizar la evoluci\u00f3n del ciclo de vida de los destinos tur\u00edsticos litorales&#8221;\u00a0en <strong>VI Semin\u00e1rio de Pesquisa em Turismo do MERCOSUL &#8211; SeminTUR, Saberes e fazeres no turismo: interfaces<\/strong>. <em>Universidade de Caxias do Sul \u2013 UCS, Caxias do Sul, RS, Brasil, 9 e 10 de Julho de 2010 <\/em><\/p>\n<p style=\"text-align: center\"><a href=\"https:\/\/blogs.ua.es\/renovestur\/files\/2010\/03\/Seminario_Mercosul_Jennifer_Gandara_Texto_completo.pdf\">Ver texto completo<\/a><\/p>\n<p style=\"text-align: center\"><a href=\"https:\/\/blogs.ua.es\/renovestur\/files\/2010\/03\/apresentacao-de-caxias_final_Jennifer_Gandara.pdf\">Ver presentaci\u00f3n<\/a><\/p>\n<h3>Comunicaciones a Congresos de \u00e1mbito nacional:<\/h3>\n<p>Naval\u00f3n, R., Rico, E. (2011): &#8220;Renovaci\u00f3n de destinos litorales maduros a partir del patrimonio cultural: Plan Costa Blanca Cultura&#8221;. En: Seminario Internacional Renovaci\u00f3n y Reestructuraci\u00f3n de Destinos Tur\u00edsticos Consolidados del Litoral [Recurso electr\u00f3nico] : comunicaciones \/ J. Fernando Vera Rebollo (ed.). Alicante : Universidad de Alicante, Instituto Universitario de Investigaciones Tur\u00edsticas, 2011. ISBN 978-84-695-0791-9.<\/p>\n<p>Obiol, E.M., Ferrandis, A., (2011): \u201cGandia y sus pr\u00e1cticas de renovaci\u00f3n tur\u00edstica\u201d. En: Seminario Internacional Renovaci\u00f3n y Reestructuraci\u00f3n de Destinos Tur\u00edsticos Consolidados del Litoral [Recurso electr\u00f3nico]: comunicaciones \/ J. Fernando Vera Rebollo (ed.). Alicante: Universidad de Alicante, Instituto Universitario de Investigaciones Tur\u00edsticas, 2011. ISBN 978-84-695-0791-9.<\/p>\n<p>L\u00f3pez, D., Ferreres, J.B. (2011): &#8220;La reestructuraci\u00f3n de los destinos consolidados del litoral castellonense: el caso de Benic\u00e0ssim&#8221;. En: Seminario Internacional Renovaci\u00f3n y Reestructuraci\u00f3n de Destinos Tur\u00edsticos Consolidados del Litoral [Recurso electr\u00f3nico]:comunicaciones \/ J. Fernando Vera Rebollo (ed.). Alicante: Universidad de Alicante, Instituto Universitario de Investigaciones Tur\u00edsticas, 2011. ISBN 978-84-695-0791-9.<\/p>\n<p>Soares, J.C.,\u00a0Gandara, J.M. (2011):\u00a0\u201cEl ciclo de vida de\u00a0dos destinos de sol y playa consolidados del sur de Brasil: un primer acercamiento a Florian\u00f3polis y Balneario Cambori\u00fa\u201d. En: Seminario Internacional Renovaci\u00f3n y Reestructuraci\u00f3n de Destinos Tur\u00edsticos Consolidados del Litoral [Recurso electr\u00f3nico]: comunicaciones \/ J. Fernando Vera Rebollo (ed.). Alicante: Universidad de Alicante,\u00a0Instituto Universitario de Investigaciones Tur\u00edsticas, 2011. ISBN 978-84-695-0791-9<\/p>\n<p style=\"text-align: center\"><a href=\"http:\/\/rua.ua.es\/dspace\/handle\/10045\/20512\">Accede a la comunicaci\u00f3n a trav\u00e9s de la plataforma RUA<\/a><\/p>\n<p>Vera, J.F., Rodr\u00edguez, I., Capdep\u00f3n, M. (2010): \u201cReestructuraci\u00f3n y competitividad en destinos maduros de sol y playa: la renovaci\u00f3n de la planta hotelera de Benidorm&#8221; en <strong>XIII Congreso Internacional de Turismo, Universidad y Empresa, Universitat Jaume I, Castell\u00f3n.<\/strong><\/p>\n<p style=\"text-align: center\"><a href=\"http:\/\/rua.ua.es\/dspace\/handle\/10045\/14180\">Accede al texto de la comunicaci\u00f3n<\/a><\/p>\n<p style=\"text-align: center\"><a href=\"https:\/\/blogs.ua.es\/renovestur\/files\/2010\/03\/Comunicaci\u00f3n-Castell\u00f3n-Renovaci\u00f3n-hotelera.pdf\">Ver presentaci\u00f3n de la comunicaci\u00f3n<\/a><\/p>\n<p>Such, M.P., Rodr\u00edguez, I., Capdep\u00f3n, M. (2010): \u201cLos Espacios Naturales Protegidos Litorales de la Comunidad Valenciana: una oportunidad para la diversificaci\u00f3n de los destinos tur\u00edsticos consolidados de sol y playa&#8221;\u00a0en <strong>XIII Congreso Internacional de Turismo, Universidad y Empresa, Universitat Jaume I, Castell\u00f3n.<\/strong><\/p>\n<p style=\"text-align: center\"><a href=\"http:\/\/rua.ua.es\/dspace\/handle\/10045\/14182\">Accede al texto de la comunicaci\u00f3n<\/a><\/p>\n<p style=\"text-align: center\"><a href=\"https:\/\/blogs.ua.es\/renovestur\/files\/2010\/03\/Los-espacios-naturales-protegidos-litorales-de-la-Comunidad-Valenciana.pdf\">Ver presentaci\u00f3n de la comunicaci\u00f3n<\/a><\/p>\n<p>Rico, E., Naval\u00f3n, R. (2010): \u201cAccesibilidad y uso tur\u00edstico del Patrimonio Cultural en la Costa Blanca: la Ruta de los Castillos del Vinalop\u00f3&#8221;\u00a0en <strong>XIII Congreso Internacional de Turismo, Universidad y Empresa, Universitat Jaume I, Castell\u00f3n.<\/strong><\/p>\n<p style=\"text-align: center\"><a href=\"https:\/\/blogs.ua.es\/renovestur\/files\/2010\/03\/Resumen-comunicaci\u00f3n-Rico-Naval\u00f3n.pdf\">Ver resumen<\/a><\/p>\n<p style=\"text-align: center\"><a href=\"https:\/\/blogs.ua.es\/renovestur\/files\/2010\/03\/Presentacion-Castillos-Vinalopo-Renovestur.pdf\">Ver presentaci\u00f3n de la comunicaci\u00f3n<\/a><\/p>\n<p>Soares, J.C., Gandara, J.M. (2010): \u201cLa evoluci\u00f3n de los destinos tur\u00edsticos litorales consolidados y estrategias para su renovaci\u00f3n: un an\u00e1lisis de Florian\u00f3polis-SC (Brasil)&#8221;\u00a0en <strong>XIII Congreso Internacional de Turismo, Universidad y Empresa, Universitat Jaume I, Castell\u00f3n.<\/strong><\/p>\n<p style=\"text-align: center\"><a href=\"https:\/\/blogs.ua.es\/renovestur\/files\/2010\/03\/Comunicaci\u00f3n-Soares-Gandara.pdf\">Ver resumen<\/a><\/p>\n<p style=\"text-align: center\"><a href=\"https:\/\/blogs.ua.es\/renovestur\/files\/2010\/03\/Presentacion-congreso_Soares_Gandara_2010.pdf\">Ver presentaci\u00f3n de la comunicaci\u00f3n<\/a><\/p>\n<p>Ferreres, J.B., Abdelouahab, O. (2010): \u201cLa evoluci\u00f3n\u00a0de las formas de comercio y ocio en los destinos tur\u00edsticos litorales: El caso de Benic\u00e0ssim (Castell\u00f3n) en <strong>XIII Congreso Internacional de Turismo, Universidad y Empresa, Universitat Jaume I, Castell\u00f3n.<\/strong><\/p>\n<p style=\"text-align: center\"><a href=\"https:\/\/blogs.ua.es\/renovestur\/files\/2010\/03\/JB-Ferreres-y-O-Abdelouahab.pdf\">Ver resumen<\/a><\/p>\n<p style=\"text-align: center\"><a href=\"https:\/\/blogs.ua.es\/renovestur\/files\/2010\/03\/Presentacion-JB.-Ferreres-O.pdf\">Ver presentaci\u00f3n de la comunicaci\u00f3n<\/a><\/p>\n<h3>L\u00edneas de investigaci\u00f3n abiertas:<\/h3>\n<p><a href=\"https:\/\/blogs.ua.es\/renovestur\/files\/2010\/03\/Estudio-imagen-percibida.pdf\">Tourism destination image of the Costa Blanca as perceived by UK-based travel intermediaries: a case study of Benidorm<\/a><\/p>\n<p>Indicadores de renovaci\u00f3n del sector hotero de Benidorm a trav\u00e9s de la\u00a0comercializaci\u00f3n y adaptaci\u00f3n de la empresa a la web 2.0.<\/p>\n<p style=\"text-align: center\"><a href=\"https:\/\/blogs.ua.es\/renovestur\/files\/2010\/03\/Futuras-l\u00edneas.pdf\">Ver s\u00edntesis metodol\u00f3gica<\/a><\/p>\n","protected":false},"excerpt":{"rendered":"<p>Publicaciones: Vera, J.F. y Ba\u00f1os, C.J. (2010): \u201cRenovaci\u00f3n y reestructuraci\u00f3n de los destinos tur\u00edsticos consolidados del litoral: las pr\u00e1cticas recreativas en la evoluci\u00f3n del espacio tur\u00edstico\u201d, Bolet\u00edn de la Asociaci\u00f3n de Ge\u00f3grafos Espa\u00f1oles, n\u00ba 53, pp. 329-353. Accede a la publicaci\u00f3n completa\u00a0a trav\u00e9s de la plataforma RUA de la Universidad de Alicante &nbsp; Anton Clav\u00e9, [&hellip;]<\/p>\n","protected":false},"author":1683,"featured_media":0,"parent":0,"menu_order":3,"comment_status":"open","ping_status":"open","template":"","meta":{"footnotes":""},"class_list":["post-16","page","type-page","status-publish","hentry"],"_links":{"self":[{"href":"https:\/\/blogs.ua.es\/renovestur\/wp-json\/wp\/v2\/pages\/16","targetHints":{"allow":["GET"]}}],"collection":[{"href":"https:\/\/blogs.ua.es\/renovestur\/wp-json\/wp\/v2\/pages"}],"about":[{"href":"https:\/\/blogs.ua.es\/renovestur\/wp-json\/wp\/v2\/types\/page"}],"author":[{"embeddable":true,"href":"https:\/\/blogs.ua.es\/renovestur\/wp-json\/wp\/v2\/users\/1683"}],"replies":[{"embeddable":true,"href":"https:\/\/blogs.ua.es\/renovestur\/wp-json\/wp\/v2\/comments?post=16"}],"version-history":[{"count":57,"href":"https:\/\/blogs.ua.es\/renovestur\/wp-json\/wp\/v2\/pages\/16\/revisions"}],"predecessor-version":[{"id":18,"href":"https:\/\/blogs.ua.es\/renovestur\/wp-json\/wp\/v2\/pages\/16\/revisions\/18"}],"wp:attachment":[{"href":"https:\/\/blogs.ua.es\/renovestur\/wp-json\/wp\/v2\/media?parent=16"}],"curies":[{"name":"wp","href":"https:\/\/api.w.org\/{rel}","templated":true}]}}