{"id":207,"date":"2011-09-02T07:48:20","date_gmt":"2011-09-02T07:48:20","guid":{"rendered":"https:\/\/blogs.ua.es\/renovestur\/?page_id=207"},"modified":"2011-09-07T15:49:16","modified_gmt":"2011-09-07T15:49:16","slug":"programa-ludico","status":"publish","type":"page","link":"https:\/\/blogs.ua.es\/renovestur\/difusion-de-resultados\/seminario-internacional\/programa-ludico\/","title":{"rendered":"Programa l\u00fadico"},"content":{"rendered":"<p>Para quienes deseen permanecer en la ciudad de Alicante durante el fin de semana, tras la finalizaci\u00f3n del Seminario Internacional, se ofrece la posibilidad de participar en el programa l\u00fadico que la empresa <a href=\"http:\/\/www.turiguiasalicante.com\/\" target=\"_blank\">Turigu\u00edas<\/a> ha confeccionado para el encuentro. Las reservas se gestionar\u00edan por parte del interesado directamente con la empresa y las actividades est\u00e1n sujetas a la existencia de un n\u00famero m\u00ednimo de 10 asistentes.<\/p>\n<p style=\"text-align: center\">Accede al <a href=\"https:\/\/blogs.ua.es\/renovestur\/files\/2011\/09\/PROGRAMA-LUDICO-UA-Seminario-noviembre-2011.pdf\">Programa de actividades Alicante desconocido y Elche patrimonial<\/a><\/p>\n","protected":false},"excerpt":{"rendered":"<p>Para quienes deseen permanecer en la ciudad de Alicante durante el fin de semana, tras la finalizaci\u00f3n del Seminario Internacional, se ofrece la posibilidad de participar en el programa l\u00fadico que la empresa Turigu\u00edas ha confeccionado para el encuentro. Las reservas se gestionar\u00edan por parte del interesado directamente con la empresa y las actividades est\u00e1n [&hellip;]<\/p>\n","protected":false},"author":1683,"featured_media":0,"parent":150,"menu_order":3,"comment_status":"open","ping_status":"open","template":"","meta":{"footnotes":""},"class_list":["post-207","page","type-page","status-publish","hentry"],"_links":{"self":[{"href":"https:\/\/blogs.ua.es\/renovestur\/wp-json\/wp\/v2\/pages\/207","targetHints":{"allow":["GET"]}}],"collection":[{"href":"https:\/\/blogs.ua.es\/renovestur\/wp-json\/wp\/v2\/pages"}],"about":[{"href":"https:\/\/blogs.ua.es\/renovestur\/wp-json\/wp\/v2\/types\/page"}],"author":[{"embeddable":true,"href":"https:\/\/blogs.ua.es\/renovestur\/wp-json\/wp\/v2\/users\/1683"}],"replies":[{"embeddable":true,"href":"https:\/\/blogs.ua.es\/renovestur\/wp-json\/wp\/v2\/comments?post=207"}],"version-history":[{"count":4,"href":"https:\/\/blogs.ua.es\/renovestur\/wp-json\/wp\/v2\/pages\/207\/revisions"}],"predecessor-version":[{"id":211,"href":"https:\/\/blogs.ua.es\/renovestur\/wp-json\/wp\/v2\/pages\/207\/revisions\/211"}],"up":[{"embeddable":true,"href":"https:\/\/blogs.ua.es\/renovestur\/wp-json\/wp\/v2\/pages\/150"}],"wp:attachment":[{"href":"https:\/\/blogs.ua.es\/renovestur\/wp-json\/wp\/v2\/media?parent=207"}],"curies":[{"name":"wp","href":"https:\/\/api.w.org\/{rel}","templated":true}]}}