{"id":218,"date":"2011-09-07T15:47:08","date_gmt":"2011-09-07T15:47:08","guid":{"rendered":"https:\/\/blogs.ua.es\/renovestur\/?page_id=218"},"modified":"2012-02-24T08:59:07","modified_gmt":"2012-02-24T08:59:07","slug":"programa-definitivo","status":"publish","type":"page","link":"https:\/\/blogs.ua.es\/renovestur\/difusion-de-resultados\/seminario-internacional\/programa-definitivo\/","title":{"rendered":"Programa definitivo"},"content":{"rendered":"<p>&nbsp;<\/p>\n<p style=\"text-align: center\"><a href=\"https:\/\/blogs.ua.es\/renovestur\/files\/2011\/09\/Programa-web.pdf\">Accede al programa del Seminario Internacional<\/a><\/p>\n<p>&nbsp;<\/p>\n<p>PROGRAMA DE ACTIVIDADES<\/p>\n<p>El seminario trata de centrar la atenci\u00f3n en los procesos de renovaci\u00f3n que los destinos maduros han venido desarrollando para garantizar la adaptaci\u00f3n a las nuevas tendencias de mercado y en aras del mantenimiento de su competitividad, procesos que tienen cabida en los siguientes ejes tem\u00e1ticos, sobre los que versar\u00e1n las comunicaciones y las intervenciones de los ponentes:<\/p>\n<p><strong>BLOQUE TEM\u00c1TICO 1:<\/strong> Principios y fundamentos de los procesos de renovaci\u00f3n y reestructuraci\u00f3n en el marco del ciclo de vida de los destinos tur\u00edsticos.<\/p>\n<p><strong>BLOQUE TEM\u00c1TICO 2:<\/strong> Incidencia de las pol\u00edticas, programas y estrategias del sector p\u00fablico.<\/p>\n<p><strong>BLOQUE TEM\u00c1TICO 3: <\/strong>Actuaciones empresariales para la renovaci\u00f3n e innovaci\u00f3n: l\u00edneas de trabajo.<\/p>\n<p>&nbsp;<\/p>\n<h3><strong>D\u00eda 24 de noviembre, Universidad de Alicante. Sal\u00f3n de Actos del Edificio Germ\u00e1n Bern\u00e1cer.<\/strong><\/h3>\n<p>El acto se retrasmitir\u00e1 en directo por videostreaming en el siguiente sitio web:<\/p>\n<p><a href=\"http:\/\/vertice.cpd.ua.es\/germanbernacer\">http:\/\/vertice.cpd.ua.es\/germanbernacer<\/a><\/p>\n<p>&nbsp;<\/p>\n<p><strong>&gt;&gt;BLOQUE TEM\u00c1TICO 1. Principios y fundamentos de los procesos de renovaci\u00f3n y reestructuraci\u00f3n en el marco del ciclo de vida de los destinos tur\u00edsticos.<\/strong><\/p>\n<p>8.45 h. Recepci\u00f3n y acto de apertura<\/p>\n<p>9.00-10.00 h. Ponente invitado: Sr. D. Richard Butler, profesor em\u00e9rito de la Universidad de Strathclyde, Reino Unido.<\/p>\n<p>10.00-10.50 h. Ponente invitado: Josep Ivars i Baidal, Director del Instituto Valenciano de Nuevas Tecnolog\u00edas Tur\u00edsticas (INVAT.TUR).<\/p>\n<p>10.50-11.15 h. Pausa caf\u00e9<\/p>\n<p>11.15 h. Presentaci\u00f3n de <a href=\"https:\/\/blogs.ua.es\/renovestur\/files\/2011\/09\/Comunicaciones-asignadas-Bloque-I.pdf\">COMUNICACIONES ASIGNADAS AL\u00a0BLOQUE I<\/a><\/p>\n<p>13.15 h. Apertura de DEBATE GENERAL<\/p>\n<p>14.00-16.00 h. Comida en el Campus de la Universidad de Alicante. <a href=\"https:\/\/blogs.ua.es\/renovestur\/files\/2011\/09\/Men\u00fa-d\u00eda-24-de-noviembre-2011.pdf\">Ver men\u00fa<\/a><\/p>\n<p><strong>&gt;&gt; BLOQUE TEM\u00c1TICO 2. Incidencia de las pol\u00edticas, programas y estrategias del sector p\u00fablico.<\/strong><\/p>\n<p>16.00-17.00 h. Ponente invitado: Enrique Navarro Jurado, Profesor Titular de la Facultad de Turismo de la Universidad de M\u00e1laga.<\/p>\n<p>17.00-18.00 h. Ponente invitado: \u00c1lvaro Gij\u00f3n. Gerente del Consorcio Playa de Palma<\/p>\n<p>18.00-18.20 h. Pausa caf\u00e9<\/p>\n<p>18.20. Presentaci\u00f3n de <a href=\"https:\/\/blogs.ua.es\/renovestur\/files\/2011\/09\/ASIGNACI\u00d3N-DE-COMUNICACIONES-A-BLOQUE-TEM\u00c1TICO-II.pdf\">COMUNICACIONES ASIGNADAS AL BLOQUE II<\/a><\/p>\n<p>20.00-20.30 h. Apertura de DEBATE GENERAL<\/p>\n<p>&nbsp;<\/p>\n<h3><strong>D\u00eda 25 de noviembre, Instituto<\/strong> <strong>Valenciano de Nuevas Tecnolog\u00edas Tur\u00edsticas (INVAT.TUR), Benidorm.<\/strong><\/h3>\n<p><strong>&gt;&gt; BLOQUE TEM\u00c1TICO 3. Actuaciones empresariales para la renovaci\u00f3n e innovaci\u00f3n: l\u00edneas de trabajo.<\/strong><\/p>\n<p>9.15-10.30 h. Ponente invitado: Gareth Shaw, Profesor de Retail and Tourism Management de la Universidad de Exeter, Reino Unido.<\/p>\n<p>10.30-11.00 h. Pausa-caf\u00e9<\/p>\n<p>11.00-12.00 h. Ponente invitado: Ricardo Blanco Portillo, Jefe de \u00c1rea de Turismo Sostenible de la Secretar\u00eda General de Turismo y Comercio Interior.<\/p>\n<p>12.00 h. Presentaci\u00f3n de <a href=\"https:\/\/blogs.ua.es\/renovestur\/files\/2011\/09\/Comunicaciones-asignadas-al-Bloque-III.pdf\">Comunicaciones asignadas al Bloque III<\/a><\/p>\n<p>13.00-13.30 h. Debate general<\/p>\n<p>14.00 Comida en Benidorm. <a href=\"https:\/\/blogs.ua.es\/renovestur\/files\/2011\/09\/MENU-UNIVERSIDAD-15\u20ac-DIA-25.pdf\">Ver Men\u00fa<\/a><\/p>\n<p>16.00-18.00 h. VISITA T\u00c9CNICA EN BENIDORM<\/p>\n<p>Esta jornada contempla la realizaci\u00f3n de una visita t\u00e9cnica al municipio de Benidorm, como ejemplo paradigm\u00e1tico de destino tur\u00edstico consolidado del litoral mediterr\u00e1neo. En dicha visita, el asistente al seminario podr\u00e1 obtener una visi\u00f3n integral del destino, a lo largo de un recorrido por los lugares clave para el entendimiento de la din\u00e1mica del destino. Para la realizaci\u00f3n de dicha visita t\u00e9cnica, se facilitar\u00e1 a los asistentes el desplazamiento en autob\u00fas.<\/p>\n<p><span style=\"font-family: Calibri;font-size: small\">\u00a0<\/span><\/p>\n","protected":false},"excerpt":{"rendered":"<p>&nbsp; Accede al programa del Seminario Internacional &nbsp; PROGRAMA DE ACTIVIDADES El seminario trata de centrar la atenci\u00f3n en los procesos de renovaci\u00f3n que los destinos maduros han venido desarrollando para garantizar la adaptaci\u00f3n a las nuevas tendencias de mercado y en aras del mantenimiento de su competitividad, procesos que tienen cabida en los siguientes [&hellip;]<\/p>\n","protected":false},"author":1683,"featured_media":0,"parent":150,"menu_order":0,"comment_status":"open","ping_status":"open","template":"","meta":{"footnotes":""},"class_list":["post-218","page","type-page","status-publish","hentry"],"_links":{"self":[{"href":"https:\/\/blogs.ua.es\/renovestur\/wp-json\/wp\/v2\/pages\/218","targetHints":{"allow":["GET"]}}],"collection":[{"href":"https:\/\/blogs.ua.es\/renovestur\/wp-json\/wp\/v2\/pages"}],"about":[{"href":"https:\/\/blogs.ua.es\/renovestur\/wp-json\/wp\/v2\/types\/page"}],"author":[{"embeddable":true,"href":"https:\/\/blogs.ua.es\/renovestur\/wp-json\/wp\/v2\/users\/1683"}],"replies":[{"embeddable":true,"href":"https:\/\/blogs.ua.es\/renovestur\/wp-json\/wp\/v2\/comments?post=218"}],"version-history":[{"count":24,"href":"https:\/\/blogs.ua.es\/renovestur\/wp-json\/wp\/v2\/pages\/218\/revisions"}],"predecessor-version":[{"id":224,"href":"https:\/\/blogs.ua.es\/renovestur\/wp-json\/wp\/v2\/pages\/218\/revisions\/224"}],"up":[{"embeddable":true,"href":"https:\/\/blogs.ua.es\/renovestur\/wp-json\/wp\/v2\/pages\/150"}],"wp:attachment":[{"href":"https:\/\/blogs.ua.es\/renovestur\/wp-json\/wp\/v2\/media?parent=218"}],"curies":[{"name":"wp","href":"https:\/\/api.w.org\/{rel}","templated":true}]}}