{"id":336,"date":"2011-12-15T10:27:49","date_gmt":"2011-12-15T10:27:49","guid":{"rendered":"https:\/\/blogs.ua.es\/renovestur\/?page_id=336"},"modified":"2012-03-08T09:48:23","modified_gmt":"2012-03-08T09:48:23","slug":"comunicaciones-y-videos","status":"publish","type":"page","link":"https:\/\/blogs.ua.es\/renovestur\/difusion-de-resultados\/seminario-internacional\/comunicaciones-y-videos\/","title":{"rendered":"Comunicaciones y V\u00eddeos"},"content":{"rendered":"<h2><strong>D\u00eda 24 de noviembre, Universidad de Alicante. Sal\u00f3n de Actos del Edificio Germ\u00e1n Bern\u00e1cer.<\/strong><\/h2>\n<p><strong>&gt;&gt;BLOQUE TEM\u00c1TICO 1. Principios y fundamentos de los procesos de renovaci\u00f3n y reestructuraci\u00f3n en el marco del ciclo de vida de los destinos tur\u00edsticos.\u00a0<a href=\"http:\/\/rua.ua.es\/dspace\/bitstream\/10045\/20512\/1\/Seminario_Renovestur_02.pdf\" target=\"_blank\">Accede a las\u00a0comunicaciones\u00a0de este bloque tem\u00e1tico.<\/a><\/strong><\/p>\n<p><strong>8.45 h. Recepci\u00f3n y acto de apertura<\/strong><\/p>\n<p>&nbsp;<\/p>\n <iframe src=\"https:\/\/vertice.cpd.ua.es\/25330?iframef=1&vrtapp=blogsua\" style=\"display:block; width:610px; height:343.125px;\" frameBorder=\"0\"  scrolling=\"no\" allowfullscreen>iframes no soportados en este navegador<\/iframe> \n<p>&nbsp;<\/p>\n<p><strong>9.00-10.00 h. Ponente invitado: Sr. D. Richard Butler, profesor em\u00e9rito de la Universidad de Strathclyde, Reino Unido.<\/strong><\/p>\n<p>&nbsp;<\/p>\n <iframe src=\"https:\/\/vertice.cpd.ua.es\/25333?iframef=1&vrtapp=blogsua\" style=\"display:block; width:610px; height:343.125px;\" frameBorder=\"0\"  scrolling=\"no\" allowfullscreen>iframes no soportados en este navegador<\/iframe> \n<p>&nbsp;<\/p>\n<p><strong>10.00-10.50 h. Ponente invitado: Josep Ivars i Baidal, Director del Instituto Valenciano de Nuevas Tecnolog\u00edas Tur\u00edsticas (INVAT.TUR).<\/strong><\/p>\n<p>&nbsp;<\/p>\n <iframe src=\"https:\/\/vertice.cpd.ua.es\/25448?iframef=1&vrtapp=blogsua\" style=\"display:block; width:610px; height:343.125px;\" frameBorder=\"0\"  scrolling=\"no\" allowfullscreen>iframes no soportados en este navegador<\/iframe> \n<p>&nbsp;<\/p>\n<p>10.50-11.15 h. Pausa caf\u00e9<\/p>\n<p>11.15 h. Presentaci\u00f3n de COMUNICACIONES ASIGNADAS AL BLOQUE I.<\/p>\n<p>13.15 h. Apertura de DEBATE GENERAL<\/p>\n<p>14.00-16.00 h. Comida en el Campus de la Universidad de Alicante.<\/p>\n<h2><\/h2>\n<h2><strong>&gt;&gt; BLOQUE TEM\u00c1TICO 2. Incidencia de las pol\u00edticas, programas y estrategias del sector p\u00fablico.<\/strong><\/h2>\n<p><strong>16.00-17.00 h. Ponente invitado: Enrique Navarro Jurado, Profesor Titular de la Facultad de Turismo de la Universidad de M\u00e1laga.<\/strong><\/p>\n<p>&nbsp;<\/p>\n <iframe src=\"https:\/\/vertice.cpd.ua.es\/25459?iframef=1&vrtapp=blogsua\" style=\"display:block; width:610px; height:343.125px;\" frameBorder=\"0\"  scrolling=\"no\" allowfullscreen>iframes no soportados en este navegador<\/iframe> \n<p>&nbsp;<\/p>\n<p>17.00-18.00 h. Ponente invitado: \u00c1lvaro Gij\u00f3n. Gerente del Consorcio Playa de Palma<\/p>\n<p>18.00-18.20 h. Pausa caf\u00e9<\/p>\n<p>18.20. Presentaci\u00f3n de <a href=\"https:\/\/blogs.ua.es\/renovestur\/files\/2011\/09\/ASIGNACI\u00d3N-DE-COMUNICACIONES-A-BLOQUE-TEM\u00c1TICO-II.pdf\">COMUNICACIONES ASIGNADAS AL BLOQUE II<\/a><\/p>\n<p>&nbsp;<\/p>\n <iframe src=\"https:\/\/vertice.cpd.ua.es\/24575?iframef=1&vrtapp=blogsua\" style=\"display:block; width:610px; height:343.125px;\" frameBorder=\"0\"  scrolling=\"no\" allowfullscreen>iframes no soportados en este navegador<\/iframe> \n<p>&nbsp;<\/p>\n<p>20.00-20.30 h. Apertura de DEBATE GENERAL<\/p>\n<p>&nbsp;<\/p>\n<h2><strong>D\u00eda 25 de noviembre, Instituto Valenciano de Tecnolog\u00edas Tur\u00edsticas, Benidorm. <\/strong><\/h2>\n<p><strong>&gt;&gt;BLOQUE TEM\u00c1TICO 3. Actuaciones para la\u00a0renovaci\u00f3n e innovaci\u00f3n: l\u00edneas de trabajo desde la empresa y los\u00a0destinos tur\u00edsticos.<\/strong><\/p>\n<h3><strong>9.15-10.30 h. Ponente invitado: Gareth Shaw, Profesor de Retail and Tourism Management de la Universidad de Exeter, Reino Unido. <\/strong><\/h3>\n<h3><em><a href=\"http:\/\/www.youtube.com\/watch?v=15DqAoSzPTs&amp;list=PL55A29C01A00429B3&amp;index=11&amp;feature=plpp_video\" target=\"_blank\">Restructuring British Coastal Resorts: The role of private enterprise.<\/a><\/em><\/h3>\n<p>&nbsp;<\/p>\n<h3><strong>11.00-12.00 h. Ponente invitado: Ricardo Blanco Portillo, Jefe de \u00c1rea de Turismo Sostenible de la Secretar\u00eda General de Turismo y Comercio Interior. <\/strong><\/h3>\n<h3><em><a href=\"http:\/\/www.invattur.org\/videos\/2012-02-13-renovestur-2011-ricardo-blanco-portillo-1-7\" target=\"_blank\">Estrategia de planificaci\u00f3n de destinos tur\u00edsticos maduros: el caso de los planes de recualificaci\u00f3n.<\/a><\/em><\/h3>\n<p>&nbsp;<\/p>\n<p>12.00. Presentaci\u00f3n de <a href=\"https:\/\/blogs.ua.es\/renovestur\/files\/2011\/09\/Comunicaciones-asignadas-al-Bloque-III.pdf\">COMUNICACIONES ASIGNADAS AL BLOQUE III<\/a><\/p>\n<p>&nbsp;<\/p>\n<p><a href=\"http:\/\/www.invattur.org\/videos\/2012-03-01-renovestur-2011-luis-moreno-izquierdo\" target=\"_blank\">SOSTENIBILIDAD DE LOS DESTINOS. DESARROLLO DE CL\u00daSTERS TECNOL\u00d3GICOS EN LA INDUSTRIA TUR\u00cdSTICA<\/a><\/p>\n<p>Ram\u00f3n-Rodr\u00edguez, A.B., Pedre\u00f1o-Mu\u00f1oz, A., Moreno-Izquierdo, L.<\/p>\n<p>Departamento de An\u00e1lisis Econ\u00f3mico Aplicado de la Universidad de Alicante.<\/p>\n<p>&nbsp;<\/p>\n<p><a href=\"http:\/\/www.invattur.org\/videos\/2012-03-01-renovestur-2011-juan-bautista-ferreres-bonfill-1-2\" target=\"_blank\">LA REESTRUCTURACI\u00d3N DE LOS DESTINOS CONSOLIDADOS DEL LITORAL CASTELLONENSE: EL CASO DE BENIC\u00c0SSIM<\/a><\/p>\n<p><a href=\"http:\/\/www.invattur.org\/videos\/2012-03-01-renovestur-2011-juan-bautista-ferreres-bonfill-1-2\" target=\"_blank\">(CASTELL\u00d3N, COMUNITAT VALENCIANA).<\/a><\/p>\n<p>Diego L\u00f3pez Olivares \/ Juan Bautista Ferreres Bonfill<\/p>\n<p>Universitat Jaume I de Castell\u00f3n<\/p>\n<p>&nbsp;<\/p>\n<p>&nbsp;<\/p>\n<p>&nbsp;<\/p>\n","protected":false},"excerpt":{"rendered":"<p>D\u00eda 24 de noviembre, Universidad de Alicante. Sal\u00f3n de Actos del Edificio Germ\u00e1n Bern\u00e1cer. &gt;&gt;BLOQUE TEM\u00c1TICO 1. Principios y fundamentos de los procesos de renovaci\u00f3n y reestructuraci\u00f3n en el marco del ciclo de vida de los destinos tur\u00edsticos.\u00a0Accede a las\u00a0comunicaciones\u00a0de este bloque tem\u00e1tico. 8.45 h. Recepci\u00f3n y acto de apertura &nbsp; &nbsp; 9.00-10.00 h. Ponente [&hellip;]<\/p>\n","protected":false},"author":1683,"featured_media":0,"parent":150,"menu_order":0,"comment_status":"open","ping_status":"open","template":"","meta":{"footnotes":""},"class_list":["post-336","page","type-page","status-publish","hentry"],"_links":{"self":[{"href":"https:\/\/blogs.ua.es\/renovestur\/wp-json\/wp\/v2\/pages\/336","targetHints":{"allow":["GET"]}}],"collection":[{"href":"https:\/\/blogs.ua.es\/renovestur\/wp-json\/wp\/v2\/pages"}],"about":[{"href":"https:\/\/blogs.ua.es\/renovestur\/wp-json\/wp\/v2\/types\/page"}],"author":[{"embeddable":true,"href":"https:\/\/blogs.ua.es\/renovestur\/wp-json\/wp\/v2\/users\/1683"}],"replies":[{"embeddable":true,"href":"https:\/\/blogs.ua.es\/renovestur\/wp-json\/wp\/v2\/comments?post=336"}],"version-history":[{"count":24,"href":"https:\/\/blogs.ua.es\/renovestur\/wp-json\/wp\/v2\/pages\/336\/revisions"}],"predecessor-version":[{"id":340,"href":"https:\/\/blogs.ua.es\/renovestur\/wp-json\/wp\/v2\/pages\/336\/revisions\/340"}],"up":[{"embeddable":true,"href":"https:\/\/blogs.ua.es\/renovestur\/wp-json\/wp\/v2\/pages\/150"}],"wp:attachment":[{"href":"https:\/\/blogs.ua.es\/renovestur\/wp-json\/wp\/v2\/media?parent=336"}],"curies":[{"name":"wp","href":"https:\/\/api.w.org\/{rel}","templated":true}]}}