{"id":77,"date":"2010-04-20T07:46:40","date_gmt":"2010-04-20T07:46:40","guid":{"rendered":"https:\/\/blogs.ua.es\/renovestur\/?page_id=77"},"modified":"2011-03-01T09:51:59","modified_gmt":"2011-03-01T09:51:59","slug":"curso-uimp","status":"publish","type":"page","link":"https:\/\/blogs.ua.es\/renovestur\/actividades-organizadas\/curso-uimp\/","title":{"rendered":"Curso UIMP"},"content":{"rendered":"<h2><strong>\u00a0<\/strong><\/h2>\n<h2><strong>&#8220;NUEVAS ORIENTACIONES PARA LOS DESTINOS CONSOLIDADOS DE SOL Y PLAYA: RENOVACI\u00d3N Y MEJORA DE LA COMPETITIVIDAD&#8221;<\/strong><\/h2>\n<h3 style=\"text-align: center\">19-23 de julio de 2010<\/h3>\n<p style=\"text-align: center\">Sede de la Fundaci\u00f3n Frax, Playa del Albir, L\u00b4Alf\u00e1s del Pi<\/p>\n<ul>\n<li>Director y secretaria: Fernando Vera y Rosario Naval\u00f3n, Instituto Universitario de Investigaciones Tur\u00edsticas de la Universidad de Alicante.<\/li>\n<\/ul>\n<p style=\"text-align: center\"><a href=\"https:\/\/blogs.ua.es\/renovestur\/files\/2010\/04\/Programa-Nuevas-orientaciones-para-los-destinos-consolidados-de-sol-y-playa.pdf\">Accede al programa del curso<\/a><\/p>\n<ul>\n<li>\n<div style=\"text-align: left\">Intervenciones disponibles:<\/div>\n<\/li>\n<li><a href=\"https:\/\/blogs.ua.es\/renovestur\/files\/2010\/04\/Carlos-Cardoso.pdf\">Coastal Tourism Spaces and Places in Portugal<\/a>. Carlos Cardoso Ferreira, Universidad de Lisboa<\/li>\n<li><a href=\"https:\/\/blogs.ua.es\/renovestur\/files\/2010\/04\/Josep-Ivars.pdf\">Los destinos tur\u00edsticos consolidados frente al reto de la innovaci\u00f3n<\/a>. Josep A. Ivars Baidal, Invat.tur<\/li>\n<li><a href=\"https:\/\/blogs.ua.es\/renovestur\/files\/2010\/04\/Luis-Vald\u00e9s.pdf\">La utilizaci\u00f3n de los recursos rurales, naturales y culturales en los destinos tur\u00edsticos del litoral cant\u00e1brico. <\/a>Luis Vald\u00e9s, Universidad de Oviedo.<\/li>\n<\/ul>\n<p style=\"text-align: center\"><a href=\"http:\/\/bit.ly\/9oVsIm\"><\/a><\/p>\n","protected":false},"excerpt":{"rendered":"<p>\u00a0 &#8220;NUEVAS ORIENTACIONES PARA LOS DESTINOS CONSOLIDADOS DE SOL Y PLAYA: RENOVACI\u00d3N Y MEJORA DE LA COMPETITIVIDAD&#8221; 19-23 de julio de 2010 Sede de la Fundaci\u00f3n Frax, Playa del Albir, L\u00b4Alf\u00e1s del Pi Director y secretaria: Fernando Vera y Rosario Naval\u00f3n, Instituto Universitario de Investigaciones Tur\u00edsticas de la Universidad de Alicante. Accede al programa del [&hellip;]<\/p>\n","protected":false},"author":1683,"featured_media":0,"parent":155,"menu_order":5,"comment_status":"open","ping_status":"open","template":"","meta":{"footnotes":""},"class_list":["post-77","page","type-page","status-publish","hentry"],"_links":{"self":[{"href":"https:\/\/blogs.ua.es\/renovestur\/wp-json\/wp\/v2\/pages\/77","targetHints":{"allow":["GET"]}}],"collection":[{"href":"https:\/\/blogs.ua.es\/renovestur\/wp-json\/wp\/v2\/pages"}],"about":[{"href":"https:\/\/blogs.ua.es\/renovestur\/wp-json\/wp\/v2\/types\/page"}],"author":[{"embeddable":true,"href":"https:\/\/blogs.ua.es\/renovestur\/wp-json\/wp\/v2\/users\/1683"}],"replies":[{"embeddable":true,"href":"https:\/\/blogs.ua.es\/renovestur\/wp-json\/wp\/v2\/comments?post=77"}],"version-history":[{"count":15,"href":"https:\/\/blogs.ua.es\/renovestur\/wp-json\/wp\/v2\/pages\/77\/revisions"}],"predecessor-version":[{"id":83,"href":"https:\/\/blogs.ua.es\/renovestur\/wp-json\/wp\/v2\/pages\/77\/revisions\/83"}],"up":[{"embeddable":true,"href":"https:\/\/blogs.ua.es\/renovestur\/wp-json\/wp\/v2\/pages\/155"}],"wp:attachment":[{"href":"https:\/\/blogs.ua.es\/renovestur\/wp-json\/wp\/v2\/media?parent=77"}],"curies":[{"name":"wp","href":"https:\/\/api.w.org\/{rel}","templated":true}]}}