{"id":153,"date":"2011-01-13T13:10:33","date_gmt":"2011-01-13T13:10:33","guid":{"rendered":"https:\/\/blogs.ua.es\/reyescatolicos\/"},"modified":"2011-01-13T15:25:12","modified_gmt":"2011-01-13T14:25:12","slug":"bibliografia","status":"publish","type":"page","link":"https:\/\/blogs.ua.es\/reyescatolicos\/bibliografia\/","title":{"rendered":"Bibliograf\u00eda"},"content":{"rendered":"<p>Libro: Historia de Espa\u00f1a<\/p>\n<p>Autor: Fe Bajo \u00c1lvarez y Julio Gil Pecharrom\u00e1n<\/p>\n<p>Editorial: EDIPROYECTOS EUROPEOS, Madrid, 1998.<\/p>\n<p><span style=\"text-decoration: underline\">Entrada: LOS REYES CAT\u00d3LICOS \u2013 NACIMIENTO DEL ESTADO MODERNO<\/span><\/p>\n<p><span style=\"text-decoration: underline\">CONFLICTOS INTERNOS Y EXTERNOS<\/span><\/p>\n<p><span style=\"text-decoration: underline\">P\u00e1ginas: 83 \u2013 86<\/span><\/p>\n<p><span style=\"text-decoration: underline\"><span style=\"text-decoration: underline\">\u00a0<\/span><\/span><\/p>\n<p>Libro: Historia de los Espa\u00f1oles<\/p>\n<p>Autor: Pierre Bonnassie, Pierre Guichard, Marie \u2013 Claude Gerbert y Bartolom\u00e9 Bennassar.<\/p>\n<p>Editorial: Cr\u00edtica, Barcelona, 1989.<\/p>\n<p><span style=\"text-decoration: underline\">Entrada: DESCENDENCIA: CARLOS V EL EMPERADOR<\/span><\/p>\n<p><span style=\"text-decoration: underline\">P\u00e1ginas: 358 \u2013 360<\/span><\/p>\n<p><span style=\"text-decoration: underline\">\u00a0<\/span><\/p>\n<p>Libro: La Espa\u00f1a Moderna<\/p>\n<p>Autor: Enrique Mart\u00ednez Ruiz, Enrique Gim\u00e9nez, Jos\u00e9 Antonio Armillas y Consuelo Maqueda.<\/p>\n<p>Editorial: Istmo, Madrid, 1992.<\/p>\n<p><span style=\"text-decoration: underline\">Entrada: EL DESCUBRIMIENTO DEL NUEVO MUNDO<\/span><\/p>\n<p><span style=\"text-decoration: underline\">P\u00e1ginas: 36 \u2013 48<\/span><\/p>\n<p><span style=\"text-decoration: underline\">\u00a0<\/span><\/p>\n<p>Libro: Historia del Mundo Moderno<\/p>\n<p>Autor: Luis Antonio Ribot Garc\u00eda<\/p>\n<p>Editorial: Actas, Madrid, 2006.<\/p>\n<p><span style=\"text-decoration: underline\">Entrada: EL DESCUBRIMIENTO DEL NUEVO MUNDO<\/span><\/p>\n<p><span style=\"text-decoration: underline\">P\u00e1ginas: 181 \u2013 186<\/span><\/p>\n<p><span style=\"text-decoration: underline\">\u00a0<\/span><\/p>\n<p>Libro: Historia de Espa\u00f1a en la Edad Moderna<\/p>\n<p>Autor: Alfredo Florist\u00e1n<\/p>\n<p>Editorial: Ariel<\/p>\n<p><span style=\"text-decoration: underline\">Entrada: Guerra sucesoria en Castilla<\/span><\/p>\n<p><span style=\"text-decoration: underline\">P\u00e1ginas: 133-135<\/span><\/p>\n<p><span style=\"text-decoration: underline\">\u00a0<\/span><\/p>\n<p>Libro: Historia de Espa\u00f1a en la Edad Moderna<\/p>\n<p>Autor: Alfredo Florist\u00e1n<\/p>\n<p>Editorial: Ariel<\/p>\n<p><span style=\"text-decoration: underline\">Entrada: Herencia de la Corona de\u00a0 Arag\u00f3n<\/span><\/p>\n<p><span style=\"text-decoration: underline\">P\u00e1ginas: 135-138<\/span><\/p>\n<p><span style=\"text-decoration: underline\">\u00a0<\/span><\/p>\n<p>Libro: Edad Moderna (1474-1808)<\/p>\n<p>Autor: Pere Molas Ribalta<\/p>\n<p>Editorial: Espasa Calpe<\/p>\n<p><span style=\"text-decoration: underline\">Entrada: Actividad econ\u00f3mica durante el reinado de los Reyes Cat\u00f3licos<\/span><\/p>\n<p><span style=\"text-decoration: underline\">P\u00e1ginas: 21-30<\/span><\/p>\n<p><span style=\"text-decoration: underline\">\u00a0<\/span><\/p>\n<p>Libro: Edad Moderna (1474-1808)<\/p>\n<p>Autor: Pere Molas Ribalta<\/p>\n<p>Editorial: Espasa Calpe<\/p>\n<p><span style=\"text-decoration: underline\">Entrada: Minor\u00edas socio-religiosas<\/span><\/p>\n<p><span style=\"text-decoration: underline\">P\u00e1ginas: 41-45<\/span><\/p>\n<p><span style=\"text-decoration: underline\">\u00a0<\/span><\/p>\n<p>Libro: Edad Moderna (1474-1808)<\/p>\n<p>Autor Pere Molas Ribalta<\/p>\n<p>Editorial: Espasa Calpe<\/p>\n<p><span style=\"text-decoration: underline\">Entrada: Grupos sociales durante el reinado de los reyes cat\u00f3licos<\/span><\/p>\n<p><span style=\"text-decoration: underline\">P\u00e1ginas: 33-39<\/span><\/p>\n","protected":false},"excerpt":{"rendered":"<p>Libro: Historia de Espa\u00f1a Autor: Fe Bajo \u00c1lvarez y Julio Gil Pecharrom\u00e1n Editorial: EDIPROYECTOS EUROPEOS, Madrid, 1998. Entrada: LOS REYES CAT\u00d3LICOS \u2013 NACIMIENTO DEL ESTADO MODERNO CONFLICTOS INTERNOS Y EXTERNOS P\u00e1ginas: 83 \u2013 86 \u00a0 Libro: Historia de los Espa\u00f1oles Autor: Pierre Bonnassie, Pierre Guichard, Marie \u2013 Claude Gerbert y Bartolom\u00e9 Bennassar. Editorial: Cr\u00edtica, Barcelona, [&hellip;]<\/p>\n","protected":false},"author":1682,"featured_media":0,"parent":0,"menu_order":0,"comment_status":"open","ping_status":"open","template":"","meta":{"footnotes":""},"class_list":["post-153","page","type-page","status-publish","hentry"],"_links":{"self":[{"href":"https:\/\/blogs.ua.es\/reyescatolicos\/wp-json\/wp\/v2\/pages\/153","targetHints":{"allow":["GET"]}}],"collection":[{"href":"https:\/\/blogs.ua.es\/reyescatolicos\/wp-json\/wp\/v2\/pages"}],"about":[{"href":"https:\/\/blogs.ua.es\/reyescatolicos\/wp-json\/wp\/v2\/types\/page"}],"author":[{"embeddable":true,"href":"https:\/\/blogs.ua.es\/reyescatolicos\/wp-json\/wp\/v2\/users\/1682"}],"replies":[{"embeddable":true,"href":"https:\/\/blogs.ua.es\/reyescatolicos\/wp-json\/wp\/v2\/comments?post=153"}],"version-history":[{"count":4,"href":"https:\/\/blogs.ua.es\/reyescatolicos\/wp-json\/wp\/v2\/pages\/153\/revisions"}],"predecessor-version":[{"id":200,"href":"https:\/\/blogs.ua.es\/reyescatolicos\/wp-json\/wp\/v2\/pages\/153\/revisions\/200"}],"wp:attachment":[{"href":"https:\/\/blogs.ua.es\/reyescatolicos\/wp-json\/wp\/v2\/media?parent=153"}],"curies":[{"name":"wp","href":"https:\/\/api.w.org\/{rel}","templated":true}]}}