{"id":14,"date":"2009-02-12T14:49:04","date_gmt":"2009-02-12T13:49:04","guid":{"rendered":"https:\/\/blogs.ua.es\/robespierre\/?page_id=14"},"modified":"2009-04-28T09:25:20","modified_gmt":"2009-04-28T08:25:20","slug":"colaboradores-louis-saint-just-y-georges-couthon","status":"publish","type":"page","link":"https:\/\/blogs.ua.es\/robespierre\/colaboradores-louis-saint-just-y-georges-couthon\/","title":{"rendered":"Colaboradores"},"content":{"rendered":"<p><!--[if gte mso 9]&gt;  Normal 0 21   false false false        MicrosoftInternetExplorer4  &lt;![endif]--><!--[if gte mso 9]&gt;   &lt;![endif]--><!--[if !mso]&gt;--><\/p>\n<p class=\"MsoNormal\" style=\"text-align: justify\">Robespierre tuvo el apoyo incondicional de dos colaboradores de confianza. El primero de ellos fue Saint-Just. Estaba en Par\u00eds en 1789, cuando estall\u00f3 la Revoluci\u00f3n Francesa, y m\u00e1s tarde se le nombr\u00f3 coronel de la guardia nacional de Bl\u00e9rancourt, en el departamento de Aisne. En 1792, fue elegido diputado por Aisne en la Convenci\u00f3n Nacional. Vot\u00f3 a favor de la ejecuci\u00f3n del rey Luis XVI tras proclamar solemnemente que &#8220;nadie puede reinar inocentemente&#8221;, y se convirti\u00f3 en un estrecho colaborador del l\u00edder jacobino Maximilien de Robespierre. Saint-Just fue miembro del Comit\u00e9 de Salud P\u00fablica y delegado en los ej\u00e9rcitos del Rin y del Norte, donde impuso una f\u00e9rrea disciplina, y en 1794 fue elegido presidente de la Convenci\u00f3n. Mantuvo su apoyo a Robespierre durante el periodo del Terror (1793-1794) y fue el principal causante de la condena de Georges Danton. El golpe de Estado del 9 de Termidor (27 de julio de 1794) acab\u00f3 con el gobierno de Robespierre, Saint-Just fue detenido y al d\u00eda siguiente ejecutado. Su actitud ideol\u00f3gica obedec\u00eda a su creencia en que la  Revoluci\u00f3n deber\u00eda restaurar un feliz Estado primitivo de la luminosidad que hab\u00eda sido corrompido a lo largo de los siglos por la Monarqu\u00eda como instituci\u00f3n. Su consideraci\u00f3n en oponer los intereses particulares a los generales \u2014que \u00e9l simbolizaba en el concepto &#8216;virtud&#8217;\u2014 le llev\u00f3 a defender tajantemente la dictadura revolucionaria impuesta durante el periodo del Terror.<\/p>\n<p class=\"MsoNormal\" style=\"text-align: justify\">El segundo de ellos fue\u00a0 Georges Couthon, (Orcet, 1755-Par\u00eds, 1794) Pol\u00edtico franc\u00e9s. Era abogado cuando estall\u00f3 la Revoluci\u00f3n Francesa. Fue nombrado presidente del tribunal de Clermont-Ferrand (1789). En 1793 entr\u00f3 a formar parte, junto a Robespierre y Saint-Just, de la direcci\u00f3n del Comit\u00e9 de Salvaci\u00f3n P\u00fablica. Al a\u00f1o siguiente fue detenido y guillotinado.<span style=\"color: black\">Georges Couthon, otro fiel colaborador que muri\u00f3 tras el golpe Estado que acab\u00f3 con el per\u00edodo del Terror.<br \/>\n<\/span><\/p>\n<p class=\"MsoNormal\">\n","protected":false},"excerpt":{"rendered":"<p>Robespierre tuvo el apoyo incondicional de dos colaboradores de confianza. El primero de ellos fue Saint-Just. Estaba en Par\u00eds en 1789, cuando estall\u00f3 la Revoluci\u00f3n Francesa, y m\u00e1s tarde se le nombr\u00f3 coronel de la guardia nacional de Bl\u00e9rancourt, en el departamento de Aisne. En 1792, fue elegido diputado por Aisne en la Convenci\u00f3n Nacional. [&hellip;]<\/p>\n","protected":false},"author":1140,"featured_media":0,"parent":0,"menu_order":0,"comment_status":"open","ping_status":"open","template":"","meta":{"footnotes":""},"class_list":["post-14","page","type-page","status-publish","hentry"],"_links":{"self":[{"href":"https:\/\/blogs.ua.es\/robespierre\/wp-json\/wp\/v2\/pages\/14","targetHints":{"allow":["GET"]}}],"collection":[{"href":"https:\/\/blogs.ua.es\/robespierre\/wp-json\/wp\/v2\/pages"}],"about":[{"href":"https:\/\/blogs.ua.es\/robespierre\/wp-json\/wp\/v2\/types\/page"}],"author":[{"embeddable":true,"href":"https:\/\/blogs.ua.es\/robespierre\/wp-json\/wp\/v2\/users\/1140"}],"replies":[{"embeddable":true,"href":"https:\/\/blogs.ua.es\/robespierre\/wp-json\/wp\/v2\/comments?post=14"}],"version-history":[{"count":8,"href":"https:\/\/blogs.ua.es\/robespierre\/wp-json\/wp\/v2\/pages\/14\/revisions"}],"predecessor-version":[{"id":74,"href":"https:\/\/blogs.ua.es\/robespierre\/wp-json\/wp\/v2\/pages\/14\/revisions\/74"}],"wp:attachment":[{"href":"https:\/\/blogs.ua.es\/robespierre\/wp-json\/wp\/v2\/media?parent=14"}],"curies":[{"name":"wp","href":"https:\/\/api.w.org\/{rel}","templated":true}]}}