{"id":16,"date":"2009-02-12T14:49:35","date_gmt":"2009-02-12T13:49:35","guid":{"rendered":"https:\/\/blogs.ua.es\/robespierre\/la-guillotina\/"},"modified":"2009-04-02T11:00:40","modified_gmt":"2009-04-02T10:00:40","slug":"la-guillotina","status":"publish","type":"page","link":"https:\/\/blogs.ua.es\/robespierre\/la-guillotina\/","title":{"rendered":"La guillotina"},"content":{"rendered":"<p class=\"MsoNormal\" style=\"text-align: justify\">La m\u00e1quina empez\u00f3 a ser llamada <em>guillotina<\/em>, por el Dr Joseph Ignace Guillotin, aunque se debe aclarar que \u00e9l no fue el inventor. La guillotina tal como fue usada durante la revoluci\u00f3n fue inventada por los herreros Schmidt y Clairin, y probada con unos carneritos por el doctor Louis. Como diputado en la Asamblea Constituyente Francesa en ese entonces, el Dr. Guillotin propuso el uso de la m\u00e1quina para llevar a cabo las ejecuciones. De modo que, como fue \u00e9l quien sugiri\u00f3 el uso del artefacto, la m\u00e1quina empez\u00f3 a ser nombrada por su apellido. La guillotina, una de las m\u00e1s famosas herramientas de ejecuci\u00f3n. Es una idea propuesta para evitar sufrimiento in\u00fatil a los condenados. Est\u00e1 en estrecha relaci\u00f3n, con las ideas humanistas e ilustradas, ya que en una sociedad estamental como la del Antiguo r\u00e9gimen, no todos mor\u00eda igual.<\/p>\n<p><a href=\"https:\/\/blogs.ua.es\/robespierre\/files\/2009\/02\/guillotina21.jpg\"><img loading=\"lazy\" decoding=\"async\" class=\"size-medium wp-image-27 alignleft\" src=\"https:\/\/blogs.ua.es\/robespierre\/files\/2009\/02\/guillotina21-171x300.jpg\" alt=\"\" width=\"171\" height=\"300\" \/> <\/a><\/p>\n<p style=\"text-align: justify\">Esta m\u00e1quina consiste en una cuchilla de acero con un plomo en su parte superior, de unos 60Kg, que baja a gran velocidad por unas gu\u00edas hasta realizar un corte r\u00e1pido que secciona la cabeza. Seg\u00fan ciertos informes algunas veces la cabeza pod\u00eda seguir consciente durante 30 segundos, ya separada del cuerpo.<\/p>\n<p style=\"text-align: justify\">La primera v\u00edctima de este atroz sistema fue Pelletier, en 1792, y la \u00faltima fue Hamida Djandoubi, en 1977. Finalmente este m\u00e9todo fue abolido en 1981.<\/p>\n","protected":false},"excerpt":{"rendered":"<p>La m\u00e1quina empez\u00f3 a ser llamada guillotina, por el Dr Joseph Ignace Guillotin, aunque se debe aclarar que \u00e9l no fue el inventor. La guillotina tal como fue usada durante la revoluci\u00f3n fue inventada por los herreros Schmidt y Clairin, y probada con unos carneritos por el doctor Louis. Como diputado en la Asamblea Constituyente [&hellip;]<\/p>\n","protected":false},"author":1140,"featured_media":0,"parent":0,"menu_order":0,"comment_status":"open","ping_status":"open","template":"","meta":{"footnotes":""},"class_list":["post-16","page","type-page","status-publish","hentry"],"_links":{"self":[{"href":"https:\/\/blogs.ua.es\/robespierre\/wp-json\/wp\/v2\/pages\/16","targetHints":{"allow":["GET"]}}],"collection":[{"href":"https:\/\/blogs.ua.es\/robespierre\/wp-json\/wp\/v2\/pages"}],"about":[{"href":"https:\/\/blogs.ua.es\/robespierre\/wp-json\/wp\/v2\/types\/page"}],"author":[{"embeddable":true,"href":"https:\/\/blogs.ua.es\/robespierre\/wp-json\/wp\/v2\/users\/1140"}],"replies":[{"embeddable":true,"href":"https:\/\/blogs.ua.es\/robespierre\/wp-json\/wp\/v2\/comments?post=16"}],"version-history":[{"count":5,"href":"https:\/\/blogs.ua.es\/robespierre\/wp-json\/wp\/v2\/pages\/16\/revisions"}],"predecessor-version":[{"id":71,"href":"https:\/\/blogs.ua.es\/robespierre\/wp-json\/wp\/v2\/pages\/16\/revisions\/71"}],"wp:attachment":[{"href":"https:\/\/blogs.ua.es\/robespierre\/wp-json\/wp\/v2\/media?parent=16"}],"curies":[{"name":"wp","href":"https:\/\/api.w.org\/{rel}","templated":true}]}}