{"id":17,"date":"2009-02-12T14:50:25","date_gmt":"2009-02-12T13:50:25","guid":{"rendered":"https:\/\/blogs.ua.es\/robespierre\/?page_id=17"},"modified":"2009-04-02T09:55:50","modified_gmt":"2009-04-02T08:55:50","slug":"los-girondinos","status":"publish","type":"page","link":"https:\/\/blogs.ua.es\/robespierre\/los-girondinos\/","title":{"rendered":"Los girondinos"},"content":{"rendered":"<div class=\"mceTemp\"><\/div>\n<div class=\"mceTemp\">\n<dl>\n<dt><a href=\"https:\/\/blogs.ua.es\/robespierre\/files\/2009\/02\/20070717klphisuni_197iesscogirondinos.jpg\"><img loading=\"lazy\" decoding=\"async\" class=\"size-full wp-image-37\" src=\"https:\/\/blogs.ua.es\/robespierre\/files\/2009\/02\/20070717klphisuni_197iesscogirondinos.jpg\" alt=\"Girondinos exhibiendo cabezas cortadas.\" width=\"500\" height=\"342\" \/><\/a>Girondinos exhibiendo cabezas cortadas.<\/dt>\n<\/dl>\n<\/div>\n<p class=\"MsoNormal\" style=\"text-align: justify\"><span>El gran mito, es que los girondinos son los buenos y los jacobinos son los malos. Basados en la obra de Lamartin <em>Historia de los girondinos<\/em>. Los girondinos no son tan diferentes a los jacobinos, no desaparecen cuando pierden el poder, van a ser los mismos ide\u00f3logos cuando se cree el Consulado.<\/span><\/p>\n<p class=\"MsoNormal\" style=\"text-align: justify\"><span>Ejercieron el poder en condiciones diferentes a los jacobinos. Son republicanos y revolucionarios. Saben que la revoluci\u00f3n se debe alentar.<\/span><\/p>\n<p class=\"MsoNormal\" style=\"text-align: justify\"><span>Los feuillants, dirigidos por Barnabe, quer\u00edan la monarqu\u00eda constitucional y los girondinos no.<\/span><\/p>\n<p class=\"MsoNormal\" style=\"text-align: justify\"><span>El problema est\u00e1, en que no hay un ideario homog\u00e9neo para los girondinos. Distintos pensamientos. Eran defensores del modelo liberal y republicano, eran burgueses y a diferencia de lo que podemos pensar, ellos no eran contrarios a la violencia. Tampoco es cierto que ellos defendieran la libertad, frente a los jacobinos que defend\u00edan a la igualdad.<\/span><\/p>\n<p class=\"MsoNormal\" style=\"text-align: justify\"><span>Condorcet ser\u00e1 quien sintetice el pensamiento girondino, en una de sus obras. En ella hace un an\u00e1lisis de la revoluci\u00f3n, dice que la igualdad es la base del progreso. Habla de la igualdad de todos los hombres, ped\u00eda la abolici\u00f3n de la esclavitud. Critic\u00f3 <\/span><span>la Declaraci\u00f3n<\/span><span> de Derechos, porque no hab\u00eda igualdad para las mujeres, ni los esclavos.<\/span><\/p>\n<p class=\"MsoNormal\" style=\"text-align: justify\"><span>En el proyecto de Constituci\u00f3n, propuesto por los girondinos y realizado por Condorcet, es bastante similar a <\/span><span>la Constituci\u00f3n<\/span><span> jacobina. Habla de los derechos para todos y \u00fanico medio de alcanzar la felicidad, otro principio fundamental es alcanzar la libertad e igualdad para todos, partidario del sufragio universal. <\/span><\/p>\n<p class=\"MsoNormal\" style=\"text-align: justify\"><span>Reforma fiscal, los impuestos son necesarios y tienen que recaer en todos los ciudadanos, pero principalmente a los que m\u00e1s tienen. Habla de impuestos directos. Son partidarios de una estructura federal, los jacobinos prefieren la centralizaci\u00f3n.<\/span><\/p>\n<p class=\"MsoNormal\" style=\"text-align: justify\"><span>La otra diferencia fundamental, es la cuesti\u00f3n de la guerra. Otras diferencias aparecen por las circunstancias. Hay una confrontaci\u00f3n por supervivencia pol\u00edtica.<\/span><\/p>\n","protected":false},"excerpt":{"rendered":"<p>Girondinos exhibiendo cabezas cortadas. El gran mito, es que los girondinos son los buenos y los jacobinos son los malos. Basados en la obra de Lamartin Historia de los girondinos. Los girondinos no son tan diferentes a los jacobinos, no desaparecen cuando pierden el poder, van a ser los mismos ide\u00f3logos cuando se cree el [&hellip;]<\/p>\n","protected":false},"author":1140,"featured_media":0,"parent":0,"menu_order":0,"comment_status":"open","ping_status":"open","template":"","meta":{"footnotes":""},"class_list":["post-17","page","type-page","status-publish","hentry"],"_links":{"self":[{"href":"https:\/\/blogs.ua.es\/robespierre\/wp-json\/wp\/v2\/pages\/17","targetHints":{"allow":["GET"]}}],"collection":[{"href":"https:\/\/blogs.ua.es\/robespierre\/wp-json\/wp\/v2\/pages"}],"about":[{"href":"https:\/\/blogs.ua.es\/robespierre\/wp-json\/wp\/v2\/types\/page"}],"author":[{"embeddable":true,"href":"https:\/\/blogs.ua.es\/robespierre\/wp-json\/wp\/v2\/users\/1140"}],"replies":[{"embeddable":true,"href":"https:\/\/blogs.ua.es\/robespierre\/wp-json\/wp\/v2\/comments?post=17"}],"version-history":[{"count":4,"href":"https:\/\/blogs.ua.es\/robespierre\/wp-json\/wp\/v2\/pages\/17\/revisions"}],"predecessor-version":[{"id":39,"href":"https:\/\/blogs.ua.es\/robespierre\/wp-json\/wp\/v2\/pages\/17\/revisions\/39"}],"wp:attachment":[{"href":"https:\/\/blogs.ua.es\/robespierre\/wp-json\/wp\/v2\/media?parent=17"}],"curies":[{"name":"wp","href":"https:\/\/api.w.org\/{rel}","templated":true}]}}