{"id":19,"date":"2009-02-12T14:52:31","date_gmt":"2009-02-12T13:52:31","guid":{"rendered":"https:\/\/blogs.ua.es\/robespierre\/la-marsellesa\/"},"modified":"2009-06-10T20:16:05","modified_gmt":"2009-06-10T19:16:05","slug":"la-marsellesa","status":"publish","type":"page","link":"https:\/\/blogs.ua.es\/robespierre\/la-marsellesa\/","title":{"rendered":"La marsellesa"},"content":{"rendered":"<dl>\n<dt><a href=\"https:\/\/blogs.ua.es\/robespierre\/files\/2009\/02\/marsellesa.gif\"><img loading=\"lazy\" decoding=\"async\" class=\"size-full wp-image-44\" src=\"https:\/\/blogs.ua.es\/robespierre\/files\/2009\/02\/marsellesa.gif\" alt=\"Partitura de la Marsellesa.\" width=\"481\" height=\"439\" \/><\/a><\/dt>\n<\/dl>\n<div class=\"mceTemp\">\n<dl>\n<dd>Partitura de la Marsellesa.<\/dd>\n<\/dl>\n<\/div>\n<dl>\n<dt> <\/dt>\n<\/dl>\n<dl>\n<dt> <\/dt>\n<\/dl>\n<p style=\"text-align: justify\">Durante la guerra de la Convenci\u00f3n, se formar\u00e1n batallones de voluntarios, para defenderse del acoso extranjero. Lo har\u00e1n el 14 de julio, una fecha simb\u00f3lica. Batallones federados de todas las provincias, ser\u00e1 un elemento de cohesi\u00f3n. La M\u00fasica y letra se la debemos a Claude Joseph Rouget de L&#8217;Isle, en 1792.<\/p>\n<dl>\n<dt> <\/dt>\n<\/dl>\n<dl>\n<dt> <\/dt>\n<\/dl>\n<dl>\n<dt> <\/dt>\n<\/dl>\n<dl>\n<dt> <\/dt>\n<\/dl>\n<p style=\"text-align: justify\">Uno de los batallones federados, decidi\u00f3 componer una m\u00fasica, esa se llam\u00f3 <em>Canto de guerra del Rhin<\/em>, aunque acab\u00f3 llam\u00e1ndose <em>Marsellesa<\/em>. El acoso extranjero, es tambi\u00e9n un detonante que exalta al pueblo. Esto caus\u00f3 el efecto contrario, a las pretensiones de las potencias absolutistas.<\/p>\n<p>Es de aqu\u00ed, de donde surge el himno franc\u00e9s, es el himno del pueblo, que exalta al ej\u00e9rcito, iban a luchar al son de <em>la Marsellesa<\/em>. El nombre lo adoptan, porque el batall\u00f3n que lo crea, proven\u00edan de Marsella.<\/p>\n<dl>\n<dt> <\/dt>\n<\/dl>\n<dl>\n<dt> <\/dt>\n<\/dl>\n<dl>\n<dt> <\/dt>\n<\/dl>\n<p style=\"text-align: justify\">Desde el punto de vista t\u00e9cnico, tiene una gama de una novena y saltos de hasta una sexta menor. El ritmo, el tempo y la armon\u00eda del acompa\u00f1amiento tambi\u00e9n son importantes a la hora de definir el car\u00e1cter de una melod\u00eda. Dos melod\u00edas pueden usar exactamente la misma serie de relaciones tonales pero, al hacerlo con ritmos y compases diferentes, constituyen identidades totalmente diferentes.<\/p>\n<p><a href=\"http:\/\/www.youtube.com\/watch?v=nj7mBO9G5qo\">http:\/\/www.youtube.com\/watch?v=nj7mBO9G5qo<\/a><\/p>\n","protected":false},"excerpt":{"rendered":"<p>Partitura de la Marsellesa. Durante la guerra de la Convenci\u00f3n, se formar\u00e1n batallones de voluntarios, para defenderse del acoso extranjero. Lo har\u00e1n el 14 de julio, una fecha simb\u00f3lica. Batallones federados de todas las provincias, ser\u00e1 un elemento de cohesi\u00f3n. La M\u00fasica y letra se la debemos a Claude Joseph Rouget de L&#8217;Isle, en 1792. [&hellip;]<\/p>\n","protected":false},"author":1140,"featured_media":0,"parent":0,"menu_order":0,"comment_status":"open","ping_status":"open","template":"","meta":{"footnotes":""},"class_list":["post-19","page","type-page","status-publish","hentry"],"_links":{"self":[{"href":"https:\/\/blogs.ua.es\/robespierre\/wp-json\/wp\/v2\/pages\/19","targetHints":{"allow":["GET"]}}],"collection":[{"href":"https:\/\/blogs.ua.es\/robespierre\/wp-json\/wp\/v2\/pages"}],"about":[{"href":"https:\/\/blogs.ua.es\/robespierre\/wp-json\/wp\/v2\/types\/page"}],"author":[{"embeddable":true,"href":"https:\/\/blogs.ua.es\/robespierre\/wp-json\/wp\/v2\/users\/1140"}],"replies":[{"embeddable":true,"href":"https:\/\/blogs.ua.es\/robespierre\/wp-json\/wp\/v2\/comments?post=19"}],"version-history":[{"count":7,"href":"https:\/\/blogs.ua.es\/robespierre\/wp-json\/wp\/v2\/pages\/19\/revisions"}],"predecessor-version":[{"id":76,"href":"https:\/\/blogs.ua.es\/robespierre\/wp-json\/wp\/v2\/pages\/19\/revisions\/76"}],"wp:attachment":[{"href":"https:\/\/blogs.ua.es\/robespierre\/wp-json\/wp\/v2\/media?parent=19"}],"curies":[{"name":"wp","href":"https:\/\/api.w.org\/{rel}","templated":true}]}}