{"id":20,"date":"2009-02-12T14:53:08","date_gmt":"2009-02-12T13:53:08","guid":{"rendered":"https:\/\/blogs.ua.es\/robespierre\/?page_id=20"},"modified":"2009-04-02T10:02:01","modified_gmt":"2009-04-02T09:02:01","slug":"sans-culottes","status":"publish","type":"page","link":"https:\/\/blogs.ua.es\/robespierre\/sans-culottes\/","title":{"rendered":"Sans culottes"},"content":{"rendered":"<figure id=\"attachment_35\" aria-describedby=\"caption-attachment-35\" style=\"width: 143px\" class=\"wp-caption alignnone\"><a href=\"https:\/\/blogs.ua.es\/robespierre\/files\/2009\/02\/dress-sans_culottes.jpg\"><img loading=\"lazy\" decoding=\"async\" class=\"size-medium wp-image-35\" src=\"https:\/\/blogs.ua.es\/robespierre\/files\/2009\/02\/dress-sans_culottes.jpg\" alt=\"Retrato de un sans culottes\" width=\"143\" height=\"197\" \/><\/a><figcaption id=\"caption-attachment-35\" class=\"wp-caption-text\">Retrato de un sans culottes<\/figcaption><\/figure>\n<p class=\"MsoNormal\" style=\"text-align: justify\">Los <em>sans culottes<\/em> (clases bajas) representaron los movimientos sociales, los hubo tanto urbanos como rurales. Es indudable que desde agosto de 1788 y en clara relaci\u00f3n con las alzas de los precios del pan se iniciaron diversos movimientos de masas. La motivaci\u00f3n inicial y motivaci\u00f3n de las clases populares urbanas fue de car\u00e1cter econ\u00f3mico. El hambre habr\u00eda empujado a las masas a la Revoluci\u00f3n.<\/p>\n<p class=\"MsoNormal\" style=\"text-align: justify\">La toma de la Bastilla no fue ni m\u00e1s ni menos que el t\u00edpico asalto de las masas a un elemento simb\u00f3lico del poder en un per\u00edodo de escasez. Su inicial protagonismo aut\u00f3nomo fue siendo posteriormente canalizado y dirigido por movimientos pol\u00edticos como los jacobinos<span> <\/span>o herbertistas.<\/p>\n<p class=\"MsoNormal\" style=\"text-align: justify\">Fueron capaces de imponer a los jacobinos algunas reivindicaciones propias. Pese a todo, aunque las clases populares se sent\u00edan m\u00e1s cercanas al federalismo, acabaron aceptando el centralismo para ganar la guerra.<\/p>\n<p class=\"MsoNormal\" style=\"text-align: justify\">El papel de las masas campesinas fue inicialmente similar. Su participaci\u00f3n fue fundamental, por controlar de hecho la tierra, el elemento b\u00e1sico de riqueza.<\/p>\n<p class=\"MsoNormal\" style=\"text-align: justify\">El Gran Miedo, fue el per\u00edodo, donde se aboli\u00f3 el feudalismo, se llev\u00f3 a cabo con indemnizaciones hasta el decreto de Ventoso y sin indemnizaciones, apartir de este.<\/p>\n","protected":false},"excerpt":{"rendered":"<p>Los sans culottes (clases bajas) representaron los movimientos sociales, los hubo tanto urbanos como rurales. Es indudable que desde agosto de 1788 y en clara relaci\u00f3n con las alzas de los precios del pan se iniciaron diversos movimientos de masas. La motivaci\u00f3n inicial y motivaci\u00f3n de las clases populares urbanas fue de car\u00e1cter econ\u00f3mico. El [&hellip;]<\/p>\n","protected":false},"author":1140,"featured_media":0,"parent":0,"menu_order":0,"comment_status":"open","ping_status":"open","template":"","meta":{"footnotes":""},"class_list":["post-20","page","type-page","status-publish","hentry"],"_links":{"self":[{"href":"https:\/\/blogs.ua.es\/robespierre\/wp-json\/wp\/v2\/pages\/20","targetHints":{"allow":["GET"]}}],"collection":[{"href":"https:\/\/blogs.ua.es\/robespierre\/wp-json\/wp\/v2\/pages"}],"about":[{"href":"https:\/\/blogs.ua.es\/robespierre\/wp-json\/wp\/v2\/types\/page"}],"author":[{"embeddable":true,"href":"https:\/\/blogs.ua.es\/robespierre\/wp-json\/wp\/v2\/users\/1140"}],"replies":[{"embeddable":true,"href":"https:\/\/blogs.ua.es\/robespierre\/wp-json\/wp\/v2\/comments?post=20"}],"version-history":[{"count":4,"href":"https:\/\/blogs.ua.es\/robespierre\/wp-json\/wp\/v2\/pages\/20\/revisions"}],"predecessor-version":[{"id":61,"href":"https:\/\/blogs.ua.es\/robespierre\/wp-json\/wp\/v2\/pages\/20\/revisions\/61"}],"wp:attachment":[{"href":"https:\/\/blogs.ua.es\/robespierre\/wp-json\/wp\/v2\/media?parent=20"}],"curies":[{"name":"wp","href":"https:\/\/api.w.org\/{rel}","templated":true}]}}