{"id":8,"date":"2009-02-05T15:05:51","date_gmt":"2009-02-05T14:05:51","guid":{"rendered":"https:\/\/blogs.ua.es\/robespierre\/?page_id=8"},"modified":"2009-04-02T09:48:18","modified_gmt":"2009-04-02T08:48:18","slug":"el-terror","status":"publish","type":"page","link":"https:\/\/blogs.ua.es\/robespierre\/el-terror\/","title":{"rendered":"El terror"},"content":{"rendered":"<figure id=\"attachment_42\" aria-describedby=\"caption-attachment-42\" style=\"width: 500px\" class=\"wp-caption alignright\"><a href=\"https:\/\/blogs.ua.es\/robespierre\/files\/2009\/02\/guillotina.jpg\"><img loading=\"lazy\" decoding=\"async\" class=\"size-full wp-image-42\" src=\"https:\/\/blogs.ua.es\/robespierre\/files\/2009\/02\/guillotina.jpg\" alt=\"Ejecuci\u00f3n en la guillotina.\" width=\"500\" height=\"468\" \/><\/a><figcaption id=\"caption-attachment-42\" class=\"wp-caption-text\">Ejecuci\u00f3n en la guillotina.<\/figcaption><\/figure>\n<p><!--[if gte mso 9]&gt; Normal   0   21         false   false   false                             MicrosoftInternetExplorer4 &lt;![endif]--><!--[if gte mso 9]&gt; &lt;![endif]--><!--  --><!--[if gte mso 10]&gt; &lt;!   \/* Style Definitions *\/  table.MsoNormalTable \t{mso-style-name:\"Tabla normal\"; \tmso-tstyle-rowband-size:0; \tmso-tstyle-colband-size:0; \tmso-style-noshow:yes; \tmso-style-parent:\"\"; \tmso-padding-alt:0cm 5.4pt 0cm 5.4pt; \tmso-para-margin:0cm; \tmso-para-margin-bottom:.0001pt; \tmso-pagination:widow-orphan; \tfont-size:10.0pt; \tfont-family:\"Times New Roman\"; \tmso-ansi-language:#0400; \tmso-fareast-language:#0400; \tmso-bidi-language:#0400;} --> <!--[endif]--><\/p>\n<p style=\"text-align: justify\">El periodo del Terror supuso la muerte en la guillotina de varios miles de personas, pero sobre todo fue un s\u00edmbolo de rotura total con el pasado absolutista y la monarqu\u00eda. Robespierre hab\u00eda sido un firme partidario de la abolici\u00f3n de la pena de muerte, pero su percepci\u00f3n se modific\u00f3 al asumir la obligaci\u00f3n de defender la Rep\u00fablica de sus enemigos, llegando a considerar que estaba justificada para defender las libertades p\u00fablicas de quienes pretend\u00edan destruirlas.<\/p>\n<p style=\"text-align: justify\">\n<p>La praxis pol\u00edtica del gobierno revolucionario fue la cristalizaci\u00f3n pol\u00edtica de la defensa de la Rep\u00fablica y la Revoluci\u00f3n, en peligro por la conspiraci\u00f3n interior y la exterior, ejemplificada en la guerra. La defensa se bas\u00f3 en las grandes levas para el Ej\u00e9rcito, y en el interior, en la suspensi\u00f3n de los derechos y libertades para actuar contra la conspiraci\u00f3n interna.<\/p>\n<p>El terror era el instrumento de la Revoluci\u00f3n para acabar con el peligro interno. La violencia jacobina no era arbitraria, puesto que se dar\u00eda en un per\u00edodo determinado y en virtud de la justicia popular. El Terror era el instrumento para eliminar los elementos que perjudicaban a la Rep\u00fablica.<\/p>\n<p>La mayor aportaci\u00f3n de los jacobinos fue la nueva Constituci\u00f3n aprobada el 24 de junio de 1793, pero cuya puesta en vigor se aplaz\u00f3 <em>sine die<\/em> por el contexto de guerra y conspiraci\u00f3n. Nunca lleg\u00f3 a estar en vigor. Presentaba dos partes, la ideol\u00f3gica y la pragm\u00e1tica.<\/p>\n","protected":false},"excerpt":{"rendered":"<p>El periodo del Terror supuso la muerte en la guillotina de varios miles de personas, pero sobre todo fue un s\u00edmbolo de rotura total con el pasado absolutista y la monarqu\u00eda. Robespierre hab\u00eda sido un firme partidario de la abolici\u00f3n de la pena de muerte, pero su percepci\u00f3n se modific\u00f3 al asumir la obligaci\u00f3n de [&hellip;]<\/p>\n","protected":false},"author":1140,"featured_media":0,"parent":0,"menu_order":0,"comment_status":"open","ping_status":"open","template":"","meta":{"footnotes":""},"class_list":["post-8","page","type-page","status-publish","hentry"],"_links":{"self":[{"href":"https:\/\/blogs.ua.es\/robespierre\/wp-json\/wp\/v2\/pages\/8","targetHints":{"allow":["GET"]}}],"collection":[{"href":"https:\/\/blogs.ua.es\/robespierre\/wp-json\/wp\/v2\/pages"}],"about":[{"href":"https:\/\/blogs.ua.es\/robespierre\/wp-json\/wp\/v2\/types\/page"}],"author":[{"embeddable":true,"href":"https:\/\/blogs.ua.es\/robespierre\/wp-json\/wp\/v2\/users\/1140"}],"replies":[{"embeddable":true,"href":"https:\/\/blogs.ua.es\/robespierre\/wp-json\/wp\/v2\/comments?post=8"}],"version-history":[{"count":6,"href":"https:\/\/blogs.ua.es\/robespierre\/wp-json\/wp\/v2\/pages\/8\/revisions"}],"predecessor-version":[{"id":51,"href":"https:\/\/blogs.ua.es\/robespierre\/wp-json\/wp\/v2\/pages\/8\/revisions\/51"}],"wp:attachment":[{"href":"https:\/\/blogs.ua.es\/robespierre\/wp-json\/wp\/v2\/media?parent=8"}],"curies":[{"name":"wp","href":"https:\/\/api.w.org\/{rel}","templated":true}]}}