{"id":54,"date":"2008-10-28T20:10:01","date_gmt":"2008-10-28T18:10:01","guid":{"rendered":"https:\/\/blogs.ua.es\/roci\/?page_id=54"},"modified":"2008-11-20T15:50:37","modified_gmt":"2008-11-20T13:50:37","slug":"informacion-general","status":"publish","type":"page","link":"https:\/\/blogs.ua.es\/roci\/informacion-general\/","title":{"rendered":"Informaci\u00f3n general"},"content":{"rendered":"<p style=\"text-align: justify\">Hemos creado este blog con la intenci\u00f3n de recopilar informaci\u00f3n sobre nataci\u00f3n. Consideramos la nataci\u00f3n\u00a0como uno de los deportes que pueden practicar la mayor\u00eda de las personas sin tener en cuenta la edad ya que dentro del agua se tiene un bajo impacto sobre las distintas partes de nuestro cuerpo, reduciendo al m\u00e1ximo la tensi\u00f3n de los huesos y\u00a0las articulaciones, entre muchos otros beneficios. Por todo ello queremos desde aqu\u00ed que conozcais lo que puede dar de s\u00ed <strong>el mundo de la nataci\u00f3n.<\/strong><\/p>\n<p style=\"text-align: center\"><img decoding=\"async\" class=\"aligncenter\" src=\"http:\/\/farm2.static.flickr.com\/1421\/994207324_c6f4cdb745.jpg?v=0\" alt=\"http:\/\/farm2.static.flickr.com\/1421\/994207324_c6f4cdb745.jpg?v=0\" \/><\/p>\n<p style=\"text-align: justify\">\u00a0<\/p>\n<p style=\"text-align: justify\">Pondremos a vuestra disposici\u00f3n:<\/p>\n<ul>\n<li>Entrenamientos y\/o ejercicios de nataci\u00f3n (iniciaci\u00f3n, nivel medio, perfeccionamiento&#8230;)<\/li>\n<li>Informaci\u00f3n de deportes relacionados como waterpolo y\u00a0salvamento y socorrismo<\/li>\n<li>Caracter\u00edsticas, uso y funci\u00f3n de material deportivo acu\u00e1tico<\/li>\n<li>T\u00e9cnica de los diferentes estilos (crol, espalda, braza y mariposa)<\/li>\n<li>Cantidad de consejos \u00fatiles para la pr\u00e1ctica<\/li>\n<li>Noticias nacionales e internacionales<\/li>\n<li>Figuras de la nataci\u00f3n<\/li>\n<li>V\u00eddeos y fotograf\u00edas<\/li>\n<li>Etc.<\/li>\n<\/ul>\n<p style=\"text-align: justify\">\u00a1Esperamos que os guste, os ayude y os anime a practicar un deporte tan completo como la nataci\u00f3n!<\/p>\n","protected":false},"excerpt":{"rendered":"<p>Hemos creado este blog con la intenci\u00f3n de recopilar informaci\u00f3n sobre nataci\u00f3n. Consideramos la nataci\u00f3n\u00a0como uno de los deportes que pueden practicar la mayor\u00eda de las personas sin tener en cuenta la edad ya que dentro del agua se tiene un bajo impacto sobre las distintas partes de nuestro cuerpo, reduciendo al m\u00e1ximo la tensi\u00f3n [&hellip;]<\/p>\n","protected":false},"author":885,"featured_media":0,"parent":0,"menu_order":0,"comment_status":"open","ping_status":"open","template":"","meta":{"footnotes":""},"class_list":["post-54","page","type-page","status-publish","hentry"],"_links":{"self":[{"href":"https:\/\/blogs.ua.es\/roci\/wp-json\/wp\/v2\/pages\/54","targetHints":{"allow":["GET"]}}],"collection":[{"href":"https:\/\/blogs.ua.es\/roci\/wp-json\/wp\/v2\/pages"}],"about":[{"href":"https:\/\/blogs.ua.es\/roci\/wp-json\/wp\/v2\/types\/page"}],"author":[{"embeddable":true,"href":"https:\/\/blogs.ua.es\/roci\/wp-json\/wp\/v2\/users\/885"}],"replies":[{"embeddable":true,"href":"https:\/\/blogs.ua.es\/roci\/wp-json\/wp\/v2\/comments?post=54"}],"version-history":[{"count":14,"href":"https:\/\/blogs.ua.es\/roci\/wp-json\/wp\/v2\/pages\/54\/revisions"}],"predecessor-version":[{"id":204,"href":"https:\/\/blogs.ua.es\/roci\/wp-json\/wp\/v2\/pages\/54\/revisions\/204"}],"wp:attachment":[{"href":"https:\/\/blogs.ua.es\/roci\/wp-json\/wp\/v2\/media?parent=54"}],"curies":[{"name":"wp","href":"https:\/\/api.w.org\/{rel}","templated":true}]}}