{"id":111,"date":"2013-01-10T10:01:57","date_gmt":"2013-01-10T10:01:57","guid":{"rendered":"https:\/\/blogs.ua.es\/rogeliosanchisllorens\/?page_id=111"},"modified":"2013-01-10T18:47:02","modified_gmt":"2013-01-10T18:47:02","slug":"111-2","status":"publish","type":"page","link":"https:\/\/blogs.ua.es\/rogeliosanchisllorens\/111-2\/","title":{"rendered":"Biograf\u00eda"},"content":{"rendered":"<p style=\"text-align: justify\"><a href=\"https:\/\/blogs.ua.es\/rogeliosanchisllorens\/files\/2013\/01\/00410.jpg\"><img loading=\"lazy\" decoding=\"async\" class=\"alignleft size-medium wp-image-113\" src=\"https:\/\/blogs.ua.es\/rogeliosanchisllorens\/files\/2013\/01\/00410-300x196.jpg\" alt=\"\" width=\"300\" height=\"196\" srcset=\"https:\/\/blogs.ua.es\/rogeliosanchisllorens\/files\/2013\/01\/00410-300x196.jpg 300w, https:\/\/blogs.ua.es\/rogeliosanchisllorens\/files\/2013\/01\/00410.jpg 450w\" sizes=\"auto, (max-width: 300px) 100vw, 300px\" \/><\/a>Don Rogelio Sanchis Llor\u00e9ns nace en la localidad alicantina de Alcoy en 1917. Licenciado en Filosof\u00eda y Letras por la Universitat de Val\u00e8ncia, dedica gran parte de su trayectoria profesional a la docencia, compaginando esta tarea con el estudio hist\u00f3rico de su ciudad natal. Ejerce su profesi\u00f3n por diversos institutos, tales como el Instituto Sorolla de Valencia, el Instituto Pare Vitoria de Alcoy y el Instituto Andreu Sempere, del cual ser\u00eda el primer director y en el que cerrar\u00eda su trayectoria profesional como maestro.<\/p>\n<p style=\"text-align: justify\">\nPosteriormente ser\u00eda nombrado cronista oficial de su ciudad. Entre las diversas obras que don Rogelio escribi\u00f3 destacamos la considerada como best-seller de la historia alcoyana, Alcoy, tu pueblo, el cual goz\u00f3 de gran difusi\u00f3n.<br \/>\nEl se\u00f1or Sanchis Llor\u00e9ns perteneci\u00f3\u00a0 al Instituto de Estudios<\/p>\n<p style=\"text-align: justify\">Alicantinos y al Instituto de Estudios Alcoyanos y est\u00e1 enormemente valorado en la historiograf\u00eda valenciana.<\/p>\n<p style=\"text-align: justify\">\nEn los \u00faltimos a\u00f1os de su vida leg\u00f3 sus fondos al Archivo Municipal de Alcoy. Muri\u00f3 el 6 de Agosto de 2007. A lo largo de su vida, don Rogelio recibi\u00f3 diversos homenajes<\/p>\n","protected":false},"excerpt":{"rendered":"<p>Don Rogelio Sanchis Llor\u00e9ns nace en la localidad alicantina de Alcoy en 1917. Licenciado en Filosof\u00eda y Letras por la Universitat de Val\u00e8ncia, dedica gran parte de su trayectoria profesional a la docencia, compaginando esta tarea con el estudio hist\u00f3rico &hellip; <a href=\"https:\/\/blogs.ua.es\/rogeliosanchisllorens\/111-2\/\">Continue reading <span class=\"meta-nav\">&rarr;<\/span><\/a><\/p>\n","protected":false},"author":2839,"featured_media":0,"parent":0,"menu_order":0,"comment_status":"open","ping_status":"open","template":"","meta":{"footnotes":""},"class_list":["post-111","page","type-page","status-publish","hentry"],"_links":{"self":[{"href":"https:\/\/blogs.ua.es\/rogeliosanchisllorens\/wp-json\/wp\/v2\/pages\/111","targetHints":{"allow":["GET"]}}],"collection":[{"href":"https:\/\/blogs.ua.es\/rogeliosanchisllorens\/wp-json\/wp\/v2\/pages"}],"about":[{"href":"https:\/\/blogs.ua.es\/rogeliosanchisllorens\/wp-json\/wp\/v2\/types\/page"}],"author":[{"embeddable":true,"href":"https:\/\/blogs.ua.es\/rogeliosanchisllorens\/wp-json\/wp\/v2\/users\/2839"}],"replies":[{"embeddable":true,"href":"https:\/\/blogs.ua.es\/rogeliosanchisllorens\/wp-json\/wp\/v2\/comments?post=111"}],"version-history":[{"count":2,"href":"https:\/\/blogs.ua.es\/rogeliosanchisllorens\/wp-json\/wp\/v2\/pages\/111\/revisions"}],"predecessor-version":[{"id":114,"href":"https:\/\/blogs.ua.es\/rogeliosanchisllorens\/wp-json\/wp\/v2\/pages\/111\/revisions\/114"}],"wp:attachment":[{"href":"https:\/\/blogs.ua.es\/rogeliosanchisllorens\/wp-json\/wp\/v2\/media?parent=111"}],"curies":[{"name":"wp","href":"https:\/\/api.w.org\/{rel}","templated":true}]}}