{"id":2,"date":"2012-11-16T11:33:01","date_gmt":"2012-11-16T11:33:01","guid":{"rendered":"https:\/\/blogs.ua.es\/rogeliosanchisllorens\/?page_id=2"},"modified":"2013-01-27T22:32:56","modified_gmt":"2013-01-27T22:32:56","slug":"metodologia","status":"publish","type":"page","link":"https:\/\/blogs.ua.es\/rogeliosanchisllorens\/metodologia\/","title":{"rendered":"Metodolog\u00eda utilizada"},"content":{"rendered":"<p style=\"text-align: justify\">En esta p\u00e1gina pretendemos explicar el m\u00e9todo mediante el cual hemos llevado a cabo la elaboraci\u00f3n de este blog.<\/p>\n<p style=\"text-align: justify\">Tras asistir a clase, donde nuestros profesores nos explicaron el modo mediante el cual deb\u00edamos crear nuestro blog, procedimos a investigar sobre nuestro autor, el alcoyano don Rogelio Sanchis Llor\u00e9ns.<\/p>\n<p style=\"text-align: justify\">Esta no fue una tarea f\u00e1cil, dado que al ser cronista de una ciudad en particular era algo dif\u00edcil encontrar informaci\u00f3n sobre \u00e9l. Tras varios d\u00edas de b\u00fasqueda logramos encontrar su biograf\u00eda, adem\u00e1s de una serie de fotograf\u00edas, las cuales tomamos del Archivo Digital de Alcoy. Posteriormente procedimos a buscar algunas de sus obras en la Biblioteca de la Universidad de Alicante (BUA), de la cual extrajimos los mismos, y con los cuales hemos elaborado las diferentes entradas que componen nuestro sitio web.<\/p>\n<p style=\"text-align: justify\">Adem\u00e1s en internet hemos encontrado un blog dedicado exclusivamente a la literatura alcoyana, en el que se dedica un post a nuestro autor, y donde pudimos comprobar como de conocido y de querido es don Rogelio en su ciudad natal.<\/p>\n<p style=\"text-align: justify\">Para la elaboraci\u00f3n de las diferentes referencias bibliogr\u00e1ficas hemos utilizado la norma\u00a0ISO 690-2010, la cual aprendimos a utilizar en clase.<\/p>\n<p>&nbsp;<\/p>\n","protected":false},"excerpt":{"rendered":"<p>En esta p\u00e1gina pretendemos explicar el m\u00e9todo mediante el cual hemos llevado a cabo la elaboraci\u00f3n de este blog. Tras asistir a clase, donde nuestros profesores nos explicaron el modo mediante el cual deb\u00edamos crear nuestro blog, procedimos a investigar &hellip; <a href=\"https:\/\/blogs.ua.es\/rogeliosanchisllorens\/metodologia\/\">Continue reading <span class=\"meta-nav\">&rarr;<\/span><\/a><\/p>\n","protected":false},"author":2839,"featured_media":0,"parent":0,"menu_order":0,"comment_status":"open","ping_status":"open","template":"","meta":{"footnotes":""},"class_list":["post-2","page","type-page","status-publish","hentry"],"_links":{"self":[{"href":"https:\/\/blogs.ua.es\/rogeliosanchisllorens\/wp-json\/wp\/v2\/pages\/2","targetHints":{"allow":["GET"]}}],"collection":[{"href":"https:\/\/blogs.ua.es\/rogeliosanchisllorens\/wp-json\/wp\/v2\/pages"}],"about":[{"href":"https:\/\/blogs.ua.es\/rogeliosanchisllorens\/wp-json\/wp\/v2\/types\/page"}],"author":[{"embeddable":true,"href":"https:\/\/blogs.ua.es\/rogeliosanchisllorens\/wp-json\/wp\/v2\/users\/2839"}],"replies":[{"embeddable":true,"href":"https:\/\/blogs.ua.es\/rogeliosanchisllorens\/wp-json\/wp\/v2\/comments?post=2"}],"version-history":[{"count":6,"href":"https:\/\/blogs.ua.es\/rogeliosanchisllorens\/wp-json\/wp\/v2\/pages\/2\/revisions"}],"predecessor-version":[{"id":201,"href":"https:\/\/blogs.ua.es\/rogeliosanchisllorens\/wp-json\/wp\/v2\/pages\/2\/revisions\/201"}],"wp:attachment":[{"href":"https:\/\/blogs.ua.es\/rogeliosanchisllorens\/wp-json\/wp\/v2\/media?parent=2"}],"curies":[{"name":"wp","href":"https:\/\/api.w.org\/{rel}","templated":true}]}}