{"id":7,"date":"2012-11-16T12:07:28","date_gmt":"2012-11-16T12:07:28","guid":{"rendered":"https:\/\/blogs.ua.es\/rogeliosanchisllorens\/?page_id=7"},"modified":"2013-01-10T19:01:46","modified_gmt":"2013-01-10T19:01:46","slug":"presentacion","status":"publish","type":"page","link":"https:\/\/blogs.ua.es\/rogeliosanchisllorens\/presentacion\/","title":{"rendered":"Presentaci\u00f3n"},"content":{"rendered":"<p>Este blog ha sido creado como trabajo para la asignatura Fuentes y Documentos para la Historia, impartida en primero de grado en la Universidad de Alicante para los grados de Historia y Geograf\u00eda y Ordenaci\u00f3n del Territorio.<\/p>\n<p>Mediante \u00e9l queremos dar a conocer la figura de don Rogelio Sanchis Llor\u00e9ns, maestro y cronista alcoyano.<\/p>\n<p>A lo largo del blog dedicaremos diversas entradas a hablar sobre sus obras, la mayor\u00eda de ellas dedicadas a su ciudad.<\/p>\n<p>Esperamos que gracias a esta iniciativa pod\u00e1is conocer la figura de don Rogelio, y un poco m\u00e1s la historia de Alcoy.<\/p>\n<p>Mayte y Mar\u00eda<\/p>\n<p><a href=\"https:\/\/blogs.ua.es\/rogeliosanchisllorens\/files\/2012\/11\/logo-ua1.png\"><img loading=\"lazy\" decoding=\"async\" class=\"alignleft size-full wp-image-9\" src=\"https:\/\/blogs.ua.es\/rogeliosanchisllorens\/files\/2012\/11\/logo-ua1.png\" alt=\"Universidad de Alicante\" width=\"263\" height=\"45\" \/><\/a><\/p>\n","protected":false},"excerpt":{"rendered":"<p>Este blog ha sido creado como trabajo para la asignatura Fuentes y Documentos para la Historia, impartida en primero de grado en la Universidad de Alicante para los grados de Historia y Geograf\u00eda y Ordenaci\u00f3n del Territorio. Mediante \u00e9l queremos &hellip; <a href=\"https:\/\/blogs.ua.es\/rogeliosanchisllorens\/presentacion\/\">Continue reading <span class=\"meta-nav\">&rarr;<\/span><\/a><\/p>\n","protected":false},"author":2839,"featured_media":0,"parent":0,"menu_order":0,"comment_status":"open","ping_status":"open","template":"","meta":{"footnotes":""},"class_list":["post-7","page","type-page","status-publish","hentry"],"_links":{"self":[{"href":"https:\/\/blogs.ua.es\/rogeliosanchisllorens\/wp-json\/wp\/v2\/pages\/7","targetHints":{"allow":["GET"]}}],"collection":[{"href":"https:\/\/blogs.ua.es\/rogeliosanchisllorens\/wp-json\/wp\/v2\/pages"}],"about":[{"href":"https:\/\/blogs.ua.es\/rogeliosanchisllorens\/wp-json\/wp\/v2\/types\/page"}],"author":[{"embeddable":true,"href":"https:\/\/blogs.ua.es\/rogeliosanchisllorens\/wp-json\/wp\/v2\/users\/2839"}],"replies":[{"embeddable":true,"href":"https:\/\/blogs.ua.es\/rogeliosanchisllorens\/wp-json\/wp\/v2\/comments?post=7"}],"version-history":[{"count":3,"href":"https:\/\/blogs.ua.es\/rogeliosanchisllorens\/wp-json\/wp\/v2\/pages\/7\/revisions"}],"predecessor-version":[{"id":29,"href":"https:\/\/blogs.ua.es\/rogeliosanchisllorens\/wp-json\/wp\/v2\/pages\/7\/revisions\/29"}],"wp:attachment":[{"href":"https:\/\/blogs.ua.es\/rogeliosanchisllorens\/wp-json\/wp\/v2\/media?parent=7"}],"curies":[{"name":"wp","href":"https:\/\/api.w.org\/{rel}","templated":true}]}}