{"id":20,"date":"2009-03-05T15:23:41","date_gmt":"2009-03-05T14:23:41","guid":{"rendered":"https:\/\/blogs.ua.es\/rousseau\/?page_id=20"},"modified":"2009-03-17T11:11:00","modified_gmt":"2009-03-17T10:11:00","slug":"ilustracion","status":"publish","type":"page","link":"https:\/\/blogs.ua.es\/rousseau\/ilustracion\/","title":{"rendered":"Ilustracion"},"content":{"rendered":"<p>Se denomina <strong>Ilustraci\u00f3n<\/strong> o <strong>Siglo de las luces<\/strong> a la corriente intelectual de pensamiento que domin\u00f3 Europa y en especial Francia e Inglaterra (donde tuvo su expresi\u00f3n m\u00e1s en\u00e9rgica) durante casi todo el siglo XVIII y que abarca desde el Racionalismo y el Empirismo del siglo XVII hasta la <span class=\"mw-redirect\">Revoluci\u00f3n Industrial<\/span> del siglo XVIII, la <span class=\"mw-redirect\">Revoluci\u00f3n Francesa<\/span> y el Liberalismo. La expresi\u00f3n est\u00e9tica de este movimiento intelectual se denominar\u00e1 Neoclasicismo. Es un movimiento cultural que tuvo una gran influencia en los aspectos econ\u00f3mico, pol\u00edtico y social.<\/p>\n<p>Para entender correctamente el fen\u00f3meno de la Ilustraci\u00f3n hay que recurrir a sus fuentes de inspiraci\u00f3n fundamentales: la filosof\u00eda de Descartes -basada en la duda met\u00f3dica para admitir s\u00f3lo las verdades claras y evidentes- y la revoluci\u00f3n cient\u00edfica de Newton, apoyada en unas sencillas leyes generales de tipo f\u00edsico. Los ilustrados pensaban que estas leyes pod\u00edan ser descubiertas por el m\u00e9todo cartesiano y aplicadas universalmente al gobierno y a las sociedades humanas. Por ello, la \u00e9lite de esta \u00e9poca sent\u00eda enormes deseos de aprender y de ense\u00f1ar lo aprendido, siendo fundamental la labor desarrollada por <span class=\"mw-redirect\">Diderot<\/span> y <span class=\"mw-redirect\">D&#8217;Alembert<\/span> cuando publicaron la <em>Encyclop\u00e9die raison\u00e9e des Sciences et des Arts<\/em> entre 1751 y 1765, completada en 1764 con el <em>Dictionnaire philosophique<\/em>, de Voltaire.<\/p>\n<p>de Wikipedia<\/p>\n","protected":false},"excerpt":{"rendered":"<p>Se denomina Ilustraci\u00f3n o Siglo de las luces a la corriente intelectual de pensamiento que domin\u00f3 Europa y en especial Francia e Inglaterra (donde tuvo su expresi\u00f3n m\u00e1s en\u00e9rgica) durante casi todo el siglo XVIII y que abarca desde el Racionalismo y el Empirismo del siglo XVII hasta la Revoluci\u00f3n Industrial del siglo XVIII, la [&hellip;]<\/p>\n","protected":false},"author":1145,"featured_media":0,"parent":0,"menu_order":0,"comment_status":"open","ping_status":"open","template":"","meta":{"footnotes":""},"class_list":["post-20","page","type-page","status-publish","hentry"],"_links":{"self":[{"href":"https:\/\/blogs.ua.es\/rousseau\/wp-json\/wp\/v2\/pages\/20","targetHints":{"allow":["GET"]}}],"collection":[{"href":"https:\/\/blogs.ua.es\/rousseau\/wp-json\/wp\/v2\/pages"}],"about":[{"href":"https:\/\/blogs.ua.es\/rousseau\/wp-json\/wp\/v2\/types\/page"}],"author":[{"embeddable":true,"href":"https:\/\/blogs.ua.es\/rousseau\/wp-json\/wp\/v2\/users\/1145"}],"replies":[{"embeddable":true,"href":"https:\/\/blogs.ua.es\/rousseau\/wp-json\/wp\/v2\/comments?post=20"}],"version-history":[{"count":6,"href":"https:\/\/blogs.ua.es\/rousseau\/wp-json\/wp\/v2\/pages\/20\/revisions"}],"predecessor-version":[{"id":37,"href":"https:\/\/blogs.ua.es\/rousseau\/wp-json\/wp\/v2\/pages\/20\/revisions\/37"}],"wp:attachment":[{"href":"https:\/\/blogs.ua.es\/rousseau\/wp-json\/wp\/v2\/media?parent=20"}],"curies":[{"name":"wp","href":"https:\/\/api.w.org\/{rel}","templated":true}]}}