{"id":121,"date":"2012-10-05T14:34:14","date_gmt":"2012-10-05T14:34:14","guid":{"rendered":"https:\/\/blogs.ua.es\/rsefalicante\/?page_id=121"},"modified":"2017-09-27T12:16:55","modified_gmt":"2017-09-27T12:16:55","slug":"bienales-de-fisica","status":"publish","type":"page","link":"https:\/\/blogs.ua.es\/rsefalicante\/bienales-de-fisica\/","title":{"rendered":"Bienales"},"content":{"rendered":"<h3><span style=\"color: #ffffff\">g<\/span><\/h3>\n<h4><span style=\"color: #ffffff\">h<\/span><\/h4>\n<h4><strong><a href=\"http:\/\/www.bienalrsef2017.com\/bienalrsef17\/\"><span style=\"color: #0000ff\">XXXVI Reuni\u00f3n Bienal, Santiago de Compostela\u00a0(2017)<\/span><\/a><\/strong><\/h4>\n<h4><strong><a href=\"http:\/\/www.asturiascongresos.com\/noticias\/show\/presentacion-de-gijon-como-sede-de-la-reunion-bienal-de-la-rsef-2015\"><span style=\"color: #0000ff\">XXXV Reuni\u00f3n Bienal, Gij\u00f3n (2015)<\/span><\/a><\/strong><\/h4>\n<h4><strong><a href=\"http:\/\/www.bienalfisica2013.com\/\"><span style=\"color: #0000ff\">XXXIV Reuni\u00f3n Bienal, Valencia (2013)<\/span><\/a><\/strong><\/h4>\n<h4><strong><span style=\"color: #0000ff\"><a href=\"http:\/\/rsef2011.unican.es\/\"><span style=\"color: #0000ff\">XXXIII Reuni\u00f3n Bienal, Santander (2011)<\/span><\/a><\/span><\/strong><\/h4>\n<h4><strong><span style=\"color: #0000ff\"><a href=\"http:\/\/bienalfisica09.uclm.es\/\"><span style=\"color: #0000ff\">XXXII Reuni\u00f3n Bienal, Ciudad Real (2009)<\/span><\/a><\/span><\/strong><\/h4>\n<h4><strong><span style=\"color: #0000ff\"><a href=\"http:\/\/physica.ugr.es\/bienalgranada\/\"><span style=\"color: #0000ff\">XXXI Reuni\u00f3n Bienal, Granada (2007)<\/span><\/a><\/span><\/strong><\/h4>\n<h4><strong><span style=\"color: #0000ff\"><a href=\"http:\/\/bienalrsef.uvigo.es\/\"><span style=\"color: #0000ff\">XXX Reuni\u00f3n Bienal, Ourense (2005)<\/span><\/a><\/span><\/strong><\/h4>\n","protected":false},"excerpt":{"rendered":"<p>g h XXXVI Reuni\u00f3n Bienal, Santiago de Compostela\u00a0(2017) XXXV Reuni\u00f3n Bienal, Gij\u00f3n (2015) XXXIV Reuni\u00f3n Bienal, Valencia (2013) XXXIII Reuni\u00f3n Bienal, Santander (2011) XXXII Reuni\u00f3n Bienal, Ciudad Real (2009) XXXI Reuni\u00f3n Bienal, Granada (2007) XXX Reuni\u00f3n Bienal, Ourense (2005)<\/p>\n","protected":false},"author":1898,"featured_media":0,"parent":0,"menu_order":3,"comment_status":"closed","ping_status":"closed","template":"","meta":{"footnotes":""},"class_list":["post-121","page","type-page","status-publish","hentry"],"_links":{"self":[{"href":"https:\/\/blogs.ua.es\/rsefalicante\/wp-json\/wp\/v2\/pages\/121","targetHints":{"allow":["GET"]}}],"collection":[{"href":"https:\/\/blogs.ua.es\/rsefalicante\/wp-json\/wp\/v2\/pages"}],"about":[{"href":"https:\/\/blogs.ua.es\/rsefalicante\/wp-json\/wp\/v2\/types\/page"}],"author":[{"embeddable":true,"href":"https:\/\/blogs.ua.es\/rsefalicante\/wp-json\/wp\/v2\/users\/1898"}],"replies":[{"embeddable":true,"href":"https:\/\/blogs.ua.es\/rsefalicante\/wp-json\/wp\/v2\/comments?post=121"}],"version-history":[{"count":23,"href":"https:\/\/blogs.ua.es\/rsefalicante\/wp-json\/wp\/v2\/pages\/121\/revisions"}],"predecessor-version":[{"id":1274,"href":"https:\/\/blogs.ua.es\/rsefalicante\/wp-json\/wp\/v2\/pages\/121\/revisions\/1274"}],"wp:attachment":[{"href":"https:\/\/blogs.ua.es\/rsefalicante\/wp-json\/wp\/v2\/media?parent=121"}],"curies":[{"name":"wp","href":"https:\/\/api.w.org\/{rel}","templated":true}]}}