{"id":156,"date":"2010-10-05T19:04:50","date_gmt":"2010-10-05T19:04:50","guid":{"rendered":"https:\/\/blogs.ua.es\/rsefalicante\/?page_id=156"},"modified":"2017-02-05T11:26:13","modified_gmt":"2017-02-05T11:26:13","slug":"seccion-local","status":"publish","type":"page","link":"https:\/\/blogs.ua.es\/rsefalicante\/seccion-local\/","title":{"rendered":"Secci\u00f3n Local"},"content":{"rendered":"<p style=\"text-align: justify\">La Secci\u00f3n Local de Alicante de la Real Sociedad Espa\u00f1ola de F\u00edsica (RSEF) es un lugar de encuentro de los f\u00edsicos, profesores de F\u00edsica de los distintos niveles educativos, profesionales, investigadores y personas interesadas por la F\u00edsica de la provincia de Alicante.<\/p>\n<p style=\"text-align: justify\">La finalidad de la Secci\u00f3n Local de Alicante de la RSEF es reunir dentro de esta Real Sociedad a los socios de la RSEF de la provincia de Alicante, con objeto de impulsar el desarrollo de la F\u00edsica y estrechar la colaboraci\u00f3n y relaci\u00f3n entre los socios por su proximidad.<\/p>\n<p style=\"text-align: justify\">La Secci\u00f3n Local de Alicante de la RSEF est\u00e1 llamada a organizar diferentes actividades como sesiones cient\u00edficas, conferencias, coloquios, seminarios y cuantos actos consideren oportunos dirigidos prioritariamente a los socios de la misma.<\/p>\n<p style=\"text-align: justify\"><span style=\"color: #ffffff\">r<\/span><\/p>\n<h4><span style=\"color: #0000ff\"><a href=\"http:\/\/www.rsef.org\/index.php?option=com_content&amp;view=category&amp;id=32&amp;Itemid=128\"><span style=\"color: #0000ff\">Secciones Locales de la RSEF<\/span><\/a><\/span><\/h4>\n<p>&nbsp;<\/p>\n<h4><a href=\"https:\/\/rsef.es\/junta-de-gobierno-slalicante\"><span style=\"color: #0000ff\"><span style=\"color: #0000ff\">Secci\u00f3n Local de Alicante de la RSEF<\/span><\/span><\/a><\/h4>\n<p>&nbsp;<\/p>\n<table width=\"505\">\n<tbody>\n<tr>\n<td width=\"164\"><strong>\u00a0PRESIDENTA<\/strong><\/td>\n<td width=\"321\">MARIA DEL MAR S\u00c1NCHEZ L\u00d3PEZ<\/td>\n<\/tr>\n<tr>\n<td width=\"164\"><strong>\u00a0VICEPRESIDENTA<\/strong><\/td>\n<td width=\"321\">INMACULADA PASCUAL VILLALOBOS<\/td>\n<\/tr>\n<tr>\n<td width=\"164\"><strong>SECRETARIO-TESORERO<\/strong><\/td>\n<td width=\"321\">JORGE FRANC\u00c9S MONLLOR<\/td>\n<\/tr>\n<tr>\n<td width=\"164\"><strong>\u00a0VOCALES<\/strong><\/td>\n<td width=\"321\">MANUEL ALONSO S\u00c1NCHEZ<\/p>\n<p>CARLOS UNTIEDT LECUONA<\/p>\n<p>SERGI GALLEGO I RICO (Vocal Ex Presidente)<\/td>\n<\/tr>\n<tr>\n<td width=\"164\"><strong>\u00a0INFORMACI\u00d3N<\/strong><\/td>\n<td width=\"321\">FECHA DE CREACI\u00d3N: 25 de Junio de 2010<\/p>\n<p>RENOVACI\u00d3N: ENERO de 2017<\/td>\n<\/tr>\n<\/tbody>\n<\/table>\n<p><img loading=\"lazy\" decoding=\"async\" class=\"size-full wp-image-263 aligncenter\" src=\"https:\/\/blogs.ua.es\/rsefalicante\/files\/2010\/10\/RSEF_logo.gif\" alt=\"\" width=\"366\" height=\"118\" srcset=\"https:\/\/blogs.ua.es\/rsefalicante\/files\/2010\/10\/RSEF_logo.gif 366w, https:\/\/blogs.ua.es\/rsefalicante\/files\/2010\/10\/RSEF_logo-300x96.gif 300w\" sizes=\"auto, (max-width: 366px) 100vw, 366px\" \/><\/p>\n","protected":false},"excerpt":{"rendered":"<p>La Secci\u00f3n Local de Alicante de la Real Sociedad Espa\u00f1ola de F\u00edsica (RSEF) es un lugar de encuentro de los f\u00edsicos, profesores de F\u00edsica de los distintos niveles educativos, profesionales, investigadores y personas interesadas por la F\u00edsica de la provincia &hellip; <a href=\"https:\/\/blogs.ua.es\/rsefalicante\/seccion-local\/\">Continue reading <span class=\"meta-nav\">&rarr;<\/span><\/a><\/p>\n","protected":false},"author":1898,"featured_media":0,"parent":0,"menu_order":0,"comment_status":"closed","ping_status":"closed","template":"","meta":{"footnotes":""},"class_list":["post-156","page","type-page","status-publish","hentry"],"_links":{"self":[{"href":"https:\/\/blogs.ua.es\/rsefalicante\/wp-json\/wp\/v2\/pages\/156","targetHints":{"allow":["GET"]}}],"collection":[{"href":"https:\/\/blogs.ua.es\/rsefalicante\/wp-json\/wp\/v2\/pages"}],"about":[{"href":"https:\/\/blogs.ua.es\/rsefalicante\/wp-json\/wp\/v2\/types\/page"}],"author":[{"embeddable":true,"href":"https:\/\/blogs.ua.es\/rsefalicante\/wp-json\/wp\/v2\/users\/1898"}],"replies":[{"embeddable":true,"href":"https:\/\/blogs.ua.es\/rsefalicante\/wp-json\/wp\/v2\/comments?post=156"}],"version-history":[{"count":29,"href":"https:\/\/blogs.ua.es\/rsefalicante\/wp-json\/wp\/v2\/pages\/156\/revisions"}],"predecessor-version":[{"id":1191,"href":"https:\/\/blogs.ua.es\/rsefalicante\/wp-json\/wp\/v2\/pages\/156\/revisions\/1191"}],"wp:attachment":[{"href":"https:\/\/blogs.ua.es\/rsefalicante\/wp-json\/wp\/v2\/media?parent=156"}],"curies":[{"name":"wp","href":"https:\/\/api.w.org\/{rel}","templated":true}]}}