{"id":2,"date":"2010-10-26T06:34:22","date_gmt":"2010-10-26T06:34:22","guid":{"rendered":"https:\/\/blogs.ua.es\/rsefalicante\/?page_id=2"},"modified":"2018-03-05T19:02:26","modified_gmt":"2018-03-05T19:02:26","slug":"acerca-de","status":"publish","type":"page","link":"https:\/\/blogs.ua.es\/rsefalicante\/acerca-de\/","title":{"rendered":"Olimpiadas"},"content":{"rendered":"<p>&nbsp;<\/p>\n<h4><a href=\"https:\/\/rsef.es\/olimpiada-espanola-de-fisica\"><span style=\"color: #0000ff\"><span style=\"color: #0000ff\">Olimpiada Espa\u00f1ola de F\u00edsica<\/span><\/span><\/a><\/h4>\n<p>&nbsp;<\/p>\n<h4><a href=\"https:\/\/ciencias.ua.es\/es\/extension-universitaria\/centros-de-educacion-secundaria\/olimpiadas-cientificas\/2018\/olimpiada-de-fisica.html\"><span style=\"color: #0000ff\"><span style=\"color: #0000ff\">Fase Local de Alicante de la Olimpiada Espa\u00f1ola de F\u00edsica (UA)<\/span><\/span><\/a><\/h4>\n<p>&nbsp;<\/p>\n<h4><a href=\"http:\/\/mireumh.edu.umh.es\/es\/disfruta-de-actividades-en-nuestro-campus\/olimpiadas-y-certamenes\/\"><span style=\"color: #0000ff\">Fase Local de Alicante de la Olimpiada Espa\u00f1ola de F\u00edsica (UMH)<\/span><\/a><\/h4>\n<p>&nbsp;<\/p>\n<h4><a href=\"https:\/\/es.wikipedia.org\/wiki\/Olimpiada_Iberoamericana_de_F%C3%ADsica\"><span style=\"color: #0000ff\"><span style=\"color: #0000ff\">Olimpiada Iberoamericana de F\u00edsica<\/span><\/span><\/a><\/h4>\n<p>&nbsp;<\/p>\n<h4><a href=\"http:\/\/ipho2014.kz\/index\"><span style=\"color: #0000ff\"><span style=\"color: #0000ff\">Olimpiada Internacional de F\u00edsica<\/span><\/span><\/a><\/h4>\n<p>&nbsp;<\/p>\n<p style=\"text-align: center\"><img loading=\"lazy\" decoding=\"async\" class=\"size-full wp-image-177 aligncenter\" src=\"https:\/\/blogs.ua.es\/rsefalicante\/files\/2010\/10\/OEF.jpg\" alt=\"\" width=\"200\" height=\"208\" \/><\/p>\n<p>&nbsp;<\/p>\n","protected":false},"excerpt":{"rendered":"<p>&nbsp; Olimpiada Espa\u00f1ola de F\u00edsica &nbsp; Fase Local de Alicante de la Olimpiada Espa\u00f1ola de F\u00edsica (UA) &nbsp; Fase Local de Alicante de la Olimpiada Espa\u00f1ola de F\u00edsica (UMH) &nbsp; Olimpiada Iberoamericana de F\u00edsica &nbsp; Olimpiada Internacional de F\u00edsica &nbsp; &hellip; <a href=\"https:\/\/blogs.ua.es\/rsefalicante\/acerca-de\/\">Continue reading <span class=\"meta-nav\">&rarr;<\/span><\/a><\/p>\n","protected":false},"author":1898,"featured_media":0,"parent":0,"menu_order":2,"comment_status":"closed","ping_status":"closed","template":"","meta":{"footnotes":""},"class_list":["post-2","page","type-page","status-publish","hentry"],"_links":{"self":[{"href":"https:\/\/blogs.ua.es\/rsefalicante\/wp-json\/wp\/v2\/pages\/2","targetHints":{"allow":["GET"]}}],"collection":[{"href":"https:\/\/blogs.ua.es\/rsefalicante\/wp-json\/wp\/v2\/pages"}],"about":[{"href":"https:\/\/blogs.ua.es\/rsefalicante\/wp-json\/wp\/v2\/types\/page"}],"author":[{"embeddable":true,"href":"https:\/\/blogs.ua.es\/rsefalicante\/wp-json\/wp\/v2\/users\/1898"}],"replies":[{"embeddable":true,"href":"https:\/\/blogs.ua.es\/rsefalicante\/wp-json\/wp\/v2\/comments?post=2"}],"version-history":[{"count":33,"href":"https:\/\/blogs.ua.es\/rsefalicante\/wp-json\/wp\/v2\/pages\/2\/revisions"}],"predecessor-version":[{"id":1354,"href":"https:\/\/blogs.ua.es\/rsefalicante\/wp-json\/wp\/v2\/pages\/2\/revisions\/1354"}],"wp:attachment":[{"href":"https:\/\/blogs.ua.es\/rsefalicante\/wp-json\/wp\/v2\/media?parent=2"}],"curies":[{"name":"wp","href":"https:\/\/api.w.org\/{rel}","templated":true}]}}