{"id":206,"date":"2011-01-16T01:33:15","date_gmt":"2011-01-16T01:33:15","guid":{"rendered":"https:\/\/blogs.ua.es\/rutascomercialesmodernas\/"},"modified":"2011-01-16T01:33:50","modified_gmt":"2011-01-16T01:33:50","slug":"justificacion","status":"publish","type":"page","link":"https:\/\/blogs.ua.es\/rutascomercialesmodernas\/justificacion\/","title":{"rendered":"Bienvenida"},"content":{"rendered":"<p style=\"text-align: justify\">El presente blog nace como la parte pr\u00e1ctica de la\u00a0 asignatura &#8220;Historia Moderna de Espa\u00f1a&#8221; del 2\u00ba Ciclo de la Licenciatura de Humanidades y tiene como finalidad el estudio de las rutas comerciales de primer orden en la edad moderna.<\/p>\n<p style=\"text-align: justify\">A trav\u00e9s de estas p\u00e1ginas, el lector tendr\u00e1 la oportunidad de embarcarse en un viaje lleno de peligros y riquezas, codicia y valor, guerras y alianzas, y todo ello enmarcado en su mayor\u00eda por el contexto hist\u00f3rico de finales del siglo XV y la totalidad del siglo XVI.\u00a0 Aprovecharemos los conocimientos recibidos en el aula para intentar explicar las decisiones de los Reyes Cat\u00f3licos, Carlos I y Felipe II en lo referente a su pol\u00edtica de exteriores.<\/p>\n<p style=\"text-align: justify\">Espero que les agrade el resultado de mi peque\u00f1a investigaci\u00f3n y compartan conmigo sus puntos de vista e inquietudes.<\/p>\n<p style=\"text-align: justify\">Atentamente<\/p>\n<p style=\"text-align: justify\">\u00a0Miguel Angel Tafalla Irles<\/p>\n","protected":false},"excerpt":{"rendered":"<p>El presente blog nace como la parte pr\u00e1ctica de la\u00a0 asignatura &#8220;Historia Moderna de Espa\u00f1a&#8221; del 2\u00ba Ciclo de la Licenciatura de Humanidades y tiene como finalidad el estudio de las rutas comerciales de primer orden en la edad moderna. A trav\u00e9s de estas p\u00e1ginas, el lector tendr\u00e1 la oportunidad de embarcarse en un viaje [&hellip;]<\/p>\n","protected":false},"author":1860,"featured_media":0,"parent":0,"menu_order":0,"comment_status":"open","ping_status":"open","template":"","meta":{"footnotes":""},"class_list":["post-206","page","type-page","status-publish","hentry"],"_links":{"self":[{"href":"https:\/\/blogs.ua.es\/rutascomercialesmodernas\/wp-json\/wp\/v2\/pages\/206","targetHints":{"allow":["GET"]}}],"collection":[{"href":"https:\/\/blogs.ua.es\/rutascomercialesmodernas\/wp-json\/wp\/v2\/pages"}],"about":[{"href":"https:\/\/blogs.ua.es\/rutascomercialesmodernas\/wp-json\/wp\/v2\/types\/page"}],"author":[{"embeddable":true,"href":"https:\/\/blogs.ua.es\/rutascomercialesmodernas\/wp-json\/wp\/v2\/users\/1860"}],"replies":[{"embeddable":true,"href":"https:\/\/blogs.ua.es\/rutascomercialesmodernas\/wp-json\/wp\/v2\/comments?post=206"}],"version-history":[{"count":2,"href":"https:\/\/blogs.ua.es\/rutascomercialesmodernas\/wp-json\/wp\/v2\/pages\/206\/revisions"}],"predecessor-version":[{"id":209,"href":"https:\/\/blogs.ua.es\/rutascomercialesmodernas\/wp-json\/wp\/v2\/pages\/206\/revisions\/209"}],"wp:attachment":[{"href":"https:\/\/blogs.ua.es\/rutascomercialesmodernas\/wp-json\/wp\/v2\/media?parent=206"}],"curies":[{"name":"wp","href":"https:\/\/api.w.org\/{rel}","templated":true}]}}