{"id":210,"date":"2011-01-16T02:27:11","date_gmt":"2011-01-16T02:27:11","guid":{"rendered":"https:\/\/blogs.ua.es\/rutascomercialesmodernas\/"},"modified":"2011-01-17T00:47:50","modified_gmt":"2011-01-17T00:47:50","slug":"bibliografia","status":"publish","type":"page","link":"https:\/\/blogs.ua.es\/rutascomercialesmodernas\/bibliografia\/","title":{"rendered":"Bibliograf\u00eda"},"content":{"rendered":"<p style=\"text-align: justify\">Aqu\u00ed os dejo los lugares donde he tenido a bien adentrarme para completar este proyecto. Mi m\u00e1s sincera agradecimiento a los autores de libros, comentarios, p\u00e1ginas webs y blogs.<\/p>\n<p style=\"text-align: justify\"><strong><span style=\"text-decoration: underline\">Libros de Consulta<\/span><\/strong>:<\/p>\n<p style=\"text-align: justify\">\u00a0<\/p>\n<ul>\n<li>\n<div style=\"text-align: justify\">Historia del mundo. Edad Moderna\u00a0 Eduardo Ibarra Rodriguez (1940)<\/div>\n<\/li>\n<li>\n<div style=\"text-align: justify\">Naves, puertos e itinerarios mar\u00edtimos en la \u00e9poca moderna. Jose Luis Casado Soto<\/div>\n<\/li>\n<li>\n<div style=\"text-align: justify\">\u00a0Pirater\u00edas y agresiones de los ingleses y de otros pueblos de Europa en la Am\u00e9rica Espa\u00f1ola desde el siglo\u00a0XVI al XVIII. D. Justo Zaragoza y titulado (1883)<\/div>\n<\/li>\n<li>\n<div style=\"text-align: justify\">La Sociedad espa\u00f1ola en la edad moderna. Antonio Dom\u00ednguez Ortiz<\/div>\n<\/li>\n<li>\n<div style=\"text-align: justify\">Diccionario de historia moderna. Enrique Mart\u00ednez Ruiz<\/div>\n<\/li>\n<li>\n<div style=\"text-align: justify\">Apuntes asignatura H\u00aa Moderna de Espa\u00f1a. Antonio Carrasco Rodriguez<\/div>\n<\/li>\n<li>\n<div style=\"text-align: justify\">Atlas de los Imperios. Gerard Chaliand<\/div>\n<\/li>\n<li>\n<div style=\"text-align: justify\">Atlas de historia de Espa\u00f1a. Fernando Garcia de Cort\u00e1zar<\/div>\n<\/li>\n<li>\n<div style=\"text-align: justify\">H\u00aa Moderna de Espa\u00f1a. Manuel Tu\u00f1\u00f3n de Lara<\/div>\n<\/li>\n<li>\n<div style=\"text-align: justify\">Los inicios de la Europa moderna. \u00a0Dulmen Richard Van<\/div>\n<\/li>\n<li>\n<div style=\"text-align: justify\">Atlas de historia Universal y de Espa\u00f1a. Juan Roig Obiol<\/div>\n<\/li>\n<li>\n<div style=\"text-align: justify\">Las grandes rutas del comercio. Jean Duch\u00e9 (1970)<\/div>\n<\/li>\n<li>\n<div style=\"text-align: justify\">Atlas hist\u00f3rico mundial. Herman Kinder<\/div>\n<\/li>\n<\/ul>\n<p style=\"text-align: justify\">\u00a0<strong><span style=\"text-decoration: underline\">P\u00e1ginas webs consultadas<\/span><\/strong>:<\/p>\n<p style=\"text-align: justify\"><span style=\"color: #000000\">\u00a0<\/span><\/p>\n<ul>\n<li>\n<div style=\"text-align: justify\"><span style=\"color: #000000\">http:\/\/rutaslegendarias.blogspot.com<\/span><\/div>\n<\/li>\n<li>\n<div style=\"text-align: justify\"><span style=\"color: #000000\">http:\/\/socialesbac.wordpress.com\/la-propiedad-tributos-y-mundo-indigena\/<\/span><\/div>\n<\/li>\n<li>\n<div style=\"text-align: justify\"><span style=\"color: #000000\">http:\/\/www.artehistoria.jcyl.es<\/span><\/div>\n<\/li>\n<li>\n<div style=\"text-align: justify\"><span style=\"color: #000000\">http:\/\/www.terra.es\/personal7\/jqvaraderey\/spanish.htm<\/span><\/div>\n<\/li>\n<li>\n<div style=\"text-align: justify\"><span style=\"color: #000000\">http:\/\/www.portalplanetasedna.com.ar\/edad_moderna.htm<\/span><\/div>\n<\/li>\n<li>\n<div style=\"text-align: justify\"><span style=\"color: #000000\">http:\/\/www.fortunecity.es\/imaginapoder\/humanidades\/587\/moderna.htm<\/span><\/div>\n<\/li>\n<li>\n<div style=\"text-align: justify\"><span style=\"color: #000000\">http:\/\/www.geohistoarteducativa.org\/rutedad.htm<\/span><\/div>\n<\/li>\n<li>\n<div style=\"text-align: justify\"><span style=\"color: #000000\">http:\/\/mgar.net\/var\/com_16.htm<\/span><\/div>\n<\/li>\n<li>\n<div style=\"text-align: justify\"><span style=\"color: #000000\">http:\/\/usuarios.multimania.es\/geografia\/comercio.htm<\/span><\/div>\n<\/li>\n<li>\n<div style=\"text-align: justify\"><span style=\"color: #000000\">http:\/\/web.educastur.princast.es\/proyectos\/jimena\/pj_isabelan\/doc\/XVII.htm<\/span><\/div>\n<\/li>\n<li>\n<div style=\"text-align: justify\"><span style=\"color: #000000\">http:\/\/html.rincondelvago.com<\/span><\/div>\n<\/li>\n<li>\n<div style=\"text-align: justify\"><span style=\"color: #000000\">http:\/\/historiaeconomicamoderna.blogspot.com\/2010\/01\/comercio.html<\/span><\/div>\n<\/li>\n<li>\n<div style=\"text-align: justify\"><span style=\"color: #000000\">http:\/\/www.educahistoria.com\/javierosset\/documentos\/Edad%20Moderna.pdf<\/span><\/div>\n<\/li>\n<li>\n<div style=\"text-align: justify\"><span style=\"color: #000000\">http:\/\/es.wikipedia.org\/wiki\/Wikipedia:Portada<\/span><\/div>\n<\/li>\n<li>\n<div style=\"text-align: justify\"><span style=\"color: #000000\">http:\/\/historia.mforos.com\/725447\/5199805-la-ruta-de-la-seda\/<\/span><\/div>\n<\/li>\n<li>\n<div style=\"text-align: justify\"><span style=\"color: #000000\">http:\/\/sepiensa.org.mx\/contenidos\/historia_mundo\/moderna\/exploracion\/rutas\/ruta.htm<\/span><\/div>\n<\/li>\n<li>\n<div style=\"text-align: justify\"><span style=\"color: #000000\">http:\/\/www.angelfire.com\/ma\/deutsch120\/ELCANO.htm<\/span><\/div>\n<\/li>\n<li>\n<div style=\"text-align: justify\"><span style=\"color: #000000\">http:\/\/recursostic.educacion.es\/kairos\/web\/temas\/Intercambios\/intercambios3_0101.html<\/span><\/div>\n<\/li>\n<li>\n<div style=\"text-align: justify\"><span style=\"color: #000000\">http:\/\/www.historiasiglo20.org\/enlaces\/mapas.htm<\/span><\/div>\n<\/li>\n<li>\n<div style=\"text-align: justify\"><span style=\"color: #000000\">http:\/\/www.youtube.com\/watch?v=z_TLUX6qy30<\/span><\/div>\n<\/li>\n<\/ul>\n<p style=\"text-align: justify\"><span style=\"color: #000000\"><strong><\/strong><\/span><\/p>\n<p style=\"text-align: justify\"><span style=\"color: #000000\"><strong><span style=\"text-decoration: underline\">Recursos Multimedia<\/span><\/strong>:<\/span><\/p>\n<p style=\"text-align: justify\"><span style=\"color: #000000\">\u00a0<\/span><\/p>\n<ul>\n<li>\n<div style=\"text-align: justify\"><span style=\"color: #000000\">Atlas Hist\u00f3rico Multimedia. Mediasat Group<\/span><\/div>\n<\/li>\n<li>\n<div style=\"text-align: justify\"><span style=\"color: #000000\">Atlas Hist\u00f3rico. Mediasat Espa\u00f1a<\/span><\/div>\n<\/li>\n<li>\n<div style=\"text-align: justify\"><span style=\"color: #000000\">Colecci\u00f3n de cartograf\u00eda hist\u00f3rica. Junta de Andalucia<\/span><\/div>\n<\/li>\n<\/ul>\n<p style=\"text-align: justify\"><span style=\"color: #000000\">\u00a0<\/span><\/p>\n<p style=\"text-align: justify\"><span style=\"color: #000000\">\u00a0<\/span><\/p>\n","protected":false},"excerpt":{"rendered":"<p>Aqu\u00ed os dejo los lugares donde he tenido a bien adentrarme para completar este proyecto. Mi m\u00e1s sincera agradecimiento a los autores de libros, comentarios, p\u00e1ginas webs y blogs. Libros de Consulta: \u00a0 Historia del mundo. Edad Moderna\u00a0 Eduardo Ibarra Rodriguez (1940) Naves, puertos e itinerarios mar\u00edtimos en la \u00e9poca moderna. Jose Luis Casado Soto [&hellip;]<\/p>\n","protected":false},"author":1860,"featured_media":0,"parent":0,"menu_order":0,"comment_status":"open","ping_status":"open","template":"","meta":{"footnotes":""},"class_list":["post-210","page","type-page","status-publish","hentry"],"_links":{"self":[{"href":"https:\/\/blogs.ua.es\/rutascomercialesmodernas\/wp-json\/wp\/v2\/pages\/210","targetHints":{"allow":["GET"]}}],"collection":[{"href":"https:\/\/blogs.ua.es\/rutascomercialesmodernas\/wp-json\/wp\/v2\/pages"}],"about":[{"href":"https:\/\/blogs.ua.es\/rutascomercialesmodernas\/wp-json\/wp\/v2\/types\/page"}],"author":[{"embeddable":true,"href":"https:\/\/blogs.ua.es\/rutascomercialesmodernas\/wp-json\/wp\/v2\/users\/1860"}],"replies":[{"embeddable":true,"href":"https:\/\/blogs.ua.es\/rutascomercialesmodernas\/wp-json\/wp\/v2\/comments?post=210"}],"version-history":[{"count":5,"href":"https:\/\/blogs.ua.es\/rutascomercialesmodernas\/wp-json\/wp\/v2\/pages\/210\/revisions"}],"predecessor-version":[{"id":228,"href":"https:\/\/blogs.ua.es\/rutascomercialesmodernas\/wp-json\/wp\/v2\/pages\/210\/revisions\/228"}],"wp:attachment":[{"href":"https:\/\/blogs.ua.es\/rutascomercialesmodernas\/wp-json\/wp\/v2\/media?parent=210"}],"curies":[{"name":"wp","href":"https:\/\/api.w.org\/{rel}","templated":true}]}}