{"id":116,"date":"2012-01-10T09:24:20","date_gmt":"2012-01-10T08:24:20","guid":{"rendered":"https:\/\/blogs.ua.es\/sanidadprovinciadealicante\/?page_id=116"},"modified":"2012-01-12T13:11:52","modified_gmt":"2012-01-12T12:11:52","slug":"metodologia","status":"publish","type":"page","link":"https:\/\/blogs.ua.es\/sanidadprovinciadealicante\/metodologia\/","title":{"rendered":"Metodolog\u00eda"},"content":{"rendered":"<p>El procedimiento\u00a0que hemos seguido para\u00a0hacer posible\u00a0este blog, para\u00a0facilitar\u00a0la busqueda de informaci\u00f3n\u00a0cualquier persona que pueda estar interesada en la demograf\u00eda y la salud p\u00fablica del Alicante moderno y contempor\u00e1neo, hemos realizado una laboriasa busqueda para recopilar toda la informaci\u00f3n expuesta. Las fuentes que hemos utilizado\u00a0se pueden dividir en dos tipos: las f\u00edsicas y las fuentes o recursos electr\u00f3nicas. \u00a0Las primeras, las fuentes f\u00edsicas, tales como libros y revistas, han sido posibles gracias a la gran variedad disponible en las bibliotecas de nuestra universidad. Por otro lado, para los recursos electr\u00f3nicos hemos recurrido a distintas fuentes tales como numerosas p\u00e1ginas web que hemos leido con cuidado paraintentar hacer la mejor s\u00edntesis de informaci\u00f3n que nos ha sido posible en el tiempo disponible, viendo la inmensa cantidad de informaci\u00f3n que hay en la red.\u00a0Aparte de estas p\u00e1ginas hemos recurrido a fuentes como la Biblioteca Virtual Miguel de Cervantes y el RUA.<\/p>\n","protected":false},"excerpt":{"rendered":"<p>El procedimiento\u00a0que hemos seguido para\u00a0hacer posible\u00a0este blog, para\u00a0facilitar\u00a0la busqueda de informaci\u00f3n\u00a0cualquier persona que pueda estar interesada en la demograf\u00eda y la salud p\u00fablica del Alicante moderno y contempor\u00e1neo, hemos realizado una laboriasa busqueda para recopilar toda la informaci\u00f3n expuesta. Las &hellip; <a href=\"https:\/\/blogs.ua.es\/sanidadprovinciadealicante\/metodologia\/\">Continue reading <span class=\"meta-nav\">&rarr;<\/span><\/a><\/p>\n","protected":false},"author":2376,"featured_media":0,"parent":0,"menu_order":4,"comment_status":"open","ping_status":"open","template":"","meta":{"footnotes":""},"class_list":["post-116","page","type-page","status-publish","hentry"],"_links":{"self":[{"href":"https:\/\/blogs.ua.es\/sanidadprovinciadealicante\/wp-json\/wp\/v2\/pages\/116","targetHints":{"allow":["GET"]}}],"collection":[{"href":"https:\/\/blogs.ua.es\/sanidadprovinciadealicante\/wp-json\/wp\/v2\/pages"}],"about":[{"href":"https:\/\/blogs.ua.es\/sanidadprovinciadealicante\/wp-json\/wp\/v2\/types\/page"}],"author":[{"embeddable":true,"href":"https:\/\/blogs.ua.es\/sanidadprovinciadealicante\/wp-json\/wp\/v2\/users\/2376"}],"replies":[{"embeddable":true,"href":"https:\/\/blogs.ua.es\/sanidadprovinciadealicante\/wp-json\/wp\/v2\/comments?post=116"}],"version-history":[{"count":10,"href":"https:\/\/blogs.ua.es\/sanidadprovinciadealicante\/wp-json\/wp\/v2\/pages\/116\/revisions"}],"predecessor-version":[{"id":131,"href":"https:\/\/blogs.ua.es\/sanidadprovinciadealicante\/wp-json\/wp\/v2\/pages\/116\/revisions\/131"}],"wp:attachment":[{"href":"https:\/\/blogs.ua.es\/sanidadprovinciadealicante\/wp-json\/wp\/v2\/media?parent=116"}],"curies":[{"name":"wp","href":"https:\/\/api.w.org\/{rel}","templated":true}]}}