{"id":13,"date":"2011-11-18T18:03:47","date_gmt":"2011-11-18T18:03:47","guid":{"rendered":"https:\/\/blogs.ua.es\/sanidadprovinciadealicante\/?page_id=13"},"modified":"2012-01-10T21:51:37","modified_gmt":"2012-01-10T20:51:37","slug":"presentacion","status":"publish","type":"page","link":"https:\/\/blogs.ua.es\/sanidadprovinciadealicante\/presentacion\/","title":{"rendered":"Presentaci\u00f3n"},"content":{"rendered":"<p>En este blog proporcionaremos informaci\u00f3n sobre diferentes aspectos de la demograf\u00eda y la salud p\u00fablica\u00a0en la provincia de Alicante\u00a0de la Edad Moderna y Contempor\u00e1nea. Esperamos que\u00a0dicha informaci\u00f3n pueda serles\u00a0de gran ayuda.<\/p>\n<p>Para cualquier consulta no duden en dejar sus comentarios\u00a0y\u00a0estaremos encantados de\u00a0resolv\u00e9rselas.<\/p>\n<p>Los autores : Stanislav Tsvetanov Stanev &amp; Miguel \u00c1ngel Hueso Garc\u00eda<\/p>\n<p>&nbsp;<\/p>\n<p>&nbsp;<\/p>\n","protected":false},"excerpt":{"rendered":"<p>En este blog proporcionaremos informaci\u00f3n sobre diferentes aspectos de la demograf\u00eda y la salud p\u00fablica\u00a0en la provincia de Alicante\u00a0de la Edad Moderna y Contempor\u00e1nea. Esperamos que\u00a0dicha informaci\u00f3n pueda serles\u00a0de gran ayuda. Para cualquier consulta no duden en dejar sus comentarios\u00a0y\u00a0estaremos &hellip; <a href=\"https:\/\/blogs.ua.es\/sanidadprovinciadealicante\/presentacion\/\">Continue reading <span class=\"meta-nav\">&rarr;<\/span><\/a><\/p>\n","protected":false},"author":2376,"featured_media":0,"parent":0,"menu_order":1,"comment_status":"open","ping_status":"open","template":"","meta":{"footnotes":""},"class_list":["post-13","page","type-page","status-publish","hentry"],"_links":{"self":[{"href":"https:\/\/blogs.ua.es\/sanidadprovinciadealicante\/wp-json\/wp\/v2\/pages\/13","targetHints":{"allow":["GET"]}}],"collection":[{"href":"https:\/\/blogs.ua.es\/sanidadprovinciadealicante\/wp-json\/wp\/v2\/pages"}],"about":[{"href":"https:\/\/blogs.ua.es\/sanidadprovinciadealicante\/wp-json\/wp\/v2\/types\/page"}],"author":[{"embeddable":true,"href":"https:\/\/blogs.ua.es\/sanidadprovinciadealicante\/wp-json\/wp\/v2\/users\/2376"}],"replies":[{"embeddable":true,"href":"https:\/\/blogs.ua.es\/sanidadprovinciadealicante\/wp-json\/wp\/v2\/comments?post=13"}],"version-history":[{"count":12,"href":"https:\/\/blogs.ua.es\/sanidadprovinciadealicante\/wp-json\/wp\/v2\/pages\/13\/revisions"}],"predecessor-version":[{"id":170,"href":"https:\/\/blogs.ua.es\/sanidadprovinciadealicante\/wp-json\/wp\/v2\/pages\/13\/revisions\/170"}],"wp:attachment":[{"href":"https:\/\/blogs.ua.es\/sanidadprovinciadealicante\/wp-json\/wp\/v2\/media?parent=13"}],"curies":[{"name":"wp","href":"https:\/\/api.w.org\/{rel}","templated":true}]}}