{"id":4,"date":"2013-11-15T11:48:42","date_gmt":"2013-11-15T11:48:42","guid":{"rendered":"https:\/\/blogs.ua.es\/sanjuan1\/?page_id=4"},"modified":"2013-11-15T11:48:42","modified_gmt":"2013-11-15T11:48:42","slug":"presentacion","status":"publish","type":"page","link":"https:\/\/blogs.ua.es\/sanjuan1\/presentacion\/","title":{"rendered":"Presentaci\u00f3n"},"content":{"rendered":"<p>Hola, somos <strong>Agust\u00edn Abell\u00e1n Heredia<\/strong> y <strong>\u00c1lvaro Mesas Ramos.\u00a0<\/strong>Estamos cursando primer cuso del grado de Histroria en la <a title=\"Universidad de Alicante\" href=\"http:\/\/www.ua.es\">Universidad de Alicante <\/a>. Presentamos este trabajo de escrituras expuestas de la poblaci\u00f3n de San Juan para la asignatura de<em> Fuentes y Documentos para la Historia.\u00a0<\/em>Nosotros nos centraremos en la exposici\u00f3n de carteles y pancartas (sociales y pol\u00edticas) , inscripciones y placas en recintos religiosos y publicidad fija.<\/p>\n","protected":false},"excerpt":{"rendered":"<p>Hola, somos Agust\u00edn Abell\u00e1n Heredia y \u00c1lvaro Mesas Ramos.\u00a0Estamos cursando primer cuso del grado de Histroria en la Universidad de Alicante . Presentamos este trabajo de escrituras expuestas de la poblaci\u00f3n de San Juan para la asignatura de Fuentes y Documentos para la Historia.\u00a0Nosotros nos centraremos en la exposici\u00f3n de carteles y pancartas (sociales y [&hellip;]<\/p>\n","protected":false},"author":3311,"featured_media":0,"parent":0,"menu_order":0,"comment_status":"open","ping_status":"open","template":"","meta":{"footnotes":""},"class_list":["post-4","page","type-page","status-publish","hentry"],"_links":{"self":[{"href":"https:\/\/blogs.ua.es\/sanjuan1\/wp-json\/wp\/v2\/pages\/4","targetHints":{"allow":["GET"]}}],"collection":[{"href":"https:\/\/blogs.ua.es\/sanjuan1\/wp-json\/wp\/v2\/pages"}],"about":[{"href":"https:\/\/blogs.ua.es\/sanjuan1\/wp-json\/wp\/v2\/types\/page"}],"author":[{"embeddable":true,"href":"https:\/\/blogs.ua.es\/sanjuan1\/wp-json\/wp\/v2\/users\/3311"}],"replies":[{"embeddable":true,"href":"https:\/\/blogs.ua.es\/sanjuan1\/wp-json\/wp\/v2\/comments?post=4"}],"version-history":[{"count":1,"href":"https:\/\/blogs.ua.es\/sanjuan1\/wp-json\/wp\/v2\/pages\/4\/revisions"}],"predecessor-version":[{"id":5,"href":"https:\/\/blogs.ua.es\/sanjuan1\/wp-json\/wp\/v2\/pages\/4\/revisions\/5"}],"wp:attachment":[{"href":"https:\/\/blogs.ua.es\/sanjuan1\/wp-json\/wp\/v2\/media?parent=4"}],"curies":[{"name":"wp","href":"https:\/\/api.w.org\/{rel}","templated":true}]}}